{"id":10334,"date":"2015-09-03T16:07:32","date_gmt":"2015-09-03T16:07:32","guid":{"rendered":"https:\/\/www.thepornlist.net\/de\/premium-paysites\/alljapanesepass\/"},"modified":"2019-06-21T12:21:14","modified_gmt":"2019-06-21T12:21:14","slug":"alljapanesepass","status":"publish","type":"page","link":"https:\/\/www.thepornlist.net\/de\/premium-paysites\/alljapanesepass\/","title":{"rendered":"Alljapanesepass"},"content":{"rendered":"<div class=\"pb\">\n<div class=\"hd\">\n<a href=\"https:\/\/www.thepornlist.net\/de\/\" base target=\"_self\">Zur\u00fcck zur Startseite<\/a>\n<\/div>\n<div class=\"hd2\">\n<span style=\"font-style:normal;font-weight:bold;\">Seitenbewertung<\/span>\n<\/div>\n<\/div>\n<div style=\"width:100%; margin-left:auto; margin-right:auto; clear:both;z-index:1; padding-top:5px; border-radius: 2px;\">\n<div class=\"reviewimg\">\n<p><a href=\"https:\/\/join.alljapanesepass.com\/track\/MzUxOC4xMS43LjcuMC4wLjAuMC4w\" base target=\"_self\"><img decoding=\"async\" src=\"https:\/\/www.thepornlist.net\/wp-content\/uploads\/2015\/review\/alljapanesepass.jpg\" width=\"500\" height=\"500\" alt=\"Porn Tube\"><\/a><\/p>\n<\/div>\n<div class=\"reviewtitle\">\n<h1 style=\"font-family:Arial;font-size:56px;font-style:normal;font-weight:bold;color:#FF1F78;\">alljapanesepass<\/h1>\n<\/div>\n<div class=\"reviewsub\">\n<h2 style=\"font-size:14px;font-style:normal;font-weight:bold;\">alljapanesepass.com<\/H2>\n<\/div>\n<div class=\"reviewtext\">\n<span style=\"font-size:16px;font-style:normal;\">Ich stand schon immer auf asiatische Frauen und ich habe daraus nie ein Geheimnis gemacht. Ich bin mir sicher, dass die H\u00e4lfte dieses Planeten eine versteckte Leidenschaft f\u00fcr diese Frauen hat und darum entstanden Orte wie AllJapanesePass.com. <\/br><\/p>\n<p>Willkommen bei  AllJapanesePass \u2013 24 Seiten mit nur einer VIP Eintrittskarte. Diese Porno Webseite hat schon einen Award gewonnen und alles, was sie hosten ist in HD. Sie haben t\u00e4gliche Updates und ich glaube, dass es in diesem Zeitalter nutzlos ist zu sagen, dass sie auch einen Support f\u00fcr mobile Endger\u00e4te bieten. <\/br><\/p>\n<p>Du wirst Videos, Bilder und DVDs bekommen. Nichts ist kostenlos, nicht mal die Bilder. Wenn du versuchen wirst eines zu vergr\u00f6\u00dfern, wirst du zur Anmeldeseite weitergeleitet. Keine Sorge, sie haben einen 3t\u00e4gigen Testzugang f\u00fcr nur 1 Dollar \u2013 also wirst du herausfinden k\u00f6nnen was dich hier erwartet bevor du dich zu andern Arten der Mitgliedschaft entschlie\u00dft. Es gibt kein DRM in ihren Filmen, was bedeutet, dass du sie f\u00fcr immer genie\u00dfen kannst. Wie ich schon sagte, sie haben regelm\u00e4\u00dfige Updates und du kannst zu jedem Zeitpunkt deine Mitgliedschaft k\u00fcndigen. <\/br><\/p>\n<p>Unter den Kategorien wirst du Optionen wie Amateur, gro\u00dfe Titten, \u00f6ffentlicher Sex, rasierte Muschi und viele andere finden.<br \/>\n<\/span>\n<\/div>\n<div class=\"reviewsiteurl\">\n<a href=\"https:\/\/join.alljapanesepass.com\/track\/MzUxOC4xMS43LjcuMC4wLjAuMC4w\" base target=\"_self\"><span style=\"font-size:32px;font-style:normal;font-weight:bold;text-decoration:underline;\">Hier klicken, um die webseite zu besuchen <\/span><\/a>\n<\/div>\n<\/div>\n","protected":false},"excerpt":{"rendered":"<p>Zur\u00fcck zur Startseite Seitenbewertung alljapanesepass alljapanesepass.com Ich stand schon immer auf asiatische Frauen und ich habe daraus nie ein Geheimnis gemacht. Ich bin mir sicher, dass die H\u00e4lfte dieses Planeten eine versteckte Leidenschaft f\u00fcr diese Frauen hat und darum entstanden Orte wie AllJapanesePass.com. Willkommen bei AllJapanesePass \u2013 24 Seiten mit nur einer VIP Eintrittskarte. Diese <a href='https:\/\/www.thepornlist.net\/de\/premium-paysites\/alljapanesepass\/' class='excerpt-more'>[&#8230;]<\/a><\/p>\n","protected":false},"author":1,"featured_media":0,"parent":9758,"menu_order":39090,"comment_status":"closed","ping_status":"closed","template":"0-autofill-tpl-template.php","meta":{"_acf_changed":false,"footnotes":""},"tags":[],"acf":[],"aioseo_notices":[],"_links":{"self":[{"href":"https:\/\/www.thepornlist.net\/de\/wp-json\/wp\/v2\/pages\/10334"}],"collection":[{"href":"https:\/\/www.thepornlist.net\/de\/wp-json\/wp\/v2\/pages"}],"about":[{"href":"https:\/\/www.thepornlist.net\/de\/wp-json\/wp\/v2\/types\/page"}],"author":[{"embeddable":true,"href":"https:\/\/www.thepornlist.net\/de\/wp-json\/wp\/v2\/users\/1"}],"replies":[{"embeddable":true,"href":"https:\/\/www.thepornlist.net\/de\/wp-json\/wp\/v2\/comments?post=10334"}],"version-history":[{"count":0,"href":"https:\/\/www.thepornlist.net\/de\/wp-json\/wp\/v2\/pages\/10334\/revisions"}],"up":[{"embeddable":true,"href":"https:\/\/www.thepornlist.net\/de\/wp-json\/wp\/v2\/pages\/9758"}],"wp:attachment":[{"href":"https:\/\/www.thepornlist.net\/de\/wp-json\/wp\/v2\/media?parent=10334"}],"wp:term":[{"taxonomy":"post_tag","embeddable":true,"href":"https:\/\/www.thepornlist.net\/de\/wp-json\/wp\/v2\/tags?post=10334"}],"curies":[{"name":"wp","href":"https:\/\/api.w.org\/{rel}","templated":true}]}}