{"id":10335,"date":"2015-09-03T16:07:06","date_gmt":"2015-09-03T16:07:06","guid":{"rendered":"https:\/\/www.thepornlist.net\/de\/premium-paysites\/ftvgirls\/"},"modified":"2019-05-24T10:58:39","modified_gmt":"2019-05-24T10:58:39","slug":"ftvgirls","status":"publish","type":"page","link":"https:\/\/www.thepornlist.net\/de\/premium-paysites\/ftvgirls\/","title":{"rendered":"Ftvgirls"},"content":{"rendered":"<div class=\"pb\">\n<div class=\"hd\">\n<a href=\"https:\/\/www.thepornlist.net\/de\/\" base target=\"_self\">Zur\u00fcck zur Startseite<\/a>\n<\/div>\n<div class=\"hd2\">\n<span style=\"font-style:normal;font-weight:bold;\">Seitenbewertung<\/span>\n<\/div>\n<\/div>\n<div style=\"width:100%; margin-left:auto; margin-right:auto; clear:both;z-index:1; padding-top:5px; border-radius: 2px;\">\n<div class=\"reviewimg\">\n<p><a href=\"http:\/\/refer.ccbill.com\/cgi-bin\/clicks.cgi?CA=920029&#038;PA=2343100&#038;HTML=http:\/\/www.ftvgirls.com\" base target=\"_self\"><img decoding=\"async\" src=\"https:\/\/www.thepornlist.net\/wp-content\/uploads\/2015\/review\/ftvgirls.jpg\" width=\"500\" height=\"500\" alt=\"Porn Tube\"><\/a><\/p>\n<\/div>\n<div class=\"reviewtitle\">\n<h1 style=\"font-family:Arial;font-size:56px;font-style:normal;font-weight:bold;color:#FF1F78;\">ftvgirls<\/h1>\n<\/div>\n<div class=\"reviewsub\">\n<h2 style=\"font-size:14px;font-style:normal;font-weight:bold;\">ftvgirls.com<\/H2>\n<\/div>\n<div class=\"reviewtext\">\n<span style=\"font-size:16px;font-style:normal;\">FTVGirls.com \u2013 die Abk\u00fcrzung f\u00fcr First Time Video Girls. Sie sagen, dass sie die sch\u00f6nsten Frauen im Internet haben auf ihren hochqualitativen Fotos und Videos, aber wer wei\u00df ob das wahr ist? Wie ich schon in anderen Bewertungen gesagt habe, du wirst das selbst beurteilen m\u00fcssen. <\/br><\/p>\n<p>FTVGirls ist eine exquisite Porno Plattform auf der du sch\u00f6ne, sexy, nat\u00fcrliche und echte Girls siehst, die der Mittelpunkt der HD Materialien sind. Du kannst einen kostenlosen Besuch machen um zu sehen, was du bekommst wenn du ein bisschen Geld in die Hand nimmst \u2013 jedes ver\u00f6ffentlichte Video hat ein Beispiel, das du ansehen und genie\u00dfen kannst. Du wirst Clips mit Masturbation, \u00f6ffentliche Nacktheit, extreme Fetische und mehr bekommen. <\/br><\/p>\n<p>Wenn du ein Porno Sammler bist, au\u00dfer Videos, dann wirst du hier auch noch eine riesige Anzahl an Foto Sets f\u00fcr Erwachsene bekommen. Sie sagen, dass alle diese Bilder echt und nat\u00fcrlich sind, das bedeutet, dass an diesen Fotos nichts ver\u00e4ndert oder irgendwie sonst modifiziert wurde. Aber auch als Sammler von Porno Bildern wird es an dir liegen das zu beurteilen. <\/br><\/p>\n<p>Im Moment haben sie nicht die M\u00f6glichkeit eines Testzugangs und du wirst eine monatliche Mitgliedschaft abschliessen m\u00fcssen, oder f\u00fcr 5 Monate. Sie liefern auch Support f\u00fcr alle Arten von Endger\u00e4ten und alle Arten von OS. Besuch sie!<br \/>\n<\/span>\n<\/div>\n<div class=\"reviewsiteurl\">\n<a href=\"http:\/\/refer.ccbill.com\/cgi-bin\/clicks.cgi?CA=920029&#038;PA=2343100&#038;HTML=http:\/\/www.ftvgirls.com\" base target=\"_self\"><span style=\"font-size:32px;font-style:normal;font-weight:bold;text-decoration:underline;\">Hier klicken, um die webseite zu besuchen <\/span><\/a>\n<\/div>\n<\/div>\n","protected":false},"excerpt":{"rendered":"<p>Zur\u00fcck zur Startseite Seitenbewertung ftvgirls ftvgirls.com FTVGirls.com \u2013 die Abk\u00fcrzung f\u00fcr First Time Video Girls. Sie sagen, dass sie die sch\u00f6nsten Frauen im Internet haben auf ihren hochqualitativen Fotos und Videos, aber wer wei\u00df ob das wahr ist? Wie ich schon in anderen Bewertungen gesagt habe, du wirst das selbst beurteilen m\u00fcssen. FTVGirls ist eine <a href='https:\/\/www.thepornlist.net\/de\/premium-paysites\/ftvgirls\/' class='excerpt-more'>[&#8230;]<\/a><\/p>\n","protected":false},"author":1,"featured_media":0,"parent":9758,"menu_order":38830,"comment_status":"closed","ping_status":"closed","template":"0-autofill-tpl-template.php","meta":{"_acf_changed":false,"footnotes":""},"tags":[],"acf":[],"aioseo_notices":[],"_links":{"self":[{"href":"https:\/\/www.thepornlist.net\/de\/wp-json\/wp\/v2\/pages\/10335"}],"collection":[{"href":"https:\/\/www.thepornlist.net\/de\/wp-json\/wp\/v2\/pages"}],"about":[{"href":"https:\/\/www.thepornlist.net\/de\/wp-json\/wp\/v2\/types\/page"}],"author":[{"embeddable":true,"href":"https:\/\/www.thepornlist.net\/de\/wp-json\/wp\/v2\/users\/1"}],"replies":[{"embeddable":true,"href":"https:\/\/www.thepornlist.net\/de\/wp-json\/wp\/v2\/comments?post=10335"}],"version-history":[{"count":0,"href":"https:\/\/www.thepornlist.net\/de\/wp-json\/wp\/v2\/pages\/10335\/revisions"}],"up":[{"embeddable":true,"href":"https:\/\/www.thepornlist.net\/de\/wp-json\/wp\/v2\/pages\/9758"}],"wp:attachment":[{"href":"https:\/\/www.thepornlist.net\/de\/wp-json\/wp\/v2\/media?parent=10335"}],"wp:term":[{"taxonomy":"post_tag","embeddable":true,"href":"https:\/\/www.thepornlist.net\/de\/wp-json\/wp\/v2\/tags?post=10335"}],"curies":[{"name":"wp","href":"https:\/\/api.w.org\/{rel}","templated":true}]}}