{"id":10337,"date":"2015-09-03T16:06:05","date_gmt":"2015-09-03T16:06:05","guid":{"rendered":"https:\/\/www.thepornlist.net\/de\/premium-paysites\/dogfartnetwork\/"},"modified":"2019-06-21T12:38:29","modified_gmt":"2019-06-21T12:38:29","slug":"dogfartnetwork","status":"publish","type":"page","link":"https:\/\/www.thepornlist.net\/de\/premium-paysites\/dogfartnetwork\/","title":{"rendered":"Dogfartnetwork"},"content":{"rendered":"<div class=\"pb\">\n<div class=\"hd\">\n<a href=\"https:\/\/www.thepornlist.net\/de\/\" base target=\"_self\">Zur\u00fcck zur Startseite<\/a>\n<\/div>\n<div class=\"hd2\">\n<span style=\"font-style:normal;font-weight:bold;\">Seitenbewertung<\/span>\n<\/div>\n<\/div>\n<div style=\"width:100%; margin-left:auto; margin-right:auto; clear:both;z-index:1; padding-top:5px; border-radius: 2px;\">\n<div class=\"reviewimg\">\n<p><a href=\"http:\/\/join.dogfartnetwork.com\/track\/MjM2MzA6MzoyMw\/\" base target=\"_self\"><img decoding=\"async\" src=\"https:\/\/www.thepornlist.net\/wp-content\/uploads\/2015\/review\/dogfartnetwork.jpg\" width=\"500\" height=\"500\" alt=\"Porn Tube\"><\/a><\/p>\n<\/div>\n<div class=\"reviewtitle\">\n<h1 style=\"font-family:Arial;font-size:56px;font-style:normal;font-weight:bold;color:#FF1F78;\">dogfartnetwork<\/h1>\n<\/div>\n<div class=\"reviewsub\">\n<h2 style=\"font-size:14px;font-style:normal;font-weight:bold;\">dogfartnetwork.com<\/H2>\n<\/div>\n<div class=\"reviewtext\">\n<span style=\"font-size:16px;font-style:normal;\">DogFartNetwork.com \u2013 Zugriff auf 22 Seiten zum Preis von einer! Sicher, das machen alle, aber es scheint als ob es hier nur eine kleine Geb\u00fchr f\u00fcr die Mitgliedschaft gibt im allgemeinen niedriger als bei anderen zahlungspflichtigen Porno Plattformen. <\/br><br \/>\nLass uns einen Blcik auf diese 22 Porno Webseiten werfen: BlacksOnBlondes.com, CuckoldSessions.com, GloryHole.com, BlacksOnCougars.com, WeFuckBlackGirls.com, ZebraGirls.com und mehr. Zu jeder Webseite wirst du sehen k\u00f6nne, wie viele Szenen du bekommen wirst. Du solltest wissen, dass alle diese Orte schwarzen Sex in den Mittelpunkt stellen. Wenn du also ein Fan dieser Nische bist, wirst du dich bereits nach einigen Sekunden in diese Plattform verlieben. <\/br><\/p>\n<p>Die Navigationsleiste hat einen ganz speziellen Schalter mit dem du die Top 50 interracial Filme ansehen kannst. Die Liste basiert auf dem Abstimmungssystem der Mitglieder und wenn du hier auf irgendein Vorschaubild klickst, wirst du einen Trailer sehen k\u00f6nnen. Wenn du die volle Version ansehen m\u00f6chtest, musst du dich anmelden und dich f\u00fcr eine der verschiedenen Mitgliedschaften entscheiden. <\/br><\/p>\n<p>2013 hatten sie 2 AVN Nominierungen: Beste Mitgliedschaft Webseite und Beste Interracial Seite. Schenk ihnen deinen Besuch \u2013 wenn du die schwarze oder die Ebony Nische magst, wird dir dieser Ort gefallen1<br \/>\n<\/span>\n<\/div>\n<div class=\"reviewsiteurl\">\n<a href=\"http:\/\/join.dogfartnetwork.com\/track\/MjM2MzA6MzoyMw\/\" base target=\"_self\"><span style=\"font-size:32px;font-style:normal;font-weight:bold;text-decoration:underline;\">Hier klicken, um die webseite zu besuchen <\/span><\/a>\n<\/div>\n<\/div>\n","protected":false},"excerpt":{"rendered":"<p>Zur\u00fcck zur Startseite Seitenbewertung dogfartnetwork dogfartnetwork.com DogFartNetwork.com \u2013 Zugriff auf 22 Seiten zum Preis von einer! Sicher, das machen alle, aber es scheint als ob es hier nur eine kleine Geb\u00fchr f\u00fcr die Mitgliedschaft gibt im allgemeinen niedriger als bei anderen zahlungspflichtigen Porno Plattformen. Lass uns einen Blcik auf diese 22 Porno Webseiten werfen: BlacksOnBlondes.com, <a href='https:\/\/www.thepornlist.net\/de\/premium-paysites\/dogfartnetwork\/' class='excerpt-more'>[&#8230;]<\/a><\/p>\n","protected":false},"author":1,"featured_media":0,"parent":9758,"menu_order":38490,"comment_status":"closed","ping_status":"closed","template":"0-autofill-tpl-template.php","meta":{"_acf_changed":false,"footnotes":""},"tags":[],"acf":[],"aioseo_notices":[],"_links":{"self":[{"href":"https:\/\/www.thepornlist.net\/de\/wp-json\/wp\/v2\/pages\/10337"}],"collection":[{"href":"https:\/\/www.thepornlist.net\/de\/wp-json\/wp\/v2\/pages"}],"about":[{"href":"https:\/\/www.thepornlist.net\/de\/wp-json\/wp\/v2\/types\/page"}],"author":[{"embeddable":true,"href":"https:\/\/www.thepornlist.net\/de\/wp-json\/wp\/v2\/users\/1"}],"replies":[{"embeddable":true,"href":"https:\/\/www.thepornlist.net\/de\/wp-json\/wp\/v2\/comments?post=10337"}],"version-history":[{"count":0,"href":"https:\/\/www.thepornlist.net\/de\/wp-json\/wp\/v2\/pages\/10337\/revisions"}],"up":[{"embeddable":true,"href":"https:\/\/www.thepornlist.net\/de\/wp-json\/wp\/v2\/pages\/9758"}],"wp:attachment":[{"href":"https:\/\/www.thepornlist.net\/de\/wp-json\/wp\/v2\/media?parent=10337"}],"wp:term":[{"taxonomy":"post_tag","embeddable":true,"href":"https:\/\/www.thepornlist.net\/de\/wp-json\/wp\/v2\/tags?post=10337"}],"curies":[{"name":"wp","href":"https:\/\/api.w.org\/{rel}","templated":true}]}}