{"id":10342,"date":"2015-09-03T16:01:18","date_gmt":"2015-09-03T16:01:18","guid":{"rendered":"https:\/\/www.thepornlist.net\/de\/premium-paysites\/sapphicerotica\/"},"modified":"2019-10-18T12:19:21","modified_gmt":"2019-10-18T12:19:21","slug":"sapphicerotica","status":"publish","type":"page","link":"https:\/\/www.thepornlist.net\/de\/lesbian-porn-sites\/sapphicerotica\/","title":{"rendered":"Sapphicerotica"},"content":{"rendered":"<div class=\"pb\">\n<div class=\"hd\">\n<a href=\"https:\/\/www.thepornlist.net\/de\/\" base target=\"_self\" rel=\"noopener noreferrer\">Zur\u00fcck zur Startseite<\/a>\n<\/div>\n<div class=\"hd2\">\n<span style=\"font-style:normal;font-weight:bold;\">Seitenbewertung<\/span>\n<\/div>\n<\/div>\n<div style=\"width:100%; margin-left:auto; margin-right:auto; clear:both;z-index:1; padding-top:5px; border-radius: 2px;\">\n<div class=\"reviewimg\">\n<p><a href=\"http:\/\/in.sapphicerotica.com\/track\/MTAwMDU4MS4zLjEuMS4wLjAuMC4wLjA\" base target=\"_self\" rel=\"noopener noreferrer\"><img decoding=\"async\" src=\"https:\/\/www.thepornlist.net\/wp-content\/uploads\/2015\/review\/sapphicerotica.jpg\" width=\"500\" height=\"500\" alt=\"Porn Tube\"><\/a><\/p>\n<\/div>\n<div class=\"reviewtitle\">\n<h1 style=\"font-family:Arial;font-size:56px;font-style:normal;font-weight:bold;color:#FF1F78;\">sapphicerotica<\/h1>\n<\/div>\n<div class=\"reviewsub\">\n<h2 style=\"font-size:14px;font-style:normal;font-weight:bold;\">sapphicerotica.com<\/H2>\n<\/div>\n<div class=\"reviewtext\">\n<span style=\"font-size:16px;font-style:normal;\">SapphicErotica.com \u2013 H\u00fcbsche Girls machen es richtig! Willkommen und genie\u00dfe den gro\u00dfen Player auf der Homepage. Er hat einen geilen und sexy Trailer, der auf deinen Klick wartet. <\/br><\/p>\n<p>SapphicErotica ist eine Premium Porno Webseite, wo du, wenn du zahlst, Filme in voller L\u00e4nge sehen wirst. Unter dem gro\u00dfen Videoplayer siehst du die letzten Updates. Dr\u00fcck auf irgendein Vorschaubild und du wirst auf die Seite geleitet wo du den Inhalt dazu finden wirst. Du wirst nichts sehen k\u00f6nnen denn wenn du auf play klickst wirst du zum Anmeldeformular geleitet. Wenn du nach unten scrollst wirst du einige nette Fotos aus der Szene und einige Screenshots sehen. <\/br><\/p>\n<p>In der Navigationsleiste wirst du einen Link zum Model Index bekommen und du wirst dort einige h\u00fcbsche und niedliche Gesichter sehen. Obwohl SapphicErotica keinen gro\u00dfen Namen hat drau\u00dfen in der Industrie der bezahlten Porno Industrie, liefern sie ein klares und leicht zu bedienendes Design und die Inhalte scheinen qualitativ hochwertig gemacht zu sein. Jeder hat irgendwo angefangen, das hei\u00dft dass du dieser Webseite wenigstens einen Besuch schenken kannst um mit deinen eignen Augen zu sehen was du bekommst wenn du dort Mitglied wirst.  <\/p>\n<p><\/span>\n<\/div>\n<div class=\"reviewsiteurl\">\n<a href=\"http:\/\/in.sapphicerotica.com\/track\/MTAwMDU4MS4zLjEuMS4wLjAuMC4wLjA\" base target=\"_self\" rel=\"noopener noreferrer\"><span style=\"font-size:32px;font-style:normal;font-weight:bold;text-decoration:underline;\">Hier klicken, um die webseite zu besuchen <\/span><\/a>\n<\/div>\n<\/div>\n","protected":false},"excerpt":{"rendered":"<p>Zur\u00fcck zur Startseite Seitenbewertung sapphicerotica sapphicerotica.com SapphicErotica.com \u2013 H\u00fcbsche Girls machen es richtig! Willkommen und genie\u00dfe den gro\u00dfen Player auf der Homepage. Er hat einen geilen und sexy Trailer, der auf deinen Klick wartet. SapphicErotica ist eine Premium Porno Webseite, wo du, wenn du zahlst, Filme in voller L\u00e4nge sehen wirst. Unter dem gro\u00dfen Videoplayer <a href='https:\/\/www.thepornlist.net\/de\/lesbian-porn-sites\/sapphicerotica\/' class='excerpt-more'>[&#8230;]<\/a><\/p>\n","protected":false},"author":1,"featured_media":0,"parent":38444,"menu_order":34410,"comment_status":"closed","ping_status":"closed","template":"0-autofill-tpl-template.php","meta":{"_acf_changed":false,"footnotes":""},"tags":[590],"acf":[],"aioseo_notices":[],"_links":{"self":[{"href":"https:\/\/www.thepornlist.net\/de\/wp-json\/wp\/v2\/pages\/10342"}],"collection":[{"href":"https:\/\/www.thepornlist.net\/de\/wp-json\/wp\/v2\/pages"}],"about":[{"href":"https:\/\/www.thepornlist.net\/de\/wp-json\/wp\/v2\/types\/page"}],"author":[{"embeddable":true,"href":"https:\/\/www.thepornlist.net\/de\/wp-json\/wp\/v2\/users\/1"}],"replies":[{"embeddable":true,"href":"https:\/\/www.thepornlist.net\/de\/wp-json\/wp\/v2\/comments?post=10342"}],"version-history":[{"count":0,"href":"https:\/\/www.thepornlist.net\/de\/wp-json\/wp\/v2\/pages\/10342\/revisions"}],"up":[{"embeddable":true,"href":"https:\/\/www.thepornlist.net\/de\/wp-json\/wp\/v2\/pages\/38444"}],"wp:attachment":[{"href":"https:\/\/www.thepornlist.net\/de\/wp-json\/wp\/v2\/media?parent=10342"}],"wp:term":[{"taxonomy":"post_tag","embeddable":true,"href":"https:\/\/www.thepornlist.net\/de\/wp-json\/wp\/v2\/tags?post=10342"}],"curies":[{"name":"wp","href":"https:\/\/api.w.org\/{rel}","templated":true}]}}