{"id":10344,"date":"2015-09-03T16:00:14","date_gmt":"2015-09-03T16:00:14","guid":{"rendered":"https:\/\/www.thepornlist.net\/de\/premium-paysites\/partyhardcore\/"},"modified":"2019-05-24T10:58:17","modified_gmt":"2019-05-24T10:58:17","slug":"partyhardcore","status":"publish","type":"page","link":"https:\/\/www.thepornlist.net\/de\/hardcore-porn-sites\/partyhardcore\/","title":{"rendered":"Partyhardcore"},"content":{"rendered":"<div class=\"pb\">\n<div class=\"hd\">\n<a href=\"https:\/\/www.thepornlist.net\/de\/\" base target=\"_self\">Zur\u00fcck zur Startseite<\/a>\n<\/div>\n<div class=\"hd2\">\n<span style=\"font-style:normal;font-weight:bold;\">Seitenbewertung<\/span>\n<\/div>\n<\/div>\n<div style=\"width:100%; margin-left:auto; margin-right:auto; clear:both;z-index:1; padding-top:5px; border-radius: 2px;\">\n<div class=\"reviewimg\">\n<p><a href=\"http:\/\/click.taincash.com\/ct?id=45876&#038;bn=2731\" base target=\"_self\"><img decoding=\"async\" src=\"https:\/\/www.thepornlist.net\/wp-content\/uploads\/2015\/review\/partyhardcore.jpg\" width=\"500\" height=\"500\" alt=\"Porn Tube\"><\/a><\/p>\n<\/div>\n<div class=\"reviewtitle\">\n<h1 style=\"font-family:Arial;font-size:56px;font-style:normal;font-weight:bold;color:#FF1F78;\">partyhardcore<\/h1>\n<\/div>\n<div class=\"reviewsub\">\n<h2 style=\"font-size:14px;font-style:normal;font-weight:bold;\">partyhardcore.com<\/H2>\n<\/div>\n<div class=\"reviewtext\">\n<span style=\"font-size:16px;font-style:normal;\">PartyHardcore.com ist eine Porno Webseite auf der du Amateur Sex Partys bekommst. Sicher denkst du jetzt, dass du wirklich zweifelst ob all diese Girls wirklich Babes von nebenan sind, aber eigentlich ist das doch ziemlich egal, so lange du dir vorstellst, dass sie es w\u00e4ren. Mit insgesamt 400 Videos wird dich diese Webseite auf eine Reise ins Land der Nachtclubs, Partys und andere Arten der Amsterdamer Unterhaltung mitnehmen, was bedeutet, dass f\u00fcr alle die, die nicht nach Holland reisen k\u00f6nnen um dort eine gute Zeit zu haben, PartyHardcore diesen Trick gebraucht auch wenn sie keine ber\u00fchmten Djs hosten. <\/br><\/p>\n<p>PartyHardcore.com ist ein Teil eines gr\u00f6\u00dferen Netzwerks, also glaub nicht, dass du dein Geld nur f\u00fcr 400 Videos bezahlst. Mit einer Mitgliedschaft bekommst du Zugang zu allen Porno Webseiten, die zu Tainster geh\u00f6ren. <\/br><\/p>\n<p>Alles ist in 1080p Qualit\u00e4t und alle Inhalte sind exklusiv \u2013 du wirst sie nirgendwo anders finden und du kannst sicher sein, dass du sie vorher noch nicht gesehen hast. Jedes Vorschaubild sieht glamour\u00f6s und wild aus und ich bin ziemlich sicher, dass du die Zeit deines Lebens haben wirst wenn du ein Fan von Gangbangs bist oder du von Sex an \u00f6ffentlichen Orten begeistert bist. Schau bei der Webseite vorbei und probier sie aus!<\/p>\n<p><\/span>\n<\/div>\n<div class=\"reviewsiteurl\">\n<a href=\"http:\/\/click.taincash.com\/ct?id=45876&#038;bn=2731\" base target=\"_self\"><span style=\"font-size:32px;font-style:normal;font-weight:bold;text-decoration:underline;\">Hier klicken, um die webseite zu besuchen <\/span><\/a>\n<\/div>\n<\/div>\n","protected":false},"excerpt":{"rendered":"<p>Zur\u00fcck zur Startseite Seitenbewertung partyhardcore partyhardcore.com PartyHardcore.com ist eine Porno Webseite auf der du Amateur Sex Partys bekommst. Sicher denkst du jetzt, dass du wirklich zweifelst ob all diese Girls wirklich Babes von nebenan sind, aber eigentlich ist das doch ziemlich egal, so lange du dir vorstellst, dass sie es w\u00e4ren. Mit insgesamt 400 Videos <a href='https:\/\/www.thepornlist.net\/de\/hardcore-porn-sites\/partyhardcore\/' class='excerpt-more'>[&#8230;]<\/a><\/p>\n","protected":false},"author":1,"featured_media":0,"parent":42776,"menu_order":37770,"comment_status":"closed","ping_status":"closed","template":"0-autofill-tpl-template.php","meta":{"_acf_changed":false,"footnotes":""},"tags":[],"acf":[],"aioseo_notices":[],"_links":{"self":[{"href":"https:\/\/www.thepornlist.net\/de\/wp-json\/wp\/v2\/pages\/10344"}],"collection":[{"href":"https:\/\/www.thepornlist.net\/de\/wp-json\/wp\/v2\/pages"}],"about":[{"href":"https:\/\/www.thepornlist.net\/de\/wp-json\/wp\/v2\/types\/page"}],"author":[{"embeddable":true,"href":"https:\/\/www.thepornlist.net\/de\/wp-json\/wp\/v2\/users\/1"}],"replies":[{"embeddable":true,"href":"https:\/\/www.thepornlist.net\/de\/wp-json\/wp\/v2\/comments?post=10344"}],"version-history":[{"count":0,"href":"https:\/\/www.thepornlist.net\/de\/wp-json\/wp\/v2\/pages\/10344\/revisions"}],"up":[{"embeddable":true,"href":"https:\/\/www.thepornlist.net\/de\/wp-json\/wp\/v2\/pages\/42776"}],"wp:attachment":[{"href":"https:\/\/www.thepornlist.net\/de\/wp-json\/wp\/v2\/media?parent=10344"}],"wp:term":[{"taxonomy":"post_tag","embeddable":true,"href":"https:\/\/www.thepornlist.net\/de\/wp-json\/wp\/v2\/tags?post=10344"}],"curies":[{"name":"wp","href":"https:\/\/api.w.org\/{rel}","templated":true}]}}