{"id":10345,"date":"2015-09-03T15:59:35","date_gmt":"2015-09-03T15:59:35","guid":{"rendered":"https:\/\/www.thepornlist.net\/de\/premium-paysites\/wickedpictures\/"},"modified":"2019-05-24T10:58:14","modified_gmt":"2019-05-24T10:58:14","slug":"wickedpictures","status":"publish","type":"page","link":"https:\/\/www.thepornlist.net\/de\/premium-paysites\/wickedpictures\/","title":{"rendered":"Wickedpictures"},"content":{"rendered":"<div class=\"pb\">\n<div class=\"hd\">\n<a href=\"https:\/\/www.thepornlist.net\/de\/\" base target=\"_self\">Zur\u00fcck zur Startseite<\/a>\n<\/div>\n<div class=\"hd2\">\n<span style=\"font-style:normal;font-weight:bold;\">Seitenbewertung<\/span>\n<\/div>\n<\/div>\n<div style=\"width:100%; margin-left:auto; margin-right:auto; clear:both;z-index:1; padding-top:5px; border-radius: 2px;\">\n<div class=\"reviewimg\">\n<p><a href=\"http:\/\/join.wickedpictures.com\/track\/MzUzMDU6ODox,33\/\" base target=\"_self\"><img decoding=\"async\" src=\"https:\/\/www.thepornlist.net\/wp-content\/uploads\/2015\/review\/wickedpictures.jpg\" width=\"500\" height=\"500\" alt=\"Porn Tube\"><\/a><\/p>\n<\/div>\n<div class=\"reviewtitle\">\n<h1 style=\"font-family:Arial;font-size:56px;font-style:normal;font-weight:bold;color:#FF1F78;\">wickedpictures<\/h1>\n<\/div>\n<div class=\"reviewsub\">\n<h2 style=\"font-size:14px;font-style:normal;font-weight:bold;\">wickedpictures.com<\/H2>\n<\/div>\n<div class=\"reviewtext\">\n<span style=\"font-size:16px;font-style:normal;\">WickedPictures.com \u2013 mehr als 3.800 HD Videos, mehr als 1.100 umwerfender Girls, mehr als 650 ausgezeichnete Filme, unbegrenzte Downloads, Live Cams, ganze mobile Version, exklusive live Shows, Tonnen von Bonus Videos. Das sind die guten Nachrichten \u2013 die schlechte Nachricht ist, dass alles bezahlt werden muss. WickedPictures ist eine Premium Webseite wo du f\u00fcr eine Mitgliedschaft bezahlen musst. <\/br><\/p>\n<p>Das erste, was du tun musst wenn du diesen Ort besuchst, ist auf den Explore Knopf in der Navigationsleiste zu klicken. Du wirst Szenen bekommen, Filme, Girls, Bonus Videos Nat\u00fcrlich, wie auf vielen anderen Premium Webseiten, hast du keine Trailer zur Verf\u00fcgung denn du brauchst ein b\u00f6ses Passwort um zu sehen, was sich hinter geschlossenen T\u00fcren befindet. Kostenlos kannst du dir die Liste der Pornostars ansehen und mit Namen wie Kleio Valentien, Kalina Ryu, Sheena Ryder, August Ames und anderen wirst du schnell begreifen das du genau da bist, wo du sein solltest. <\/br><\/p>\n<p>Eine interessante Sache, die du auf dieser Porno Plattform bemerken wirst, ist die Art wie die Kategorien aufgelistet sind \u2013 nach Nische (Amateur, anal, P\u00e4rchen Fantasien, Arzt\/Krankenschwester, Doppelpenetration, Femdom), nach Stellungen (69, Cowgirl, doggystyle) nach Alter, nach ethnischer Herkunft, Titten Art, Haarfarbe, Fetischen und noch viele anderen.<br \/>\n<\/span>\n<\/div>\n<div class=\"reviewsiteurl\">\n<a href=\"http:\/\/join.wickedpictures.com\/track\/MzUzMDU6ODox,33\/\" base target=\"_self\"><span style=\"font-size:32px;font-style:normal;font-weight:bold;text-decoration:underline;\">Hier klicken, um die webseite zu besuchen <\/span><\/a>\n<\/div>\n<\/div>\n","protected":false},"excerpt":{"rendered":"<p>Zur\u00fcck zur Startseite Seitenbewertung wickedpictures wickedpictures.com WickedPictures.com \u2013 mehr als 3.800 HD Videos, mehr als 1.100 umwerfender Girls, mehr als 650 ausgezeichnete Filme, unbegrenzte Downloads, Live Cams, ganze mobile Version, exklusive live Shows, Tonnen von Bonus Videos. Das sind die guten Nachrichten \u2013 die schlechte Nachricht ist, dass alles bezahlt werden muss. WickedPictures ist eine <a href='https:\/\/www.thepornlist.net\/de\/premium-paysites\/wickedpictures\/' class='excerpt-more'>[&#8230;]<\/a><\/p>\n","protected":false},"author":1,"featured_media":0,"parent":9758,"menu_order":37590,"comment_status":"closed","ping_status":"closed","template":"0-autofill-tpl-template.php","meta":{"_acf_changed":false,"footnotes":""},"tags":[],"acf":[],"aioseo_notices":[],"_links":{"self":[{"href":"https:\/\/www.thepornlist.net\/de\/wp-json\/wp\/v2\/pages\/10345"}],"collection":[{"href":"https:\/\/www.thepornlist.net\/de\/wp-json\/wp\/v2\/pages"}],"about":[{"href":"https:\/\/www.thepornlist.net\/de\/wp-json\/wp\/v2\/types\/page"}],"author":[{"embeddable":true,"href":"https:\/\/www.thepornlist.net\/de\/wp-json\/wp\/v2\/users\/1"}],"replies":[{"embeddable":true,"href":"https:\/\/www.thepornlist.net\/de\/wp-json\/wp\/v2\/comments?post=10345"}],"version-history":[{"count":0,"href":"https:\/\/www.thepornlist.net\/de\/wp-json\/wp\/v2\/pages\/10345\/revisions"}],"up":[{"embeddable":true,"href":"https:\/\/www.thepornlist.net\/de\/wp-json\/wp\/v2\/pages\/9758"}],"wp:attachment":[{"href":"https:\/\/www.thepornlist.net\/de\/wp-json\/wp\/v2\/media?parent=10345"}],"wp:term":[{"taxonomy":"post_tag","embeddable":true,"href":"https:\/\/www.thepornlist.net\/de\/wp-json\/wp\/v2\/tags?post=10345"}],"curies":[{"name":"wp","href":"https:\/\/api.w.org\/{rel}","templated":true}]}}