{"id":10347,"date":"2015-09-03T15:58:08","date_gmt":"2015-09-03T15:58:08","guid":{"rendered":"https:\/\/www.thepornlist.net\/de\/premium-paysites\/hustler\/"},"modified":"2019-05-24T10:58:08","modified_gmt":"2019-05-24T10:58:08","slug":"hustler","status":"publish","type":"page","link":"https:\/\/www.thepornlist.net\/de\/premium-paysites\/hustler\/","title":{"rendered":"Hustler"},"content":{"rendered":"<div class=\"pb\">\n<div class=\"hd\">\n<a href=\"https:\/\/www.thepornlist.net\/de\/\" base target=\"_self\">Zur\u00fcck zur Startseite<\/a>\n<\/div>\n<div class=\"hd2\">\n<span style=\"font-style:normal;font-weight:bold;\">Seitenbewertung<\/span>\n<\/div>\n<\/div>\n<div style=\"width:100%; margin-left:auto; margin-right:auto; clear:both;z-index:1; padding-top:5px; border-radius: 2px;\">\n<div class=\"reviewimg\">\n<p><a href=\"http:\/\/secure.hustler.com\/track\/NDM1NTg0LjcuOS45LjAuMC4wLjAuMA\" base target=\"_self\"><img decoding=\"async\" src=\"https:\/\/www.thepornlist.net\/wp-content\/uploads\/2015\/review\/hustler.jpg\" width=\"500\" height=\"500\" alt=\"Porn Tube\"><\/a><\/p>\n<\/div>\n<div class=\"reviewtitle\">\n<h1 style=\"font-family:Arial;font-size:56px;font-style:normal;font-weight:bold;color:#FF1F78;\">hustler<\/h1>\n<\/div>\n<div class=\"reviewsub\">\n<h2 style=\"font-size:14px;font-style:normal;font-weight:bold;\">hustler.com<\/H2>\n<\/div>\n<div class=\"reviewtext\">\n<span style=\"font-size:16px;font-style:normal;\">Der Trend ist gesetzt, abgeschlossen und online gestellt! Hustler.com ist eine der bezahlten Webseiten, die bei jedem und \u00fcberall bekannt ist. Sie ist exquisit, sie ist Premium und sie ist das Monte Carlo der Porno Seiten. Es ist Showtime! <\/br><\/p>\n<p>Hustler begr\u00fc\u00dft dich auf der Homepage mit einer Auswahl erotischer Frauen. Pr\u00e4chtige Vorschaubilder werden dir zuwinken und in den ersten Zeilen wirst du einen Blick auf die letzten Updates werfen k\u00f6nnen. Darunter wirst du den Bereich \u201eWas hei\u00dft ist\u201c bekommen und wenn du sogar noch weiter nach unten scrollst wirst du die bald kommenden Szenen sehen. Sie haben mehr als 9.500 HD Szenen und du kannst sie direkt auf deine private Festplatte herunterladen. Sei nicht sch\u00fcchtern, wundersch\u00f6ne Frauen bei\u00dfen nicht \u2013 dreh dich um und schau was los ist! <\/br><\/p>\n<p>In der Navigationsleiste wirst du Videos, Fotos, Pornostars, Magazine(denn lass uns nicht vergessen, wer Hustler ist), und eine Seite auf der du alle ihre Seiten sehen kannst, bekommen &#8211;  Hustler\u2019s Taboo, VCA Classics, Hustler HD, Hustler\u2019s Anal Hookers, Asian Fever, Bossy MILFs und nat\u00fcrlich noch viele andere. Um sofortigen Zugang zu all diesen Orten zu bekommen, musst du dich f\u00fcr eine bezahlte Mitgliedschaft anmelden. Im Moment hat Hustler 2 Tage Testzugang. Nutze sie!<br \/>\n<\/span>\n<\/div>\n<div class=\"reviewsiteurl\">\n<a href=\"http:\/\/secure.hustler.com\/track\/NDM1NTg0LjcuOS45LjAuMC4wLjAuMA\" base target=\"_self\"><span style=\"font-size:32px;font-style:normal;font-weight:bold;text-decoration:underline;\">Hier klicken, um die webseite zu besuchen <\/span><\/a>\n<\/div>\n<\/div>\n","protected":false},"excerpt":{"rendered":"<p>Zur\u00fcck zur Startseite Seitenbewertung hustler hustler.com Der Trend ist gesetzt, abgeschlossen und online gestellt! Hustler.com ist eine der bezahlten Webseiten, die bei jedem und \u00fcberall bekannt ist. Sie ist exquisit, sie ist Premium und sie ist das Monte Carlo der Porno Seiten. Es ist Showtime! Hustler begr\u00fc\u00dft dich auf der Homepage mit einer Auswahl erotischer <a href='https:\/\/www.thepornlist.net\/de\/premium-paysites\/hustler\/' class='excerpt-more'>[&#8230;]<\/a><\/p>\n","protected":false},"author":1,"featured_media":0,"parent":9758,"menu_order":36470,"comment_status":"closed","ping_status":"closed","template":"0-autofill-tpl-template.php","meta":{"_acf_changed":false,"footnotes":""},"tags":[],"acf":[],"aioseo_notices":[],"_links":{"self":[{"href":"https:\/\/www.thepornlist.net\/de\/wp-json\/wp\/v2\/pages\/10347"}],"collection":[{"href":"https:\/\/www.thepornlist.net\/de\/wp-json\/wp\/v2\/pages"}],"about":[{"href":"https:\/\/www.thepornlist.net\/de\/wp-json\/wp\/v2\/types\/page"}],"author":[{"embeddable":true,"href":"https:\/\/www.thepornlist.net\/de\/wp-json\/wp\/v2\/users\/1"}],"replies":[{"embeddable":true,"href":"https:\/\/www.thepornlist.net\/de\/wp-json\/wp\/v2\/comments?post=10347"}],"version-history":[{"count":0,"href":"https:\/\/www.thepornlist.net\/de\/wp-json\/wp\/v2\/pages\/10347\/revisions"}],"up":[{"embeddable":true,"href":"https:\/\/www.thepornlist.net\/de\/wp-json\/wp\/v2\/pages\/9758"}],"wp:attachment":[{"href":"https:\/\/www.thepornlist.net\/de\/wp-json\/wp\/v2\/media?parent=10347"}],"wp:term":[{"taxonomy":"post_tag","embeddable":true,"href":"https:\/\/www.thepornlist.net\/de\/wp-json\/wp\/v2\/tags?post=10347"}],"curies":[{"name":"wp","href":"https:\/\/api.w.org\/{rel}","templated":true}]}}