{"id":10350,"date":"2015-09-03T15:56:29","date_gmt":"2015-09-03T15:56:29","guid":{"rendered":"https:\/\/www.thepornlist.net\/de\/premium-paysites\/pornprosnetwork\/"},"modified":"2019-05-24T10:58:06","modified_gmt":"2019-05-24T10:58:06","slug":"pornprosnetwork","status":"publish","type":"page","link":"https:\/\/www.thepornlist.net\/de\/premium-paysites\/pornprosnetwork\/","title":{"rendered":"Pornprosnetwork"},"content":{"rendered":"<div class=\"pb\">\n<div class=\"hd\">\n<a href=\"https:\/\/www.thepornlist.net\/de\/\" base target=\"_self\">Zur\u00fcck zur Startseite<\/a>\n<\/div>\n<div class=\"hd2\">\n<span style=\"font-style:normal;font-weight:bold;\">Seitenbewertung<\/span>\n<\/div>\n<\/div>\n<div style=\"width:100%; margin-left:auto; margin-right:auto; clear:both;z-index:1; padding-top:5px; border-radius: 2px;\">\n<div class=\"reviewimg\">\n<p><a href=\"http:\/\/join.pornprosnetwork.com\/track\/MjI3NzI6NTc6MTA\/\" base target=\"_self\"><img decoding=\"async\" src=\"https:\/\/www.thepornlist.net\/wp-content\/uploads\/2015\/review\/pornprosnetwork.jpg\" width=\"500\" height=\"500\" alt=\"Porn Tube\"><\/a><\/p>\n<\/div>\n<div class=\"reviewtitle\">\n<h1 style=\"font-family:Arial;font-size:56px;font-style:normal;font-weight:bold;color:#FF1F78;\">pornprosnetwork<\/h1>\n<\/div>\n<div class=\"reviewsub\">\n<h2 style=\"font-size:14px;font-style:normal;font-weight:bold;\">pornprosnetwork.com<\/H2>\n<\/div>\n<div class=\"reviewtext\">\n<span style=\"font-size:16px;font-style:normal;\">PornPros.com spricht nicht allzu gerne viel. Von Anfang an sagen sie dir, dass du 24 Seiten zum Preis von einer bekommen kannst. Ihr Inhalt ist in HD 1080p aufgenommen und alles ist in den Vereinigten Staaten von Amerika gedreht \u2013 Onkel Sam mag Pornos! <\/br><\/p>\n<p>PornProsNetwork ist eines der gr\u00f6\u00dften Netzwerke f\u00fcr Erwachsene und wenn du hier bezahlst, dann wei\u00dft du was du bekommst. Falls du zuf\u00e4llig noch nichts \u00fcber diesen Ort wei\u00dft, werde ich dir erz\u00e4hlen, was du wissen musst. <\/br><\/p>\n<p>Mit Namen wie 18YearsOld, RealExGirlfriends, MassageCreep, TeenBFF, DeepThroatLove und anderen Porno Webseiten, ist es schwer zu glauben, dass du nicht verstanden hast wie die Dinge funktionieren. Wenn du dich entscheidest auf eine dieser Webseiten zu klicken, wirst du Seiten an Videos bekommen. Dr\u00fcck auf irgendein Vorschaubild, das dich anzieht und \u00dcberraschung \u2013 du hast 5 kostenlose Trailer, die du heute anschauen kannst. Im Vergleich zu anderen Premium Porno Webseiten ist das echtes Gold. Ich habe Holly Michaels in einer Vorschau gesehen und f\u00fcr mich war das genug um meine ewige Anerkennung zu bekommen. Sie hosten eine Menge beliebte Nischen wie Amateur, anal, asiatisch, BDSM, Blondinen und einige andere, die ein bisschen ungew\u00f6hnlicher sind wie F\u00fc\u00dfe oder zierlich. <\/br><\/p>\n<p>Habe ich deine Aufmerksamkeit? Wenn ja, dann besuche sie!<br \/>\n<\/span>\n<\/div>\n<div class=\"reviewsiteurl\">\n<a href=\"http:\/\/join.pornprosnetwork.com\/track\/MjI3NzI6NTc6MTA\/\" base target=\"_self\"><span style=\"font-size:32px;font-style:normal;font-weight:bold;text-decoration:underline;\">Hier klicken, um die webseite zu besuchen <\/span><\/a>\n<\/div>\n<\/div>\n","protected":false},"excerpt":{"rendered":"<p>Zur\u00fcck zur Startseite Seitenbewertung pornprosnetwork pornprosnetwork.com PornPros.com spricht nicht allzu gerne viel. Von Anfang an sagen sie dir, dass du 24 Seiten zum Preis von einer bekommen kannst. Ihr Inhalt ist in HD 1080p aufgenommen und alles ist in den Vereinigten Staaten von Amerika gedreht \u2013 Onkel Sam mag Pornos! PornProsNetwork ist eines der gr\u00f6\u00dften <a href='https:\/\/www.thepornlist.net\/de\/premium-paysites\/pornprosnetwork\/' class='excerpt-more'>[&#8230;]<\/a><\/p>\n","protected":false},"author":1,"featured_media":0,"parent":9758,"menu_order":34590,"comment_status":"closed","ping_status":"closed","template":"0-autofill-tpl-template.php","meta":{"_acf_changed":false,"footnotes":""},"tags":[],"acf":[],"aioseo_notices":[],"_links":{"self":[{"href":"https:\/\/www.thepornlist.net\/de\/wp-json\/wp\/v2\/pages\/10350"}],"collection":[{"href":"https:\/\/www.thepornlist.net\/de\/wp-json\/wp\/v2\/pages"}],"about":[{"href":"https:\/\/www.thepornlist.net\/de\/wp-json\/wp\/v2\/types\/page"}],"author":[{"embeddable":true,"href":"https:\/\/www.thepornlist.net\/de\/wp-json\/wp\/v2\/users\/1"}],"replies":[{"embeddable":true,"href":"https:\/\/www.thepornlist.net\/de\/wp-json\/wp\/v2\/comments?post=10350"}],"version-history":[{"count":0,"href":"https:\/\/www.thepornlist.net\/de\/wp-json\/wp\/v2\/pages\/10350\/revisions"}],"up":[{"embeddable":true,"href":"https:\/\/www.thepornlist.net\/de\/wp-json\/wp\/v2\/pages\/9758"}],"wp:attachment":[{"href":"https:\/\/www.thepornlist.net\/de\/wp-json\/wp\/v2\/media?parent=10350"}],"wp:term":[{"taxonomy":"post_tag","embeddable":true,"href":"https:\/\/www.thepornlist.net\/de\/wp-json\/wp\/v2\/tags?post=10350"}],"curies":[{"name":"wp","href":"https:\/\/api.w.org\/{rel}","templated":true}]}}