{"id":10356,"date":"2015-09-03T15:48:17","date_gmt":"2015-09-03T15:48:17","guid":{"rendered":"https:\/\/www.thepornlist.net\/de\/premium-paysites\/clubseventeen\/"},"modified":"2019-05-24T12:03:32","modified_gmt":"2019-05-24T12:03:32","slug":"clubseventeen","status":"publish","type":"page","link":"https:\/\/www.thepornlist.net\/de\/premium-paysites\/clubseventeen\/","title":{"rendered":"clubseventeen.com"},"content":{"rendered":"<div class=\"pb\">\n<div class=\"hd\">\n<a href=\"https:\/\/www.thepornlist.net\/de\/\" base target=\"_self\">Zur\u00fcck zur Startseite<\/a>\n<\/div>\n<div class=\"hd2\">\n<span style=\"font-style:normal;font-weight:bold;\">Seitenbewertung<\/span>\n<\/div>\n<\/div>\n<div style=\"width:100%; margin-left:auto; margin-right:auto; clear:both;z-index:1; padding-top:5px; border-radius: 2px;\">\n<div class=\"reviewimg\">\n<p><a href=\"http:\/\/imctrck.com\/ct?id=45876&#038;bn=2&#038;url=\/discount\/special\/\" base target=\"_self\"><img decoding=\"async\" src=\"https:\/\/www.thepornlist.net\/wp-content\/uploads\/2015\/review\/clubseventeen1.jpg\" width=\"500\" height=\"500\" alt=\"Porn Tube\"><\/a><\/p>\n<\/div>\n<div class=\"reviewtitle\">\n<h1 style=\"font-family:Arial;font-size:56px;font-style:normal;font-weight:bold;color:#FF1F78;\">clubseventeen<\/h1>\n<\/div>\n<div class=\"reviewsub\">\n<h2 style=\"font-size:14px;font-style:normal;font-weight:bold;\">clubseventeen.com<\/H2>\n<\/div>\n<div class=\"reviewtext\">\n<span style=\"font-size:16px;font-style:normal;\">ClubSeventeen.com ist der gr\u00f6\u00dfte Porno Produzent in Europa seit 1975. Und seit 1995 haben sie dir gr\u00f6\u00dfte Teen Webseite. Ich k\u00f6nnte wetten, dass Teen Porno Fans schon jetzt gebannt sind, richtig? ClubSeventeen hat eine makellose Erfolgsgeschichte in Hinblick auf Updates und das bedeutet, dass sie niemals eine einzige neue Ver\u00f6ffentlichung verpasst haben. <\/br><\/p>\n<p>Wenn du auf dieser Plattform f\u00fcr eine Mitgliedschaft bezahlst, bekommst du Videos zum Download oder zum streamen, 24 Updates pro Woche, 1080p HD Qualit\u00e4t, Support f\u00fcr mobile Endger\u00e4te, vollen Zugriff ohne Einschr\u00e4nkungen und ein sicheres und zuverl\u00e4ssiges Zahlungssystem. <\/br><\/p>\n<p>Es war von Anfang dieser Bewertung an offensichtlich, dass ClubSeventeen sich mit Teen Inhalten f\u00fcr Erwachsene besch\u00e4ftigt, aber trotzdem werde ich dir noch einige Details \u00fcber die Sachen, die du hier finden wirst, geben: 4.336 Videos in diesem Moment, 8.083 Foto Sets und 3.065 Models \u2013 alle diese Zahlen geben dir Zugang zu Teen Girls in verschiedenen Situationen und an verschiedenen Orten. <\/br><\/p>\n<p>ClubSeventeen.com hat Versionen in anderen Sprachen, wenn du also kein englisch sprichst, findest du trotzdem deinen Weg hier. <\/br><\/p>\n<p>Mit Tausenden von Videos, Fotos und Pornostars, ist diese Webseite bei weitem eines der besten Ziele wenn du nach dieser Art von Inhalten suchst.<\/p>\n<p>Im Moment 65 % Rabatt!<br \/>\n<\/span>\n<\/div>\n<div class=\"reviewsiteurl\">\n<a href=\"http:\/\/imctrck.com\/ct?id=45876&#038;bn=2&#038;url=\/discount\/special\/\" base target=\"_self\"><span style=\"font-size:32px;font-style:normal;font-weight:bold;text-decoration:underline;\">Hier klicken, um die webseite zu besuchen <\/span><\/a>\n<\/div>\n<\/div>\n","protected":false},"excerpt":{"rendered":"<p>Zur\u00fcck zur Startseite Seitenbewertung clubseventeen clubseventeen.com ClubSeventeen.com ist der gr\u00f6\u00dfte Porno Produzent in Europa seit 1975. Und seit 1995 haben sie dir gr\u00f6\u00dfte Teen Webseite. Ich k\u00f6nnte wetten, dass Teen Porno Fans schon jetzt gebannt sind, richtig? ClubSeventeen hat eine makellose Erfolgsgeschichte in Hinblick auf Updates und das bedeutet, dass sie niemals eine einzige neue <a href='https:\/\/www.thepornlist.net\/de\/premium-paysites\/clubseventeen\/' class='excerpt-more'>[&#8230;]<\/a><\/p>\n","protected":false},"author":1,"featured_media":0,"parent":9758,"menu_order":27210,"comment_status":"closed","ping_status":"closed","template":"0-autofill-tpl-template.php","meta":{"_acf_changed":false,"footnotes":""},"tags":[601,602],"acf":[],"aioseo_notices":[],"_links":{"self":[{"href":"https:\/\/www.thepornlist.net\/de\/wp-json\/wp\/v2\/pages\/10356"}],"collection":[{"href":"https:\/\/www.thepornlist.net\/de\/wp-json\/wp\/v2\/pages"}],"about":[{"href":"https:\/\/www.thepornlist.net\/de\/wp-json\/wp\/v2\/types\/page"}],"author":[{"embeddable":true,"href":"https:\/\/www.thepornlist.net\/de\/wp-json\/wp\/v2\/users\/1"}],"replies":[{"embeddable":true,"href":"https:\/\/www.thepornlist.net\/de\/wp-json\/wp\/v2\/comments?post=10356"}],"version-history":[{"count":0,"href":"https:\/\/www.thepornlist.net\/de\/wp-json\/wp\/v2\/pages\/10356\/revisions"}],"up":[{"embeddable":true,"href":"https:\/\/www.thepornlist.net\/de\/wp-json\/wp\/v2\/pages\/9758"}],"wp:attachment":[{"href":"https:\/\/www.thepornlist.net\/de\/wp-json\/wp\/v2\/media?parent=10356"}],"wp:term":[{"taxonomy":"post_tag","embeddable":true,"href":"https:\/\/www.thepornlist.net\/de\/wp-json\/wp\/v2\/tags?post=10356"}],"curies":[{"name":"wp","href":"https:\/\/api.w.org\/{rel}","templated":true}]}}