{"id":10357,"date":"2015-09-03T15:02:31","date_gmt":"2015-09-03T15:02:31","guid":{"rendered":"https:\/\/www.thepornlist.net\/de\/premium-paysites\/videosz\/"},"modified":"2019-05-24T10:58:00","modified_gmt":"2019-05-24T10:58:00","slug":"videosz","status":"publish","type":"page","link":"https:\/\/www.thepornlist.net\/de\/premium-paysites\/videosz\/","title":{"rendered":"Videosz"},"content":{"rendered":"<div class=\"pb\">\n<div class=\"hd\">\n<a href=\"https:\/\/www.thepornlist.net\/de\/\" base target=\"_self\">Zur\u00fcck zur Startseite<\/a>\n<\/div>\n<div class=\"hd2\">\n<span style=\"font-style:normal;font-weight:bold;\">Seitenbewertung<\/span>\n<\/div>\n<\/div>\n<div style=\"width:100%; margin-left:auto; margin-right:auto; clear:both;z-index:1; padding-top:5px; border-radius: 2px;\">\n<div class=\"reviewimg\">\n<p><a href=\"http:\/\/www.videosz.com\/index.php?link_id=23088&#038;tracker_id=36601&#038;lg=us&#038;nt=0\" base target=\"_self\"><img decoding=\"async\" src=\"https:\/\/www.thepornlist.net\/wp-content\/uploads\/2015\/review\/videosz.jpg\" width=\"500\" height=\"500\" alt=\"Porn Tube\"><\/a><\/p>\n<\/div>\n<div class=\"reviewtitle\">\n<h1 style=\"font-family:Arial;font-size:56px;font-style:normal;font-weight:bold;color:#FF1F78;\">videosz<\/h1>\n<\/div>\n<div class=\"reviewsub\">\n<h2 style=\"font-size:14px;font-style:normal;font-weight:bold;\">videosz.com<\/H2>\n<\/div>\n<div class=\"reviewtext\">\n<span style=\"font-size:16px;font-style:normal;\">Es ist einfach \u2013 du greifst darauf zu und du bekommst all die Pornos, die du immer schon haben wolltest. Mit anderen Worten, du findest 17.510 Dvds, 99.286 Porno Videos und 13.564 Pornostars. Erinnere dich daran, dass das die Zahlen zum jetzigen Zeitpunkt sind. Also, willkommen bei VideosZ.com! <\/br><\/p>\n<p>VideosZ ist eine Webseite, bei der du f\u00fcr eine Mitgliedschaft zahlst und du f\u00fcr einen Zeitraum Zugriff auf alles hast, was sie hosten. Nat\u00fcrlich au\u00dfer der zwei Tage Probezeit. Diese Option dient nur dazu, dass du einen fl\u00fcchtigen Blick auf all das werfen kannst, was hinter den Vorh\u00e4ngen passiert. Du wirst auch die M\u00f6glichkeit haben den Inhalt, den du siehst, herunterzuladen und die Geschwindigkeit dabei ist unglaublich \u2013 es ist eine Premium Webseite, was hast du erwartet? <\/br><\/p>\n<p>Sie hat t\u00e4gliche Updates und ist sicher, zuverl\u00e4ssig und diskret. Du kannst das, was am besten passt, finden indem du das Men\u00fc in der Navigationsleiste verwendest: DVDs, Szenen, Pornostars, Genres von Netzwerken. Wenn du ein bisschen Hilfe willst, klicke auf den Erfahre mehr Schalter  und du wirst eine F\u00fchrung sehen, welche Schritte du unternehmen musst. Mit Tausenden an gl\u00fccklichen Kunden ist VideosZ eine der besten Optionen da drau\u00dfen.<br \/>\n<\/span>\n<\/div>\n<div class=\"reviewsiteurl\">\n<a href=\"http:\/\/www.videosz.com\/index.php?link_id=23088&#038;tracker_id=36601&#038;lg=us&#038;nt=0\" base target=\"_self\"><span style=\"font-size:32px;font-style:normal;font-weight:bold;text-decoration:underline;\">Hier klicken, um die webseite zu besuchen <\/span><\/a>\n<\/div>\n<\/div>\n","protected":false},"excerpt":{"rendered":"<p>Zur\u00fcck zur Startseite Seitenbewertung videosz videosz.com Es ist einfach \u2013 du greifst darauf zu und du bekommst all die Pornos, die du immer schon haben wolltest. Mit anderen Worten, du findest 17.510 Dvds, 99.286 Porno Videos und 13.564 Pornostars. Erinnere dich daran, dass das die Zahlen zum jetzigen Zeitpunkt sind. Also, willkommen bei VideosZ.com! VideosZ <a href='https:\/\/www.thepornlist.net\/de\/premium-paysites\/videosz\/' class='excerpt-more'>[&#8230;]<\/a><\/p>\n","protected":false},"author":1,"featured_media":0,"parent":9758,"menu_order":32510,"comment_status":"closed","ping_status":"closed","template":"0-autofill-tpl-template.php","meta":{"_acf_changed":false,"footnotes":""},"tags":[],"acf":[],"aioseo_notices":[],"_links":{"self":[{"href":"https:\/\/www.thepornlist.net\/de\/wp-json\/wp\/v2\/pages\/10357"}],"collection":[{"href":"https:\/\/www.thepornlist.net\/de\/wp-json\/wp\/v2\/pages"}],"about":[{"href":"https:\/\/www.thepornlist.net\/de\/wp-json\/wp\/v2\/types\/page"}],"author":[{"embeddable":true,"href":"https:\/\/www.thepornlist.net\/de\/wp-json\/wp\/v2\/users\/1"}],"replies":[{"embeddable":true,"href":"https:\/\/www.thepornlist.net\/de\/wp-json\/wp\/v2\/comments?post=10357"}],"version-history":[{"count":0,"href":"https:\/\/www.thepornlist.net\/de\/wp-json\/wp\/v2\/pages\/10357\/revisions"}],"up":[{"embeddable":true,"href":"https:\/\/www.thepornlist.net\/de\/wp-json\/wp\/v2\/pages\/9758"}],"wp:attachment":[{"href":"https:\/\/www.thepornlist.net\/de\/wp-json\/wp\/v2\/media?parent=10357"}],"wp:term":[{"taxonomy":"post_tag","embeddable":true,"href":"https:\/\/www.thepornlist.net\/de\/wp-json\/wp\/v2\/tags?post=10357"}],"curies":[{"name":"wp","href":"https:\/\/api.w.org\/{rel}","templated":true}]}}