{"id":10359,"date":"2015-09-02T16:48:44","date_gmt":"2015-09-02T16:48:44","guid":{"rendered":"https:\/\/www.thepornlist.net\/de\/porn-tube-sites\/sexu\/"},"modified":"2019-07-05T07:01:43","modified_gmt":"2019-07-05T07:01:43","slug":"sexu","status":"publish","type":"page","link":"https:\/\/www.thepornlist.net\/de\/porn-tube-sites\/sexu\/","title":{"rendered":"sexu.com"},"content":{"rendered":"<div class=\"pb\">\n<div class=\"hd\">\n<a href=\"https:\/\/www.thepornlist.net\/de\/\" base target=\"_self\">Zur\u00fcck zur Startseite<\/a>\n<\/div>\n<div class=\"hd2\">\n<span style=\"font-style:normal;font-weight:bold;\">Seitenbewertung<\/span>\n<\/div>\n<\/div>\n<div style=\"width:100%; margin-left:auto; margin-right:auto; clear:both;z-index:1; padding-top:5px; border-radius: 2px;\">\n<div class=\"reviewimg\">\n<p><a href=\"http:\/\/sexu.com\/?utm_source=thepornlist&#038;utm_medium=review&#038;utm_campaign=thepornlist\" rel=\"nofollow\" base target=\"_self\"><img decoding=\"async\" src=\"https:\/\/www.thepornlist.net\/wp-content\/uploads\/2015\/review\/sexu.jpg\" width=\"500\" height=\"500\" alt=\"Porn Tube\"><\/a><\/p>\n<\/div>\n<div class=\"reviewtitle\">\n<h1 style=\"font-family:Arial;font-size:56px;font-style:normal;font-weight:bold;color:#FF1F78;\">sexu<\/h1>\n<\/div>\n<div class=\"reviewsub\">\n<h2 style=\"font-size:14px;font-style:normal;font-weight:bold;\">sexu.com<\/H2>\n<\/div>\n<div class=\"reviewtext\">\n<span style=\"font-size:16px;font-style:normal;\">Das erste, was ich hier bemerkt habe, ist das Logo \u2013 die Art wie Sexu geschrieben ist. Ich mag es und finde es exquisit. Lass uns mal sehen ob das auch f\u00fcr die Webseite gilt.<br \/>\n<\/br><br \/>\nSexu.com ist eine kostenlose Porno Tuben Webseite, wo du eine Menge Porno Filme f\u00fcr dein Vergn\u00fcgen bekommst. Sie benutzen ein gro\u00dfartiges Layout und das vermittelt dir das Gef\u00fchl dich wie zu Hause zu f\u00fchlen. Auf der ersten Seite siehst du gleich die gewohnte Art Filme anzuzeigen. Im Trend und neueste Videos. Du kannst die Clips auch nach Datum und heute beliebt sortieren oder gleich in ihre Ruhmeshalle gehen. <\/br><\/p>\n<p>Die ober Navigationsleiste wird dir einige interessante Funktionen bieten so wie Schlagw\u00f6rter, den eigenen Inhalt hochladen oder die Bildqualit\u00e4t einzustellen, die du gerne sehen m\u00f6chtest. Ganz nett, findest du nicht? <\/br><\/p>\n<p>Ich habe mich entschlossen einen Film mit folgendem Titel anzusehen \u201e Sehr alte Mutti und ihre Tochter machen beim Casting mit\u201c. Ich habe auf das Vorschaubild geklickt und wurde zur Seite mit dem Videoplayer geleitet. Es scheint als ob ich die Sachen teilen oder downloaden kann und darunter habe ich noch mehr \u00e4hnliche Filme gefunden.<\/p>\n<p>Eine Menge HD Porno Filme, eine Menge gro\u00dfe Titten, Milfs, Teens \u2013 Sexu.com liegt im Trend!<br \/>\n<\/span>\n<\/div>\n<div class=\"reviewsiteurl\">\n<a href=\"http:\/\/sexu.com\/?utm_source=thepornlist&#038;utm_medium=review&#038;utm_campaign=thepornlist rel=\"nofollow\" base target=\"_self\"><span style=\"font-size:32px;font-style:normal;font-weight:bold;text-decoration:underline;\">Hier klicken, um die webseite zu besuchen <\/span><\/a>\n<\/div>\n<\/div>\n","protected":false},"excerpt":{"rendered":"<p>Zur\u00fcck zur Startseite Seitenbewertung sexu sexu.com Das erste, was ich hier bemerkt habe, ist das Logo \u2013 die Art wie Sexu geschrieben ist. Ich mag es und finde es exquisit. Lass uns mal sehen ob das auch f\u00fcr die Webseite gilt. Sexu.com ist eine kostenlose Porno Tuben Webseite, wo du eine Menge Porno Filme f\u00fcr <a href='https:\/\/www.thepornlist.net\/de\/porn-tube-sites\/sexu\/' class='excerpt-more'>[&#8230;]<\/a><\/p>\n","protected":false},"author":1,"featured_media":0,"parent":9407,"menu_order":41930,"comment_status":"closed","ping_status":"closed","template":"0-autofill-tpl-template.php","meta":{"_acf_changed":false,"footnotes":""},"tags":[],"acf":[],"aioseo_notices":[],"_links":{"self":[{"href":"https:\/\/www.thepornlist.net\/de\/wp-json\/wp\/v2\/pages\/10359"}],"collection":[{"href":"https:\/\/www.thepornlist.net\/de\/wp-json\/wp\/v2\/pages"}],"about":[{"href":"https:\/\/www.thepornlist.net\/de\/wp-json\/wp\/v2\/types\/page"}],"author":[{"embeddable":true,"href":"https:\/\/www.thepornlist.net\/de\/wp-json\/wp\/v2\/users\/1"}],"replies":[{"embeddable":true,"href":"https:\/\/www.thepornlist.net\/de\/wp-json\/wp\/v2\/comments?post=10359"}],"version-history":[{"count":0,"href":"https:\/\/www.thepornlist.net\/de\/wp-json\/wp\/v2\/pages\/10359\/revisions"}],"up":[{"embeddable":true,"href":"https:\/\/www.thepornlist.net\/de\/wp-json\/wp\/v2\/pages\/9407"}],"wp:attachment":[{"href":"https:\/\/www.thepornlist.net\/de\/wp-json\/wp\/v2\/media?parent=10359"}],"wp:term":[{"taxonomy":"post_tag","embeddable":true,"href":"https:\/\/www.thepornlist.net\/de\/wp-json\/wp\/v2\/tags?post=10359"}],"curies":[{"name":"wp","href":"https:\/\/api.w.org\/{rel}","templated":true}]}}