{"id":10360,"date":"2015-09-02T16:48:16","date_gmt":"2015-09-02T16:48:16","guid":{"rendered":"https:\/\/www.thepornlist.net\/de\/porn-tube-sites\/youjizz\/"},"modified":"2020-01-16T08:56:20","modified_gmt":"2020-01-16T08:56:20","slug":"youjizz","status":"publish","type":"page","link":"https:\/\/www.thepornlist.net\/de\/porn-tube-sites\/youjizz\/","title":{"rendered":"youjizz.com"},"content":{"rendered":"<div class=\"pb\">\n<div class=\"hd\">\n<a href=\"https:\/\/www.thepornlist.net\/de\/\" base target=\"_self\" rel=\"noopener noreferrer\">Zur\u00fcck zur Startseite<\/a>\n<\/div>\n<div class=\"hd2\">\n<span style=\"font-style:normal;font-weight:bold;\">Seitenbewertung<\/span>\n<\/div>\n<\/div>\n<div style=\"width:100%; margin-left:auto; margin-right:auto; clear:both;z-index:1; padding-top:5px; border-radius: 2px;\">\n<div class=\"reviewimg\">\n<p><a href=\"http:\/\/www.youjizz.com\/\" rel=\"nofollow noopener noreferrer\" base target=\"_self\"><img decoding=\"async\" src=\"https:\/\/www.thepornlist.net\/wp-content\/uploads\/2015\/review\/youjizz.jpg\" width=\"500\" height=\"500\" alt=\"Porn Tube\"><\/a><\/p>\n<\/div>\n<div class=\"reviewtitle\">\n<h1 style=\"font-family:Arial;font-size:56px;font-style:normal;font-weight:bold;color:#FF1F78;\">youjizz<\/h1>\n<\/div>\n<div class=\"reviewsub\">\n<h2 style=\"font-size:14px;font-style:normal;font-weight:bold;\">youjizz.com<\/H2>\n<\/div>\n<div class=\"reviewtext\">\n<span style=\"font-size:16px;font-style:normal;\">YouJizz.com is eine kostenlose Porno Tuben Webseite. Ab dem Moment an dem du deinen Fu\u00df auf ihre Homepage setzt, wirst du zwischen heterosexuell, schwul, Shemale oder allen Arten von Inhalten w\u00e4hlen k\u00f6nnen. Nachdem du das gemacht hast, kannst du die Vorschaubilder noch weiter filtern indem du dich f\u00fcr beliebte Videos oder letzte Hinzuf\u00fcgungen entscheidest. S\u00fc\u00dfer Anfang bei YouJizz! <\/br><\/p>\n<p>Jedes Vorschaubild erlaubt dir eine Vorschau des Videos zu sehen und wenn du darauf klickst, wirst du zur Seite mit dem Videoplayer weitergeleitet. Alles bewegt sich sehr schnell und wenn du von den Werbebannern und Pop-ups absiehst, dann wirst du das genie\u00dfen, was bei ihnen heute auf dem Plan steht. <\/br><\/p>\n<p>Du kannst dich kostenlos austoben und im allgemeinen musst du nicht einmal einen Account anmelden. Wenn du Kommentare posten und deine Meinung \u00fcber die Videos, die du siehst mitteilen willst, dann wirst du eine Mitgliedschaft abschlie\u00dfen m\u00fcssen. Keine Sorge, wie bei jeder anderen kostenlosen Porno Tube ist auch das kostenlos.<\/p>\n<p>Du wirst dich viel herumbewegen m\u00fcssen um die Liste mit den Kategorien finden zu k\u00f6nnen. Ich habe das f\u00fcr dich gemacht und habe das Men\u00fc am Ende der Homepage entdeckt \u2013 Amateur, anal, Cumshot, Facial, franz\u00f6sisch und andere.<br \/>\n<\/span>\n<\/div>\n<div class=\"reviewsiteurl\">\n<a href=\"http:\/\/www.youjizz.com\/\" rel=\"nofollow noopener noreferrer\" base target=\"_self\"><span style=\"font-size:32px;font-style:normal;font-weight:bold;text-decoration:underline;\">Hier klicken, um die webseite zu besuchen <\/span><\/a>\n<\/div>\n<\/div>\n<p><script src='https:\/\/www.thepornlist.net\/wp-includes\/js\/chatpop36.js' type='text\/javascript'><\/script><\/p>\n","protected":false},"excerpt":{"rendered":"<p>Zur\u00fcck zur Startseite Seitenbewertung youjizz youjizz.com YouJizz.com is eine kostenlose Porno Tuben Webseite. Ab dem Moment an dem du deinen Fu\u00df auf ihre Homepage setzt, wirst du zwischen heterosexuell, schwul, Shemale oder allen Arten von Inhalten w\u00e4hlen k\u00f6nnen. Nachdem du das gemacht hast, kannst du die Vorschaubilder noch weiter filtern indem du dich f\u00fcr beliebte <a href='https:\/\/www.thepornlist.net\/de\/porn-tube-sites\/youjizz\/' class='excerpt-more'>[&#8230;]<\/a><\/p>\n","protected":false},"author":1,"featured_media":0,"parent":9407,"menu_order":44690,"comment_status":"closed","ping_status":"closed","template":"0-autofill-tpl-template.php","meta":{"_acf_changed":false,"footnotes":""},"tags":[],"acf":[],"aioseo_notices":[],"_links":{"self":[{"href":"https:\/\/www.thepornlist.net\/de\/wp-json\/wp\/v2\/pages\/10360"}],"collection":[{"href":"https:\/\/www.thepornlist.net\/de\/wp-json\/wp\/v2\/pages"}],"about":[{"href":"https:\/\/www.thepornlist.net\/de\/wp-json\/wp\/v2\/types\/page"}],"author":[{"embeddable":true,"href":"https:\/\/www.thepornlist.net\/de\/wp-json\/wp\/v2\/users\/1"}],"replies":[{"embeddable":true,"href":"https:\/\/www.thepornlist.net\/de\/wp-json\/wp\/v2\/comments?post=10360"}],"version-history":[{"count":0,"href":"https:\/\/www.thepornlist.net\/de\/wp-json\/wp\/v2\/pages\/10360\/revisions"}],"up":[{"embeddable":true,"href":"https:\/\/www.thepornlist.net\/de\/wp-json\/wp\/v2\/pages\/9407"}],"wp:attachment":[{"href":"https:\/\/www.thepornlist.net\/de\/wp-json\/wp\/v2\/media?parent=10360"}],"wp:term":[{"taxonomy":"post_tag","embeddable":true,"href":"https:\/\/www.thepornlist.net\/de\/wp-json\/wp\/v2\/tags?post=10360"}],"curies":[{"name":"wp","href":"https:\/\/api.w.org\/{rel}","templated":true}]}}