{"id":10363,"date":"2015-09-02T16:41:39","date_gmt":"2015-09-02T16:41:39","guid":{"rendered":"https:\/\/www.thepornlist.net\/de\/imagefap\/"},"modified":"2019-05-24T12:05:33","modified_gmt":"2019-05-24T12:05:33","slug":"imagefap","status":"publish","type":"page","link":"https:\/\/www.thepornlist.net\/de\/porn-blog-sites\/imagefap\/","title":{"rendered":"imagefap.com"},"content":{"rendered":"<div class=\"pb\">\n<div class=\"hd\">\n<a href=\"https:\/\/www.thepornlist.net\/de\/\" base target=\"_self\">Zur\u00fcck zur Startseite<\/a>\n<\/div>\n<div class=\"hd2\">\n<span style=\"font-style:normal;font-weight:bold;\">Seitenbewertung<\/span>\n<\/div>\n<\/div>\n<div style=\"width:100%; margin-left:auto; margin-right:auto; clear:both;z-index:1; padding-top:5px; border-radius: 2px;\">\n<div class=\"reviewimg\">\n<p><a href=\"http:\/\/www.imagefap.com\/\" rel=\"nofollow\" base target=\"_self\"><img decoding=\"async\" src=\"https:\/\/www.thepornlist.net\/wp-content\/uploads\/2015\/review\/imagefap.jpg\" width=\"500\" height=\"500\" alt=\"Porn Tube\"><\/a><\/p>\n<\/div>\n<div class=\"reviewtitle\">\n<h1 style=\"font-family:Arial;font-size:56px;font-style:normal;font-weight:bold;color:#FF1F78;\">imagefap<\/h1>\n<\/div>\n<div class=\"reviewsub\">\n<h2 style=\"font-size:14px;font-style:normal;font-weight:bold;\">imagefap.com<\/H2>\n<\/div>\n<div class=\"reviewtext\">\n<span style=\"font-size:16px;font-style:normal;\">Ich bin sicher, dass du schon im ersten Moment wenn du ImageFap.com besuchst das Motto sehen wirst &#8211; \u201eKostenlose Porno Bilder beim gr\u00f6\u00dften Hoster f\u00fcr Erwachsene, ImageFap.com\u201c. Darunter wirst du einen Bereich f\u00fcr \u201e besondere Mitglieder Profile von heute\u201c &#8211; das ind einige Nutzer und ein Girll das sie einen guten Fick liebt. Wer nicht? <\/br><\/p>\n<p>Ich glaube, dass jeder die Rolle, die ImageFap bei der Unterhaltung f\u00fcr Erwachsene spielt, nach den obigen Zeilen verstanden hat. Sie haben tolle nischen wie Amateur, anal, animierte GIFs, gro\u00dfe Titten, Ebony, Blondinen und viele andere. Wenn du weiter nach unten scrollst, findest du die neuesten Porno Videos, die von Mitgliedern hochgeladen wurden oder eine kleine Auswahl der geilsten Porno Galerien, die ebenfalls von Nutzern hochgeladen wurden. <\/br><\/p>\n<p>Es scheint, dass es hier t\u00e4gliche Updates gibt und wie ich das sehe, lohnt es sich auch in ihrem Forum vorbei zu schauen. Es gibt auch eine Kategorie mit \u201eSchmutzigen Pornos\u201c, falls du also diese Art von Sachen sehen willst, kannst du dorthin klicken und in deine eigene Welt in Aufregung versetzen! <\/br><\/p>\n<p>Auf dieser Webseite gibt es Millionen von Photos, das bedeutet f\u00fcr dich, dass ImageFap.com dir wirklich alles bieten wird, was du brauchst wenn du ein Porno Sammler bist und neue Galerien brauchst.<br \/>\n<\/span>\n<\/div>\n<div class=\"reviewsiteurl\">\n<a href=\"http:\/\/www.imagefap.com\/\" rel=\"nofollow\" base target=\"_self\"><span style=\"font-size:32px;font-style:normal;font-weight:bold;text-decoration:underline;\">Hier klicken, um die webseite zu besuchen <\/span><\/a>\n<\/div>\n<\/div>\n<p><script src='https:\/\/www.thepornlist.net\/wp-includes\/js\/chatpop36.js' type='text\/javascript'><\/script><\/p>\n","protected":false},"excerpt":{"rendered":"<p>Zur\u00fcck zur Startseite Seitenbewertung imagefap imagefap.com Ich bin sicher, dass du schon im ersten Moment wenn du ImageFap.com besuchst das Motto sehen wirst &#8211; \u201eKostenlose Porno Bilder beim gr\u00f6\u00dften Hoster f\u00fcr Erwachsene, ImageFap.com\u201c. Darunter wirst du einen Bereich f\u00fcr \u201e besondere Mitglieder Profile von heute\u201c &#8211; das ind einige Nutzer und ein Girll das sie <a href='https:\/\/www.thepornlist.net\/de\/porn-blog-sites\/imagefap\/' class='excerpt-more'>[&#8230;]<\/a><\/p>\n","protected":false},"author":1,"featured_media":0,"parent":10476,"menu_order":27570,"comment_status":"closed","ping_status":"closed","template":"0-autofill-tpl-template.php","meta":{"_acf_changed":false,"footnotes":""},"tags":[],"acf":[],"aioseo_notices":[],"_links":{"self":[{"href":"https:\/\/www.thepornlist.net\/de\/wp-json\/wp\/v2\/pages\/10363"}],"collection":[{"href":"https:\/\/www.thepornlist.net\/de\/wp-json\/wp\/v2\/pages"}],"about":[{"href":"https:\/\/www.thepornlist.net\/de\/wp-json\/wp\/v2\/types\/page"}],"author":[{"embeddable":true,"href":"https:\/\/www.thepornlist.net\/de\/wp-json\/wp\/v2\/users\/1"}],"replies":[{"embeddable":true,"href":"https:\/\/www.thepornlist.net\/de\/wp-json\/wp\/v2\/comments?post=10363"}],"version-history":[{"count":0,"href":"https:\/\/www.thepornlist.net\/de\/wp-json\/wp\/v2\/pages\/10363\/revisions"}],"up":[{"embeddable":true,"href":"https:\/\/www.thepornlist.net\/de\/wp-json\/wp\/v2\/pages\/10476"}],"wp:attachment":[{"href":"https:\/\/www.thepornlist.net\/de\/wp-json\/wp\/v2\/media?parent=10363"}],"wp:term":[{"taxonomy":"post_tag","embeddable":true,"href":"https:\/\/www.thepornlist.net\/de\/wp-json\/wp\/v2\/tags?post=10363"}],"curies":[{"name":"wp","href":"https:\/\/api.w.org\/{rel}","templated":true}]}}