{"id":10364,"date":"2015-09-02T16:37:46","date_gmt":"2015-09-02T16:37:46","guid":{"rendered":"https:\/\/www.thepornlist.net\/de\/porn-tube-sites\/drtuber\/"},"modified":"2019-05-24T08:54:41","modified_gmt":"2019-05-24T08:54:41","slug":"drtuber","status":"publish","type":"page","link":"https:\/\/www.thepornlist.net\/de\/porn-tube-sites\/drtuber\/","title":{"rendered":"drtuber.com"},"content":{"rendered":"<div class=\"pb\">\n<div class=\"hd\">\n<a href=\"https:\/\/www.thepornlist.net\/de\/\" base target=\"_self\">Zur\u00fcck zur Startseite<\/a>\n<\/div>\n<div class=\"hd2\">\n<span style=\"font-style:normal;font-weight:bold;\">Seitenbewertung<\/span>\n<\/div>\n<\/div>\n<div style=\"width:100%; margin-left:auto; margin-right:auto; clear:both;z-index:1; padding-top:5px; border-radius: 2px;\">\n<div class=\"reviewimg\">\n<p><a href=\"http:\/\/www.drtuber.com\/\" rel=\"nofollow\" base target=\"_self\"><img decoding=\"async\" src=\"https:\/\/www.thepornlist.net\/wp-content\/uploads\/2015\/review\/drtuber.jpg\" width=\"500\" height=\"500\" alt=\"Porn Tube\"><\/a><\/p>\n<\/div>\n<div class=\"reviewtitle\">\n<h1 style=\"font-family:Arial;font-size:56px;font-style:normal;font-weight:bold;color:#FF1F78;\">drtuber<\/h1>\n<\/div>\n<div class=\"reviewsub\">\n<h2 style=\"font-size:14px;font-style:normal;font-weight:bold;\">drtuber.com<\/H2>\n<\/div>\n<div class=\"reviewtext\">\n<span style=\"font-size:16px;font-style:normal;\">Willkommen bei DrTuber.com, dem Ort wo du deine Pornos finden kannst! Wenigstens ist es das, was sie dort sagen. Ich bin nicht wirklich sicher ob du tats\u00e4chlich Zugang zu allem bekommst, was du willst, nat\u00fcrlich \u2013 im Zusammenhang mit Pornos, aber ich bin sicher, das dir das Layout hier gefallen wird. Das Design von DrTuber ist aus unserem Zeitalter und du wirst auf der Homepage gleich die k\u00fcrzlich ver\u00f6ffentlichten Porno Videos sehen k\u00f6nne. Unter jedem Vorschaubild erh\u00e4ltst du eine Vorschau zum Video, das bedeutet, dass du eine Idee bekommst worauf du klicken willst. <\/br><\/p>\n<p>Auf der linken Seite hast du die Kategorien \u2013 Amateur, anal, BBW, gro\u00dfe M\u00f6pse, HD, Realit\u00e4t, Hentai, interracial und noch viele andere. Falls du ein Sammler von Porno Bildern bist, hat DrTuber  f\u00fcr dich einen eigenen Foto Bereich. <\/br><\/p>\n<p>Alle Videos sind kostenlos und unter dem Videoplayer bekommst du eine Anzahl verschiedener, dazugeh\u00f6riger Clips. Wenn du einen Kommentar hinterlassen willst oder sogar deine eigenen Amateur Porno Sachen hochladen m\u00f6chtest, musst du dir einen Account zulegen \u2013 auch kostenlos. Du kannst jeden Film, den du siehst, bewerten, aber auch daf\u00fcr musst du dich anmelden. Schenk ihnen einen Besuch!<br \/>\n<\/span>\n<\/div>\n<div class=\"reviewsiteurl\">\n<a href=\"http:\/\/www.drtuber.com\/\" rel=\"nofollow\" base target=\"_self\"><span style=\"font-size:32px;font-style:normal;font-weight:bold;text-decoration:underline;\">Hier klicken, um die webseite zu besuchen <\/span><\/a>\n<\/div>\n<\/div>\n","protected":false},"excerpt":{"rendered":"<p>Zur\u00fcck zur Startseite Seitenbewertung drtuber drtuber.com Willkommen bei DrTuber.com, dem Ort wo du deine Pornos finden kannst! Wenigstens ist es das, was sie dort sagen. Ich bin nicht wirklich sicher ob du tats\u00e4chlich Zugang zu allem bekommst, was du willst, nat\u00fcrlich \u2013 im Zusammenhang mit Pornos, aber ich bin sicher, das dir das Layout hier <a href='https:\/\/www.thepornlist.net\/de\/porn-tube-sites\/drtuber\/' class='excerpt-more'>[&#8230;]<\/a><\/p>\n","protected":false},"author":1,"featured_media":0,"parent":9407,"menu_order":39230,"comment_status":"closed","ping_status":"closed","template":"0-autofill-tpl-template.php","meta":{"_acf_changed":false,"footnotes":""},"tags":[],"acf":[],"aioseo_notices":[],"_links":{"self":[{"href":"https:\/\/www.thepornlist.net\/de\/wp-json\/wp\/v2\/pages\/10364"}],"collection":[{"href":"https:\/\/www.thepornlist.net\/de\/wp-json\/wp\/v2\/pages"}],"about":[{"href":"https:\/\/www.thepornlist.net\/de\/wp-json\/wp\/v2\/types\/page"}],"author":[{"embeddable":true,"href":"https:\/\/www.thepornlist.net\/de\/wp-json\/wp\/v2\/users\/1"}],"replies":[{"embeddable":true,"href":"https:\/\/www.thepornlist.net\/de\/wp-json\/wp\/v2\/comments?post=10364"}],"version-history":[{"count":0,"href":"https:\/\/www.thepornlist.net\/de\/wp-json\/wp\/v2\/pages\/10364\/revisions"}],"up":[{"embeddable":true,"href":"https:\/\/www.thepornlist.net\/de\/wp-json\/wp\/v2\/pages\/9407"}],"wp:attachment":[{"href":"https:\/\/www.thepornlist.net\/de\/wp-json\/wp\/v2\/media?parent=10364"}],"wp:term":[{"taxonomy":"post_tag","embeddable":true,"href":"https:\/\/www.thepornlist.net\/de\/wp-json\/wp\/v2\/tags?post=10364"}],"curies":[{"name":"wp","href":"https:\/\/api.w.org\/{rel}","templated":true}]}}