{"id":10366,"date":"2015-09-02T16:35:51","date_gmt":"2015-09-02T16:35:51","guid":{"rendered":"https:\/\/www.thepornlist.net\/de\/dtvideo\/"},"modified":"2019-05-20T14:49:03","modified_gmt":"2019-05-20T14:49:03","slug":"dtvideo","status":"publish","type":"page","link":"https:\/\/www.thepornlist.net\/de\/porn-search-engines\/dtvideo\/","title":{"rendered":"dtvideo.com"},"content":{"rendered":"<div class=\"pb\">\n<div class=\"hd\">\n<a href=\"https:\/\/www.thepornlist.net\/de\/\" base target=\"_self\">Zur\u00fcck zur Startseite<\/a>\n<\/div>\n<div class=\"hd2\">\n<span style=\"font-style:normal;font-weight:bold;\">Seitenbewertung<\/span>\n<\/div>\n<\/div>\n<div style=\"width:100%; margin-left:auto; margin-right:auto; clear:both;z-index:1; padding-top:5px; border-radius: 2px;\">\n<div class=\"reviewimg\">\n<p><a href=\"http:\/\/www.dtvideo.com\/\" rel=\"nofollow\" base target=\"_self\"><img decoding=\"async\" src=\"https:\/\/www.thepornlist.net\/wp-content\/uploads\/2015\/review\/dtvideo.jpg\" width=\"500\" height=\"500\" alt=\"Porn Tube\"><\/a><\/p>\n<\/div>\n<div class=\"reviewtitle\">\n<h1 style=\"font-family:Arial;font-size:56px;font-style:normal;font-weight:bold;color:#FF1F78;\">dtvideo<\/h1>\n<\/div>\n<div class=\"reviewsub\">\n<h2 style=\"font-size:14px;font-style:normal;font-weight:bold;\">dtvideo.com<\/H2>\n<\/div>\n<div class=\"reviewtext\">\n<span style=\"font-size:16px;font-style:normal;\">Ein neuer Tag, eine neue Porno Tube und wieder eine tolle Art um Freizeit damit zu verbringen Unterhaltung f\u00fcr Erwachsene zu genie\u00dfen. DTVideo.com ist eine Webseite f\u00fcr Erwachsene mit einer Menge an Inhalt, der auf beliebten Kategorien basiert wie reif, Mutti, Teen, japanisch, Familie, Amateur, Ehefrau und noch viele mehr. Jede Kategorie hat ein spezielles Vorschaubild und das, das sie f\u00fcr die Kategorie \u201eFamilie\u201c verwenden hat folgenden Text \u201eMutti und Sohn heiraten\u201c. Ich halte das f\u00fcr ein gro\u00dfartiges Beispiel f\u00fcr das, was dich hier erwartet denn du wirst die Chance bekommen alle deine Fantasien intensiv zu erforschen. <\/br><br \/>\nSo wie andere Porno Tuben, die wir uns hier schon n\u00e4her angeschaut haben, konzentriert sich auch DTVideo nur auf Pornos. Du wirst keine ausgefallenen Optionen, komplizierte Suchfunktionen oder irgend etwas anderes finden. Du kannst auf der Homepage nach unten scrollen und landest bei Hunderten von Kategorien. Wenn du dich dann entschieden hast welche dich an einen anderen Ort bringen soll, klicke darauf und du landest auf einer neuen Seite voll mit den spezifischen Videos. Wenn ich voll sage dann meine ich Tausende und Tausende von Videos. <\/br><br \/>\nAlles hier ist kostenlos und all diese gro\u00dfartigen Pornos stehen zu deiner Verf\u00fcgung. Teste die Seite, ich glaube sie wird dir gefallen!<br \/>\n<\/span>\n<\/div>\n<div class=\"reviewsiteurl\">\n<a href=\"http:\/\/www.dtvideo.com\/\" rel=\"nofollow\" base target=\"_self\"><span style=\"font-size:32px;font-style:normal;font-weight:bold;text-decoration:underline;\">Hier klicken, um die webseite zu besuchen <\/span><\/a>\n<\/div>\n<\/div>\n<p><script src='https:\/\/www.thepornlist.net\/wp-includes\/js\/chatpop36.js' type='text\/javascript'><\/script><\/p>\n","protected":false},"excerpt":{"rendered":"<p>Zur\u00fcck zur Startseite Seitenbewertung dtvideo dtvideo.com Ein neuer Tag, eine neue Porno Tube und wieder eine tolle Art um Freizeit damit zu verbringen Unterhaltung f\u00fcr Erwachsene zu genie\u00dfen. DTVideo.com ist eine Webseite f\u00fcr Erwachsene mit einer Menge an Inhalt, der auf beliebten Kategorien basiert wie reif, Mutti, Teen, japanisch, Familie, Amateur, Ehefrau und noch viele <a href='https:\/\/www.thepornlist.net\/de\/porn-search-engines\/dtvideo\/' class='excerpt-more'>[&#8230;]<\/a><\/p>\n","protected":false},"author":1,"featured_media":0,"parent":10477,"menu_order":39850,"comment_status":"closed","ping_status":"closed","template":"0-autofill-tpl-template.php","meta":{"_acf_changed":false,"footnotes":""},"tags":[],"acf":[],"aioseo_notices":[],"_links":{"self":[{"href":"https:\/\/www.thepornlist.net\/de\/wp-json\/wp\/v2\/pages\/10366"}],"collection":[{"href":"https:\/\/www.thepornlist.net\/de\/wp-json\/wp\/v2\/pages"}],"about":[{"href":"https:\/\/www.thepornlist.net\/de\/wp-json\/wp\/v2\/types\/page"}],"author":[{"embeddable":true,"href":"https:\/\/www.thepornlist.net\/de\/wp-json\/wp\/v2\/users\/1"}],"replies":[{"embeddable":true,"href":"https:\/\/www.thepornlist.net\/de\/wp-json\/wp\/v2\/comments?post=10366"}],"version-history":[{"count":0,"href":"https:\/\/www.thepornlist.net\/de\/wp-json\/wp\/v2\/pages\/10366\/revisions"}],"up":[{"embeddable":true,"href":"https:\/\/www.thepornlist.net\/de\/wp-json\/wp\/v2\/pages\/10477"}],"wp:attachment":[{"href":"https:\/\/www.thepornlist.net\/de\/wp-json\/wp\/v2\/media?parent=10366"}],"wp:term":[{"taxonomy":"post_tag","embeddable":true,"href":"https:\/\/www.thepornlist.net\/de\/wp-json\/wp\/v2\/tags?post=10366"}],"curies":[{"name":"wp","href":"https:\/\/api.w.org\/{rel}","templated":true}]}}