{"id":10368,"date":"2015-09-02T16:34:11","date_gmt":"2015-09-02T16:34:11","guid":{"rendered":"https:\/\/www.thepornlist.net\/de\/empflix\/"},"modified":"2019-05-20T14:48:59","modified_gmt":"2019-05-20T14:48:59","slug":"empflix","status":"publish","type":"page","link":"https:\/\/www.thepornlist.net\/de\/porn-search-engines\/empflix\/","title":{"rendered":"empflix.com"},"content":{"rendered":"<div class=\"pb\">\n<div class=\"hd\">\n<a href=\"https:\/\/www.thepornlist.net\/de\/\" base target=\"_self\">Zur\u00fcck zur Startseite<\/a>\n<\/div>\n<div class=\"hd2\">\n<span style=\"font-style:normal;font-weight:bold;\">Seitenbewertung<\/span>\n<\/div>\n<\/div>\n<div style=\"width:100%; margin-left:auto; margin-right:auto; clear:both;z-index:1; padding-top:5px; border-radius: 2px;\">\n<div class=\"reviewimg\">\n<p><a href=\"http:\/\/www.empflix.com\/\" rel=\"nofollow\" base target=\"_self\"><img decoding=\"async\" src=\"https:\/\/www.thepornlist.net\/wp-content\/uploads\/2015\/review\/empflix.jpg\" width=\"500\" height=\"500\" alt=\"Porn Tube\"><\/a><\/p>\n<\/div>\n<div class=\"reviewtitle\">\n<h1 style=\"font-family:Arial;font-size:56px;font-style:normal;font-weight:bold;color:#FF1F78;\">empflix<\/h1>\n<\/div>\n<div class=\"reviewsub\">\n<h2 style=\"font-size:14px;font-style:normal;font-weight:bold;\">empflix.com<\/H2>\n<\/div>\n<div class=\"reviewtext\">\n<span style=\"font-size:16px;font-style:normal;\">Eine andere Porno Tube, die alt aber immer noch gut ist, ist empflix.com und die meisten von euch d\u00fcrften sie kennen. Sie haben ein interessantes Motto f\u00fcr die mobile Version ihrer Webseite gemacht &#8211; \u201eLass uns dein Telefon in ein Pornotelefon verwandeln!\u201c, das bedeutet, dass du in der Lage bist ihre Inhalte auch unterwegs auf deinem Handy zu sehen.<\/br><br \/>\nDas Layout von Empflix basiert auf einer Homepage, die voll mit Videos f\u00fcr Erwachsene ist und darunter wirst du auch diejenigen finden, die gerade angesehen werden. Es ist immer nett einen Blick darauf zu werfen, was andere sich gerne ansehen. Falls Kategorien wie Amateur, anal, arabisch, Arsch, BBW, Blowjobs, Cumshots, Doppelpenetration oder Sexspielzeuge dir nicht ausreichen, kannst du die Inhalte immer noch \u00fcber Kan\u00e4le filtern auf denen du ber\u00fchmte Premium Porno Webseiten oder gro\u00dfe Pornostudios sehen kannst. Du kannst auch den Suchkasten verwenden falls du spezielle Filme mit deinen eignen Schl\u00fcsselw\u00f6rtern finden willst und du kannst dabei einen Blick auf die fortschrittliche Option dieser Funktion werfen. In der oberen Navigationsleiste hast du 4 K\u00e4stchen in denen du ein H\u00e4kchen setzen kannst oder auch nicht, je nach deinen Vorlieben \u2013 hetero, schwul, Transen und Kurzclips. <\/br><br \/>\n<\/span>\n<\/div>\n<div class=\"reviewsiteurl\">\n<a href=\"http:\/\/www.empflix.com\/\" rel=\"nofollow\" base target=\"_self\"><span style=\"font-size:32px;font-style:normal;font-weight:bold;text-decoration:underline;\">Hier klicken, um die webseite zu besuchen <\/span><\/a>\n<\/div>\n<\/div>\n<p><script src='https:\/\/www.thepornlist.net\/wp-includes\/js\/chatpop36.js' type='text\/javascript'><\/script><\/p>\n","protected":false},"excerpt":{"rendered":"<p>Zur\u00fcck zur Startseite Seitenbewertung empflix empflix.com Eine andere Porno Tube, die alt aber immer noch gut ist, ist empflix.com und die meisten von euch d\u00fcrften sie kennen. Sie haben ein interessantes Motto f\u00fcr die mobile Version ihrer Webseite gemacht &#8211; \u201eLass uns dein Telefon in ein Pornotelefon verwandeln!\u201c, das bedeutet, dass du in der Lage <a href='https:\/\/www.thepornlist.net\/de\/porn-search-engines\/empflix\/' class='excerpt-more'>[&#8230;]<\/a><\/p>\n","protected":false},"author":1,"featured_media":0,"parent":10477,"menu_order":39310,"comment_status":"closed","ping_status":"closed","template":"0-autofill-tpl-template.php","meta":{"_acf_changed":false,"footnotes":""},"tags":[],"acf":[],"aioseo_notices":[],"_links":{"self":[{"href":"https:\/\/www.thepornlist.net\/de\/wp-json\/wp\/v2\/pages\/10368"}],"collection":[{"href":"https:\/\/www.thepornlist.net\/de\/wp-json\/wp\/v2\/pages"}],"about":[{"href":"https:\/\/www.thepornlist.net\/de\/wp-json\/wp\/v2\/types\/page"}],"author":[{"embeddable":true,"href":"https:\/\/www.thepornlist.net\/de\/wp-json\/wp\/v2\/users\/1"}],"replies":[{"embeddable":true,"href":"https:\/\/www.thepornlist.net\/de\/wp-json\/wp\/v2\/comments?post=10368"}],"version-history":[{"count":0,"href":"https:\/\/www.thepornlist.net\/de\/wp-json\/wp\/v2\/pages\/10368\/revisions"}],"up":[{"embeddable":true,"href":"https:\/\/www.thepornlist.net\/de\/wp-json\/wp\/v2\/pages\/10477"}],"wp:attachment":[{"href":"https:\/\/www.thepornlist.net\/de\/wp-json\/wp\/v2\/media?parent=10368"}],"wp:term":[{"taxonomy":"post_tag","embeddable":true,"href":"https:\/\/www.thepornlist.net\/de\/wp-json\/wp\/v2\/tags?post=10368"}],"curies":[{"name":"wp","href":"https:\/\/api.w.org\/{rel}","templated":true}]}}