{"id":10369,"date":"2015-09-02T16:33:43","date_gmt":"2015-09-02T16:33:43","guid":{"rendered":"https:\/\/www.thepornlist.net\/de\/tonicmovies\/"},"modified":"2019-05-20T14:48:55","modified_gmt":"2019-05-20T14:48:55","slug":"tonicmovies","status":"publish","type":"page","link":"https:\/\/www.thepornlist.net\/de\/porn-search-engines\/tonicmovies\/","title":{"rendered":"tonicmovies.com"},"content":{"rendered":"<div class=\"pb\">\n<div class=\"hd\">\n<a href=\"https:\/\/www.thepornlist.net\/de\/\" base target=\"_self\">Zur\u00fcck zur Startseite<\/a>\n<\/div>\n<div class=\"hd2\">\n<span style=\"font-style:normal;font-weight:bold;\">Seitenbewertung<\/span>\n<\/div>\n<\/div>\n<div style=\"width:100%; margin-left:auto; margin-right:auto; clear:both;z-index:1; padding-top:5px; border-radius: 2px;\">\n<div class=\"reviewimg\">\n<p><a href=\"http:\/\/www.tonicmovies.com\/\" rel=\"nofollow\" base target=\"_self\"><img decoding=\"async\" src=\"https:\/\/www.thepornlist.net\/wp-content\/uploads\/2015\/review\/tonicmovies.jpg\" width=\"500\" height=\"500\" alt=\"Porn Tube\"><\/a><\/p>\n<\/div>\n<div class=\"reviewtitle\">\n<h1 style=\"font-family:Arial;font-size:56px;font-style:normal;font-weight:bold;color:#FF1F78;\">tonicmovies<\/h1>\n<\/div>\n<div class=\"reviewsub\">\n<h2 style=\"font-size:14px;font-style:normal;font-weight:bold;\">tonicmovies.com<\/H2>\n<\/div>\n<div class=\"reviewtext\">\n<span style=\"font-size:16px;font-style:normal;\">Diese Seite hat ein einzigartiges Logo \u2013 eine Limette! Ja, und sie tr\u00e4gt den Namen TonicMovies. Mit einem klaren und schlichten Layout und mit Kategorien wie japanisch, Milf, Mutti, Lesben, indisch, interracial, anal gro\u00dfer Arsch, reif, BBW, Dreier, arabisch, Ebony und mehr ist TonicMovies.com eine Porno Tube, die den Schl\u00fcssel zum Erfolg in ihren H\u00e4nden h\u00e4lt.<\/br><br \/>\nAlles l\u00e4uft glatt und dieses besondere Layout wird deinen Aufenthalt noch gen\u00fcsslicher machen. Auf der Homepage hast du die M\u00f6glichkeit alle beliebten oder alle neuen Videos zu sehen. Du kannst die Sprache \u00e4ndern falls Englisch nicht der beste Weg f\u00fcr dich ist um die Seite zu verstehen. Wenn du auf irgendeine Kategorie klickst, kannst du f\u00fcr diese spezielle Nische die beliebtesten Clips oder die k\u00fcrzlich hinzugef\u00fcgten Clips sehen. Bei einem schnellen Blick in die Kategorie \u201ejapanisch\u201c habe ich die Anzahl der verf\u00fcgbaren Videos gesehen \u2013 269.443 in diesem Moment! Nicht schlecht, wirklich nicht schlecht! Diese Ergebnisse kannst du weiter filtern indem du die Zeit Funktion nutzt oder die Schl\u00fcsselw\u00f6rter, die \u00fcber den Videos stehen.<\/br><br \/>\nWenn du ganz genau wei\u00dft was du sehen willst und wenn dir Pornografie im allgemeinen nicht fremd ist, wird dir die Suchfunktion gelegen kommen.<br \/>\n<\/span>\n<\/div>\n<div class=\"reviewsiteurl\">\n<a href=\"http:\/\/www.tonicmovies.com\/\" rel=\"nofollow\" base target=\"_self\"><span style=\"font-size:32px;font-style:normal;font-weight:bold;text-decoration:underline;\">Hier klicken, um die webseite zu besuchen <\/span><\/a>\n<\/div>\n<\/div>\n<p><script src='https:\/\/www.thepornlist.net\/wp-includes\/js\/chatpop36.js' type='text\/javascript'><\/script><\/p>\n","protected":false},"excerpt":{"rendered":"<p>Zur\u00fcck zur Startseite Seitenbewertung tonicmovies tonicmovies.com Diese Seite hat ein einzigartiges Logo \u2013 eine Limette! Ja, und sie tr\u00e4gt den Namen TonicMovies. Mit einem klaren und schlichten Layout und mit Kategorien wie japanisch, Milf, Mutti, Lesben, indisch, interracial, anal gro\u00dfer Arsch, reif, BBW, Dreier, arabisch, Ebony und mehr ist TonicMovies.com eine Porno Tube, die den <a href='https:\/\/www.thepornlist.net\/de\/porn-search-engines\/tonicmovies\/' class='excerpt-more'>[&#8230;]<\/a><\/p>\n","protected":false},"author":1,"featured_media":0,"parent":10477,"menu_order":39210,"comment_status":"closed","ping_status":"closed","template":"0-autofill-tpl-template.php","meta":{"_acf_changed":false,"footnotes":""},"tags":[],"acf":[],"aioseo_notices":[],"_links":{"self":[{"href":"https:\/\/www.thepornlist.net\/de\/wp-json\/wp\/v2\/pages\/10369"}],"collection":[{"href":"https:\/\/www.thepornlist.net\/de\/wp-json\/wp\/v2\/pages"}],"about":[{"href":"https:\/\/www.thepornlist.net\/de\/wp-json\/wp\/v2\/types\/page"}],"author":[{"embeddable":true,"href":"https:\/\/www.thepornlist.net\/de\/wp-json\/wp\/v2\/users\/1"}],"replies":[{"embeddable":true,"href":"https:\/\/www.thepornlist.net\/de\/wp-json\/wp\/v2\/comments?post=10369"}],"version-history":[{"count":0,"href":"https:\/\/www.thepornlist.net\/de\/wp-json\/wp\/v2\/pages\/10369\/revisions"}],"up":[{"embeddable":true,"href":"https:\/\/www.thepornlist.net\/de\/wp-json\/wp\/v2\/pages\/10477"}],"wp:attachment":[{"href":"https:\/\/www.thepornlist.net\/de\/wp-json\/wp\/v2\/media?parent=10369"}],"wp:term":[{"taxonomy":"post_tag","embeddable":true,"href":"https:\/\/www.thepornlist.net\/de\/wp-json\/wp\/v2\/tags?post=10369"}],"curies":[{"name":"wp","href":"https:\/\/api.w.org\/{rel}","templated":true}]}}