{"id":10370,"date":"2015-09-02T16:32:22","date_gmt":"2015-09-02T16:32:22","guid":{"rendered":"https:\/\/www.thepornlist.net\/de\/pinkdino\/"},"modified":"2019-05-20T14:48:52","modified_gmt":"2019-05-20T14:48:52","slug":"pinkdino","status":"publish","type":"page","link":"https:\/\/www.thepornlist.net\/de\/porn-search-engines\/pinkdino\/","title":{"rendered":"Pinkdino.com"},"content":{"rendered":"<div class=\"pb\">\n<div class=\"hd\">\n<a href=\"https:\/\/www.thepornlist.net\/de\/\" base target=\"_self\">Zur\u00fcck zur Startseite<\/a>\n<\/div>\n<div class=\"hd2\">\n<span style=\"font-style:normal;font-weight:bold;\">Seitenbewertung<\/span>\n<\/div>\n<\/div>\n<div style=\"width:100%; margin-left:auto; margin-right:auto; clear:both;z-index:1; padding-top:5px; border-radius: 2px;\">\n<div class=\"reviewimg\">\n<p><a href=\"http:\/\/www.pinkdino.com\/\" rel=\"nofollow\" base target=\"_self\"><img decoding=\"async\" src=\"https:\/\/www.thepornlist.net\/wp-content\/uploads\/2015\/review\/pinkdino.jpg\" width=\"500\" height=\"500\" alt=\"Porn Tube\"><\/a><\/p>\n<\/div>\n<div class=\"reviewtitle\">\n<h1 style=\"font-family:Arial;font-size:56px;font-style:normal;font-weight:bold;color:#FF1F78;\">pinkdino<\/h1>\n<\/div>\n<div class=\"reviewsub\">\n<h2 style=\"font-size:14px;font-style:normal;font-weight:bold;\">pinkdino.com<\/H2>\n<\/div>\n<div class=\"reviewtext\">\n<span style=\"font-size:16px;font-style:normal;\">PinkDino.com ist eine Porno Tuben Webseite, die nat\u00fcrlich auch ein pinkes Layout hat. Ich bin kein Fan der Farbe pink aber diese Plattform sieht gut aus.<\/br><br \/>\nDu kannst deine Schatzsuche im Reich von PinkDino mit den beliebtesten Kategorien beginnen, die du auf dieser Homepage unter einigen wirklich gro\u00dfen und ausgefallenen Vorschaubildern finden wirst. Teen, japanisch, Mutti, reif, Lesben, anal, Amateur, deutsch, Webcam, Vintage und Teen anal sind nur einige der Namen, die du lesen wirst. Es sind im wahrsten Sinne des Wortes Hunderte von Nischen. <\/br><br \/>\nNach einigem scrollen habe ich mich dazu entschlossen einen Blick auf die \u201eLap Dance\u201c Kategorie zu werfen. Es war f\u00fcr mich keine gro\u00dfe \u00dcberraschung Hunderte von Filmen in dieser Nische zu sehen, besonders weil PinkDino keine eigenen Inhalte hostet und alle Videos eingebettet sind.<\/br><br \/>\nDu hast freien Zugang zu jedem Winkel dieser Porno Tube und sie verschwenden auch nicht deine Zeit mit nutzlosen Anmeldungen, Usernamen oder sonstigem. Auf dieser Webseite dreht sich alles um Pornografie und nicht um Gemeinschaften und andere soziale Dinge.<\/br><br \/>\nDa es auf dem Markt genug Platz f\u00fcr jeden gibt und da wir so viele Porno Tuben wie nur m\u00f6glich brauchen da wir die Vielfalt m\u00f6gen, hei\u00dfen wir PinkDino in den Reihen der Unterhaltung f\u00fcr Erwachsene willkommen.<br \/>\n<\/span>\n<\/div>\n<div class=\"reviewsiteurl\">\n<a href=\"http:\/\/www.pinkdino.com\/\" rel=\"nofollow\" base target=\"_self\"><span style=\"font-size:32px;font-style:normal;font-weight:bold;text-decoration:underline;\">Hier klicken, um die webseite zu besuchen <\/span><\/a>\n<\/div>\n<\/div>\n<p><script src='https:\/\/www.thepornlist.net\/wp-includes\/js\/chatpop36.js' type='text\/javascript'><\/script><\/p>\n","protected":false},"excerpt":{"rendered":"<p>Zur\u00fcck zur Startseite Seitenbewertung pinkdino pinkdino.com PinkDino.com ist eine Porno Tuben Webseite, die nat\u00fcrlich auch ein pinkes Layout hat. Ich bin kein Fan der Farbe pink aber diese Plattform sieht gut aus. Du kannst deine Schatzsuche im Reich von PinkDino mit den beliebtesten Kategorien beginnen, die du auf dieser Homepage unter einigen wirklich gro\u00dfen und <a href='https:\/\/www.thepornlist.net\/de\/porn-search-engines\/pinkdino\/' class='excerpt-more'>[&#8230;]<\/a><\/p>\n","protected":false},"author":1,"featured_media":0,"parent":10477,"menu_order":39070,"comment_status":"closed","ping_status":"closed","template":"0-autofill-tpl-template.php","meta":{"_acf_changed":false,"footnotes":""},"tags":[],"acf":[],"aioseo_notices":[],"_links":{"self":[{"href":"https:\/\/www.thepornlist.net\/de\/wp-json\/wp\/v2\/pages\/10370"}],"collection":[{"href":"https:\/\/www.thepornlist.net\/de\/wp-json\/wp\/v2\/pages"}],"about":[{"href":"https:\/\/www.thepornlist.net\/de\/wp-json\/wp\/v2\/types\/page"}],"author":[{"embeddable":true,"href":"https:\/\/www.thepornlist.net\/de\/wp-json\/wp\/v2\/users\/1"}],"replies":[{"embeddable":true,"href":"https:\/\/www.thepornlist.net\/de\/wp-json\/wp\/v2\/comments?post=10370"}],"version-history":[{"count":0,"href":"https:\/\/www.thepornlist.net\/de\/wp-json\/wp\/v2\/pages\/10370\/revisions"}],"up":[{"embeddable":true,"href":"https:\/\/www.thepornlist.net\/de\/wp-json\/wp\/v2\/pages\/10477"}],"wp:attachment":[{"href":"https:\/\/www.thepornlist.net\/de\/wp-json\/wp\/v2\/media?parent=10370"}],"wp:term":[{"taxonomy":"post_tag","embeddable":true,"href":"https:\/\/www.thepornlist.net\/de\/wp-json\/wp\/v2\/tags?post=10370"}],"curies":[{"name":"wp","href":"https:\/\/api.w.org\/{rel}","templated":true}]}}