{"id":10372,"date":"2015-09-02T16:30:03","date_gmt":"2015-09-02T16:30:03","guid":{"rendered":"https:\/\/www.thepornlist.net\/de\/gigantits\/"},"modified":"2019-05-24T11:24:04","modified_gmt":"2019-05-24T11:24:04","slug":"gigantits","status":"publish","type":"page","link":"https:\/\/www.thepornlist.net\/de\/porn-search-engines\/gigantits\/","title":{"rendered":"gigantits"},"content":{"rendered":"<div class=\"pb\">\n<div class=\"hd\">\n<a href=\"https:\/\/www.thepornlist.net\/de\/\" base target=\"_self\">Zur\u00fcck zur Startseite<\/a>\n<\/div>\n<div class=\"hd2\">\n<span style=\"font-style:normal;font-weight:bold;\">Seitenbewertung<\/span>\n<\/div>\n<\/div>\n<div style=\"width:100%; margin-left:auto; margin-right:auto; clear:both;z-index:1; padding-top:5px; border-radius: 2px;\">\n<div class=\"reviewimg\">\n<p><a href=\"http:\/\/www.gigantits.com\/\" rel=\"nofollow\" base target=\"_self\"><img decoding=\"async\" src=\"https:\/\/www.thepornlist.net\/wp-content\/uploads\/2015\/review\/gigantits.jpg\" width=\"500\" height=\"500\" alt=\"Porn Tube\"><\/a><\/p>\n<\/div>\n<div class=\"reviewtitle\">\n<h1 style=\"font-family:Arial;font-size:56px;font-style:normal;font-weight:bold;color:#FF1F78;\">gigantits<\/h1>\n<\/div>\n<div class=\"reviewsub\">\n<h2 style=\"font-size:14px;font-style:normal;font-weight:bold;\">gigantits.com<\/H2>\n<\/div>\n<div class=\"reviewtext\">\n<span style=\"font-size:16px;font-style:normal;\">GiganTits wird dich dazu bringen zu kichern wie ein Kind! Sie fargen ob du Titten sehen m\u00f6chtest. Nat\u00fcrlich ist das eine rhetorische Frage. Dann erz\u00e4hlen se dir, was du auf dieser Porno Tube finden wirst: \u201ewir haben hier nur gro\u00dfe Titten, riesige Titten, gigantische Titten!\u201c Ich bin sprachlos und in meinem Kopf gibt es nur noch ein Wort &#8211; \u201eJA!\u201c<\/br><br \/>\nUnter GiganTits.com wirst du keine hochentwickelte Porno Tube finden aber du wirst eine Menge Vorschaubilder mit dicken Titten sehen. Du hast nur ein paar Optionen um die Inhalte zu filtern \u2013 am besten bewertete Filme, die besten Riesentitten des Monats und einige Seiten zum anschauen. Wenn du auf irgendein Vorschaubild klickst, gelangst du auf eine neue Seite wo du den Film auf einer externen Webseite sehen kannst. Das Konzept dieser Porno Plattform ist simpel: du kommst nicht hierher um \u00fcber iOS oder die NASA zu sprechen oder um einen Weltraum Simulator zu testen, der auf einer fortschrittlichen Webseite gebaut wurde. Du kommst wegen Titten, du bleibst wegen Titten und du kommst wieder wegen Titten. Du kannst mit scrollen durch die Seite st\u00f6bern und das kann eine gute Sache sein denn auf diese Weise wirst du kein einziges Video verpassen.<br \/>\n<\/span>\n<\/div>\n<div class=\"reviewsiteurl\">\n<a href=\"http:\/\/www.gigantits.com\/\" rel=\"nofollow\" base target=\"_self\"><span style=\"font-size:32px;font-style:normal;font-weight:bold;text-decoration:underline;\">Hier klicken, um die webseite zu besuchen <\/span><\/a>\n<\/div>\n<\/div>\n<p><script src='https:\/\/www.thepornlist.net\/wp-includes\/js\/chatpop36.js' type='text\/javascript'><\/script><\/p>\n","protected":false},"excerpt":{"rendered":"<p>Zur\u00fcck zur Startseite Seitenbewertung gigantits gigantits.com GiganTits wird dich dazu bringen zu kichern wie ein Kind! Sie fargen ob du Titten sehen m\u00f6chtest. Nat\u00fcrlich ist das eine rhetorische Frage. Dann erz\u00e4hlen se dir, was du auf dieser Porno Tube finden wirst: \u201ewir haben hier nur gro\u00dfe Titten, riesige Titten, gigantische Titten!\u201c Ich bin sprachlos und <a href='https:\/\/www.thepornlist.net\/de\/porn-search-engines\/gigantits\/' class='excerpt-more'>[&#8230;]<\/a><\/p>\n","protected":false},"author":1,"featured_media":0,"parent":10477,"menu_order":38810,"comment_status":"closed","ping_status":"closed","template":"0-autofill-tpl-template.php","meta":{"_acf_changed":false,"footnotes":""},"tags":[],"acf":[],"aioseo_notices":[],"_links":{"self":[{"href":"https:\/\/www.thepornlist.net\/de\/wp-json\/wp\/v2\/pages\/10372"}],"collection":[{"href":"https:\/\/www.thepornlist.net\/de\/wp-json\/wp\/v2\/pages"}],"about":[{"href":"https:\/\/www.thepornlist.net\/de\/wp-json\/wp\/v2\/types\/page"}],"author":[{"embeddable":true,"href":"https:\/\/www.thepornlist.net\/de\/wp-json\/wp\/v2\/users\/1"}],"replies":[{"embeddable":true,"href":"https:\/\/www.thepornlist.net\/de\/wp-json\/wp\/v2\/comments?post=10372"}],"version-history":[{"count":0,"href":"https:\/\/www.thepornlist.net\/de\/wp-json\/wp\/v2\/pages\/10372\/revisions"}],"up":[{"embeddable":true,"href":"https:\/\/www.thepornlist.net\/de\/wp-json\/wp\/v2\/pages\/10477"}],"wp:attachment":[{"href":"https:\/\/www.thepornlist.net\/de\/wp-json\/wp\/v2\/media?parent=10372"}],"wp:term":[{"taxonomy":"post_tag","embeddable":true,"href":"https:\/\/www.thepornlist.net\/de\/wp-json\/wp\/v2\/tags?post=10372"}],"curies":[{"name":"wp","href":"https:\/\/api.w.org\/{rel}","templated":true}]}}