{"id":10373,"date":"2015-09-02T16:29:21","date_gmt":"2015-09-02T16:29:21","guid":{"rendered":"https:\/\/www.thepornlist.net\/de\/parispornmovies\/"},"modified":"2019-05-24T11:24:01","modified_gmt":"2019-05-24T11:24:01","slug":"parispornmovies","status":"publish","type":"page","link":"https:\/\/www.thepornlist.net\/de\/porn-search-engines\/parispornmovies\/","title":{"rendered":"parispornmovies"},"content":{"rendered":"<div class=\"pb\">\n<div class=\"hd\">\n<a href=\"https:\/\/www.thepornlist.net\/de\/\" base target=\"_self\">Zur\u00fcck zur Startseite<\/a>\n<\/div>\n<div class=\"hd2\">\n<span style=\"font-style:normal;font-weight:bold;\">Seitenbewertung<\/span>\n<\/div>\n<\/div>\n<div style=\"width:100%; margin-left:auto; margin-right:auto; clear:both;z-index:1; padding-top:5px; border-radius: 2px;\">\n<div class=\"reviewimg\">\n<p><a href=\"http:\/\/www.parispornmovies.com\/\" rel=\"nofollow\" base target=\"_self\"><img decoding=\"async\" src=\"https:\/\/www.thepornlist.net\/wp-content\/uploads\/2015\/review\/parispornmovies.jpg\" width=\"500\" height=\"500\" alt=\"Porn Tube\"><\/a><\/p>\n<\/div>\n<div class=\"reviewtitle\">\n<h1 style=\"font-family:Arial;font-size:56px;font-style:normal;font-weight:bold;color:#FF1F78;\">parispornmovies<\/h1>\n<\/div>\n<div class=\"reviewsub\">\n<h2 style=\"font-size:14px;font-style:normal;font-weight:bold;\">parispornmovies.com<\/H2>\n<\/div>\n<div class=\"reviewtext\">\n<span style=\"font-size:16px;font-style:normal;\">Wenn man eine Tube mit einem Namen wie ParisPornMovies sieht, erwartet man eine Menge franz\u00f6sische Babes, die versaute Sahen machen, und nichts anderes. Es scheint, dass diese Seite dich nicht nur damit versorgt sondern dir alles bietet, was zum Thema Porno geh\u00f6rt.Auf der Homepage siehst du einige Kategorien mit \u00dcberschriften wie Ber\u00fchmtheiten oder \u00f6ffentlich. Darunter wirst du nat\u00fcrlich auch einige franz\u00f6sische Kategorien finden!<\/br><br \/>\nObwohl ich die Wichtigkeit von SEO verstehe, glaube ich dennoch, dass es ein bisschen \u00fcbertrieben ist diese Vielzahl an Schlagw\u00f6rtern auf der linken Seite bei ParisPornMovies.com zu platzieren. Ja, es kann f\u00fcr SEO n\u00fctzlich sein, es kann auch f\u00fcr dich als Besucher n\u00fctzlich sein aber es ist h\u00f6chst un\u00e4sthetisch und es gibt viele andere Arten sie anzuordnen.<\/br><br \/>\nWas du sehen m\u00f6chtest, kannst du ganz oben ver\u00e4ndern indem du in den K\u00e4stchen wie hetero, schwul, shemale ein H\u00e4kchen setzt oder du suchst dir eine bestimmte Kategorie aus. Wen du das getan hast, wirst du jede Menge Vorschaubilder und Videos sehen. Alle Clips befinden sich auf externen Webseiten, das bedeutet, dass du nach einem Klick auf das, was dich fesselt, weitergeleitet werden wirst.<br \/>\n<\/span>\n<\/div>\n<div class=\"reviewsiteurl\">\n<a href=\"http:\/\/www.parispornmovies.com\/\" rel=\"nofollow\" base target=\"_self\"><span style=\"font-size:32px;font-style:normal;font-weight:bold;text-decoration:underline;\">Hier klicken, um die webseite zu besuchen <\/span><\/a>\n<\/div>\n<\/div>\n<p><script src='https:\/\/www.thepornlist.net\/wp-includes\/js\/chatpop36.js' type='text\/javascript'><\/script><\/p>\n","protected":false},"excerpt":{"rendered":"<p>Zur\u00fcck zur Startseite Seitenbewertung parispornmovies parispornmovies.com Wenn man eine Tube mit einem Namen wie ParisPornMovies sieht, erwartet man eine Menge franz\u00f6sische Babes, die versaute Sahen machen, und nichts anderes. Es scheint, dass diese Seite dich nicht nur damit versorgt sondern dir alles bietet, was zum Thema Porno geh\u00f6rt.Auf der Homepage siehst du einige Kategorien mit <a href='https:\/\/www.thepornlist.net\/de\/porn-search-engines\/parispornmovies\/' class='excerpt-more'>[&#8230;]<\/a><\/p>\n","protected":false},"author":1,"featured_media":0,"parent":10477,"menu_order":38610,"comment_status":"closed","ping_status":"closed","template":"0-autofill-tpl-template.php","meta":{"_acf_changed":false,"footnotes":""},"tags":[],"acf":[],"aioseo_notices":[],"_links":{"self":[{"href":"https:\/\/www.thepornlist.net\/de\/wp-json\/wp\/v2\/pages\/10373"}],"collection":[{"href":"https:\/\/www.thepornlist.net\/de\/wp-json\/wp\/v2\/pages"}],"about":[{"href":"https:\/\/www.thepornlist.net\/de\/wp-json\/wp\/v2\/types\/page"}],"author":[{"embeddable":true,"href":"https:\/\/www.thepornlist.net\/de\/wp-json\/wp\/v2\/users\/1"}],"replies":[{"embeddable":true,"href":"https:\/\/www.thepornlist.net\/de\/wp-json\/wp\/v2\/comments?post=10373"}],"version-history":[{"count":0,"href":"https:\/\/www.thepornlist.net\/de\/wp-json\/wp\/v2\/pages\/10373\/revisions"}],"up":[{"embeddable":true,"href":"https:\/\/www.thepornlist.net\/de\/wp-json\/wp\/v2\/pages\/10477"}],"wp:attachment":[{"href":"https:\/\/www.thepornlist.net\/de\/wp-json\/wp\/v2\/media?parent=10373"}],"wp:term":[{"taxonomy":"post_tag","embeddable":true,"href":"https:\/\/www.thepornlist.net\/de\/wp-json\/wp\/v2\/tags?post=10373"}],"curies":[{"name":"wp","href":"https:\/\/api.w.org\/{rel}","templated":true}]}}