{"id":10374,"date":"2015-09-02T16:28:03","date_gmt":"2015-09-02T16:28:03","guid":{"rendered":"https:\/\/www.thepornlist.net\/de\/porn-tube-sites\/4tube\/"},"modified":"2019-05-23T12:54:29","modified_gmt":"2019-05-23T12:54:29","slug":"4tube","status":"publish","type":"page","link":"https:\/\/www.thepornlist.net\/de\/porn-tube-sites\/4tube\/","title":{"rendered":"4tube"},"content":{"rendered":"<div class=\"pb\">\n<div class=\"hd\">\n<a href=\"https:\/\/www.thepornlist.net\/de\/\" base target=\"_self\">Zur\u00fcck zur Startseite<\/a>\n<\/div>\n<div class=\"hd2\">\n<span style=\"font-style:normal;font-weight:bold;\">Seitenbewertung<\/span>\n<\/div>\n<\/div>\n<div style=\"width:100%; margin-left:auto; margin-right:auto; clear:both;z-index:1; padding-top:5px; border-radius: 2px;\">\n<div class=\"reviewimg\">\n<p><a href=\"https:\/\/www.4tube.com\/\" rel=\"nofollow\" base target=\"_self\"><img decoding=\"async\" src=\"https:\/\/www.thepornlist.net\/wp-content\/uploads\/2015\/review\/4tube.jpg\" width=\"500\" height=\"500\" alt=\"Porn Tube\"><\/a><\/p>\n<\/div>\n<div class=\"reviewtitle\">\n<h1 style=\"font-family:Arial;font-size:56px;font-style:normal;font-weight:bold;color:#FF1F78;\">4tube<\/h1>\n<\/div>\n<div class=\"reviewsub\">\n<h2 style=\"font-size:14px;font-style:normal;font-weight:bold;\">4tube.com<\/H2>\n<\/div>\n<div class=\"reviewtext\">\n<span style=\"font-size:16px;font-style:normal;\">4tubecom \u2013 Schwing dich auf und pack den Schwanz aus! Nettes Mottos von diesen Jungs und auch ein ziemlich nettes Webseiten Design. Es sticht aus dem typischen Design von Porno Tuben heraus und hat irgendwie etwas Modernes an sich. <\/br><\/p>\n<p>4tube ist eine Porno Webseite wo du auf der Homepage gleich die meist gesehenen Erwachsenen Videos des Tages zu sehen. Darunter kannst du die neuesten kostenlosen Porno Videos sehen. Du kannst auf den \u201eAlle Videos sehen\u201c Schalter dr\u00fccken und du wirst zu einer Seite gef\u00fchrt wo du wahrscheinlich alle Videos siehst, die sie jemals ver\u00f6ffentlicht haben. Du kannst sie sortieren nach Beliebtheit, Datum, Dauer, Bewertung, Klicks und nach HD Qualit\u00e4t. In der oberen rechten Ecke kannst du den Inhalt von heterosexuell zu schwul oder Shemale \u00e4ndern. <\/br><\/p>\n<p>Alles ist kostenlos und du brauchst keinen Account um diese Porno Tube genie\u00dfen zu k\u00f6nnen. Wenn du Kommentare hinterlassen willst oder deine Lieblingsvideos speichern willst, dann musst du dich registrieren. Keine Sorge, das ist auch kostenlos. Du kannst die Kategorien dazu benutzen deine Inhalte nach Nischen wie Amateur, anal, asiatisch, Babe oder BBW zu sortieren oder du kannst Kan\u00e4le nutzen um deine Porno Sachen nach Webseiten zu sortieren.<br \/>\n<\/span>\n<\/div>\n<div class=\"reviewsiteurl\">\n<a href=\"https:\/\/www.4tube.com\/\" rel=\"nofollow\" base target=\"_self\"><span style=\"font-size:32px;font-style:normal;font-weight:bold;text-decoration:underline;\">Hier klicken, um die webseite zu besuchen <\/span><\/a>\n<\/div>\n<\/div>\n","protected":false},"excerpt":{"rendered":"<p>Zur\u00fcck zur Startseite Seitenbewertung 4tube 4tube.com 4tubecom \u2013 Schwing dich auf und pack den Schwanz aus! Nettes Mottos von diesen Jungs und auch ein ziemlich nettes Webseiten Design. Es sticht aus dem typischen Design von Porno Tuben heraus und hat irgendwie etwas Modernes an sich. 4tube ist eine Porno Webseite wo du auf der Homepage <a href='https:\/\/www.thepornlist.net\/de\/porn-tube-sites\/4tube\/' class='excerpt-more'>[&#8230;]<\/a><\/p>\n","protected":false},"author":1,"featured_media":0,"parent":9407,"menu_order":46110,"comment_status":"closed","ping_status":"closed","template":"0-autofill-tpl-template.php","meta":{"_acf_changed":false,"footnotes":""},"tags":[],"acf":[],"aioseo_notices":[],"_links":{"self":[{"href":"https:\/\/www.thepornlist.net\/de\/wp-json\/wp\/v2\/pages\/10374"}],"collection":[{"href":"https:\/\/www.thepornlist.net\/de\/wp-json\/wp\/v2\/pages"}],"about":[{"href":"https:\/\/www.thepornlist.net\/de\/wp-json\/wp\/v2\/types\/page"}],"author":[{"embeddable":true,"href":"https:\/\/www.thepornlist.net\/de\/wp-json\/wp\/v2\/users\/1"}],"replies":[{"embeddable":true,"href":"https:\/\/www.thepornlist.net\/de\/wp-json\/wp\/v2\/comments?post=10374"}],"version-history":[{"count":0,"href":"https:\/\/www.thepornlist.net\/de\/wp-json\/wp\/v2\/pages\/10374\/revisions"}],"up":[{"embeddable":true,"href":"https:\/\/www.thepornlist.net\/de\/wp-json\/wp\/v2\/pages\/9407"}],"wp:attachment":[{"href":"https:\/\/www.thepornlist.net\/de\/wp-json\/wp\/v2\/media?parent=10374"}],"wp:term":[{"taxonomy":"post_tag","embeddable":true,"href":"https:\/\/www.thepornlist.net\/de\/wp-json\/wp\/v2\/tags?post=10374"}],"curies":[{"name":"wp","href":"https:\/\/api.w.org\/{rel}","templated":true}]}}