{"id":10376,"date":"2015-09-02T16:25:53","date_gmt":"2015-09-02T16:25:53","guid":{"rendered":"https:\/\/www.thepornlist.net\/de\/bravoteens\/"},"modified":"2019-05-24T11:23:57","modified_gmt":"2019-05-24T11:23:57","slug":"bravoteens","status":"publish","type":"page","link":"https:\/\/www.thepornlist.net\/de\/porn-search-engines\/bravoteens\/","title":{"rendered":"Bravoteens"},"content":{"rendered":"<div class=\"pb\">\n<div class=\"hd\">\n<a href=\"https:\/\/www.thepornlist.net\/de\/\" base target=\"_self\">Zur\u00fcck zur Startseite<\/a>\n<\/div>\n<div class=\"hd2\">\n<span style=\"font-style:normal;font-weight:bold;\">Seitenbewertung<\/span>\n<\/div>\n<\/div>\n<div style=\"width:100%; margin-left:auto; margin-right:auto; clear:both;z-index:1; padding-top:5px; border-radius: 2px;\">\n<div class=\"reviewimg\">\n<p><a href=\"http:\/\/www.bravoteens.com\/?promoid=14387957444504\" rel=\"nofollow\" base target=\"_self\"><img decoding=\"async\" src=\"https:\/\/www.thepornlist.net\/wp-content\/uploads\/2015\/review\/bravoteens.jpg\" width=\"500\" height=\"500\" alt=\"Porn Tube\"><\/a><\/p>\n<\/div>\n<div class=\"reviewtitle\">\n<h1 style=\"font-family:Arial;font-size:56px;font-style:normal;font-weight:bold;color:#FF1F78;\">Bravoteens<\/h1>\n<\/div>\n<div class=\"reviewsub\">\n<h2 style=\"font-size:14px;font-style:normal;font-weight:bold;\">Bravoteens.com<\/H2>\n<\/div>\n<div class=\"reviewtext\">\n<span style=\"font-size:16px;font-style:normal;\"><br \/>\nBravoTeens.com wird dir von Anfang an erz\u00e4hlen, dass sie die beliebtesten gratis Pornobilder und Videos haben. Das k\u00f6nnte wahr sein denn es ist nicht allzu schwer die beliebtesten Porno Clips und Fotos zu finden und zu zu hosten. Das Internet ist voll davon!<\/br><br \/>\nAlles ist unter gro\u00dfen Vorschaubildern angeordnet und auf der Homepage wirst du die hei\u00dfen Videos des Tages sehen. Wenn du nach unten scrollst, kommst du in den Bereich mit neuen Videos und soweit ich sehen kann machen sie alle 24 Stunden jede Menge Updates. Scrolle noch weiter runter und du wirst die Anzahl der Seiten sehen \u2013 jetzt gerade 1065. Sch\u00f6ne Zahl wenn man bedenkt, dass jede Seite bei Bravo Teens Dutzende von Porno Videos hat.<\/br><br \/>\nDie Navigationsleiste neben dem h\u00fcbschen Zeichentrick Babe Logo gibt dir die M\u00f6glichkeit einen Blick auf neu hinzugef\u00fcgtes Material zu werfen, die beliebtesten und die am besten bewerteten Filme. Du kannst dir auch live Girls anschauen aber darum geht es in dieser Bewertung ja nicht. <\/br><br \/>\nWenn du die Schaltfl\u00e4che f\u00fcr die Kategorien klickst, wirst du alle gewohnten Kategorien sehen \u2013 hardcore, Blowjob, nat\u00fcrliche Titte, Paare, doggystyle, Babes, fingern, Br\u00fcnette und viele andere.<br \/>\n<\/span>\n<\/div>\n<div class=\"reviewsiteurl\">\n<a href=\"http:\/\/www.bravoteens.com\/?promoid=14387957444504\" rel=\"nofollow\" base target=\"_self\"><span style=\"font-size:32px;font-style:normal;font-weight:bold;text-decoration:underline;\">Hier klicken, um die webseite zu besuchen <\/span><\/a>\n<\/div>\n<\/div>\n<p><script src='https:\/\/www.thepornlist.net\/wp-includes\/js\/chatpop36.js' type='text\/javascript'><\/script><\/p>\n","protected":false},"excerpt":{"rendered":"<p>Zur\u00fcck zur Startseite Seitenbewertung Bravoteens Bravoteens.com BravoTeens.com wird dir von Anfang an erz\u00e4hlen, dass sie die beliebtesten gratis Pornobilder und Videos haben. Das k\u00f6nnte wahr sein denn es ist nicht allzu schwer die beliebtesten Porno Clips und Fotos zu finden und zu zu hosten. Das Internet ist voll davon! Alles ist unter gro\u00dfen Vorschaubildern angeordnet <a href='https:\/\/www.thepornlist.net\/de\/porn-search-engines\/bravoteens\/' class='excerpt-more'>[&#8230;]<\/a><\/p>\n","protected":false},"author":1,"featured_media":0,"parent":10477,"menu_order":38470,"comment_status":"closed","ping_status":"closed","template":"0-autofill-tpl-template.php","meta":{"_acf_changed":false,"footnotes":""},"tags":[],"acf":[],"aioseo_notices":[],"_links":{"self":[{"href":"https:\/\/www.thepornlist.net\/de\/wp-json\/wp\/v2\/pages\/10376"}],"collection":[{"href":"https:\/\/www.thepornlist.net\/de\/wp-json\/wp\/v2\/pages"}],"about":[{"href":"https:\/\/www.thepornlist.net\/de\/wp-json\/wp\/v2\/types\/page"}],"author":[{"embeddable":true,"href":"https:\/\/www.thepornlist.net\/de\/wp-json\/wp\/v2\/users\/1"}],"replies":[{"embeddable":true,"href":"https:\/\/www.thepornlist.net\/de\/wp-json\/wp\/v2\/comments?post=10376"}],"version-history":[{"count":0,"href":"https:\/\/www.thepornlist.net\/de\/wp-json\/wp\/v2\/pages\/10376\/revisions"}],"up":[{"embeddable":true,"href":"https:\/\/www.thepornlist.net\/de\/wp-json\/wp\/v2\/pages\/10477"}],"wp:attachment":[{"href":"https:\/\/www.thepornlist.net\/de\/wp-json\/wp\/v2\/media?parent=10376"}],"wp:term":[{"taxonomy":"post_tag","embeddable":true,"href":"https:\/\/www.thepornlist.net\/de\/wp-json\/wp\/v2\/tags?post=10376"}],"curies":[{"name":"wp","href":"https:\/\/api.w.org\/{rel}","templated":true}]}}