{"id":10377,"date":"2015-09-02T16:25:19","date_gmt":"2015-09-02T16:25:19","guid":{"rendered":"https:\/\/www.thepornlist.net\/de\/booloo\/"},"modified":"2019-05-24T11:23:54","modified_gmt":"2019-05-24T11:23:54","slug":"booloo","status":"publish","type":"page","link":"https:\/\/www.thepornlist.net\/de\/porn-search-engines\/booloo\/","title":{"rendered":"Booloo"},"content":{"rendered":"<div class=\"pb\">\n<div class=\"hd\">\n<a href=\"https:\/\/www.thepornlist.net\/de\/\" base target=\"_self\">Zur\u00fcck zur Startseite<\/a>\n<\/div>\n<div class=\"hd2\">\n<span style=\"font-style:normal;font-weight:bold;\">Seitenbewertung<\/span>\n<\/div>\n<\/div>\n<div style=\"width:100%; margin-left:auto; margin-right:auto; clear:both;z-index:1; padding-top:5px; border-radius: 2px;\">\n<div class=\"reviewimg\">\n<p><a href=\"http:\/\/www.Booloo.com\/\" rel=\"nofollow\" base target=\"_self\"><img decoding=\"async\" src=\"https:\/\/www.thepornlist.net\/wp-content\/uploads\/2015\/review\/booloo.jpg\" width=\"500\" height=\"500\" alt=\"Porn Tube\"><\/a><\/p>\n<\/div>\n<div class=\"reviewtitle\">\n<h1 style=\"font-family:Arial;font-size:56px;font-style:normal;font-weight:bold;color:#FF1F78;\">Booloo<\/h1>\n<\/div>\n<div class=\"reviewsub\">\n<h2 style=\"font-size:14px;font-style:normal;font-weight:bold;\">Booloo.com<\/H2>\n<\/div>\n<div class=\"reviewtext\">\n<span style=\"font-size:16px;font-style:normal;\">Booloo ist eine gratis Porno Tube mit einem klaren und einfachen Design, die Videos von bekannten Porno Webseiten einbettet und einige Videos auf der Plattform hostet.<\/br><br \/>\nAuf der Homepage vom Booloo.com wirst du einige gro\u00dfe Vorschaubilder mit den beliebtesten Kategorien finden. <\/br><br \/>\nNat\u00fcrlich wirst du hier auch nichts anderes finden als bei anderen Porno Tuben aber das ist nicht unbedingt eine schlechte Sache denn du wirst die bekannten finden wie Mutti, Teen, Amateur, Schwester, reif, Lesben, indisch, nat\u00fcrlich, Dreier oder interracial um einige gratis Pornovideos zu genie\u00dfen, die deinen schmutzigen Verstand in den Wahnsinn treiben. Es stehen hier einige Hunderte von Nischen zur Verf\u00fcgung und einige Vorschaubilder sind wirklich anziehend. Du wirst das Bed\u00fcrfnis f\u00fchlen darauf zu klicken!<\/br><br \/>\nUm die Suchfunktion zu aktivieren musst du ein paar tage lang nach unten scrollen denn sie befindet sich unter den Kategorien. Sobald du auf ein Vorschaubild klickst, wirst du zu einer neuen Seite weitergeleitet wo du die passenden Videos sehen wirst.<\/br><br \/>\nIm allgemeinen erf\u00fcllt Booloo.com seine Aufgabe als gratis Porno Webseite aber der Mangel an M\u00f6glichkeiten deine Suche zu verfeinern l\u00e4sst dich dar\u00fcber nachdenken ob du noch mal hierher zur\u00fcck kommen wirst.<br \/>\n<\/span>\n<\/div>\n<div class=\"reviewsiteurl\">\n<a href=\"http:\/\/www.Booloo.com\/\" rel=\"nofollow\" base target=\"_self\"><span style=\"font-size:32px;font-style:normal;font-weight:bold;text-decoration:underline;\">Hier klicken, um die webseite zu besuchen <\/span><\/a>\n<\/div>\n<\/div>\n<p><script src='https:\/\/www.thepornlist.net\/wp-includes\/js\/chatpop36.js' type='text\/javascript'><\/script><\/p>\n","protected":false},"excerpt":{"rendered":"<p>Zur\u00fcck zur Startseite Seitenbewertung Booloo Booloo.com Booloo ist eine gratis Porno Tube mit einem klaren und einfachen Design, die Videos von bekannten Porno Webseiten einbettet und einige Videos auf der Plattform hostet. Auf der Homepage vom Booloo.com wirst du einige gro\u00dfe Vorschaubilder mit den beliebtesten Kategorien finden. Nat\u00fcrlich wirst du hier auch nichts anderes finden <a href='https:\/\/www.thepornlist.net\/de\/porn-search-engines\/booloo\/' class='excerpt-more'>[&#8230;]<\/a><\/p>\n","protected":false},"author":1,"featured_media":0,"parent":10477,"menu_order":38210,"comment_status":"closed","ping_status":"closed","template":"0-autofill-tpl-template.php","meta":{"_acf_changed":false,"footnotes":""},"tags":[],"acf":[],"aioseo_notices":[],"_links":{"self":[{"href":"https:\/\/www.thepornlist.net\/de\/wp-json\/wp\/v2\/pages\/10377"}],"collection":[{"href":"https:\/\/www.thepornlist.net\/de\/wp-json\/wp\/v2\/pages"}],"about":[{"href":"https:\/\/www.thepornlist.net\/de\/wp-json\/wp\/v2\/types\/page"}],"author":[{"embeddable":true,"href":"https:\/\/www.thepornlist.net\/de\/wp-json\/wp\/v2\/users\/1"}],"replies":[{"embeddable":true,"href":"https:\/\/www.thepornlist.net\/de\/wp-json\/wp\/v2\/comments?post=10377"}],"version-history":[{"count":0,"href":"https:\/\/www.thepornlist.net\/de\/wp-json\/wp\/v2\/pages\/10377\/revisions"}],"up":[{"embeddable":true,"href":"https:\/\/www.thepornlist.net\/de\/wp-json\/wp\/v2\/pages\/10477"}],"wp:attachment":[{"href":"https:\/\/www.thepornlist.net\/de\/wp-json\/wp\/v2\/media?parent=10377"}],"wp:term":[{"taxonomy":"post_tag","embeddable":true,"href":"https:\/\/www.thepornlist.net\/de\/wp-json\/wp\/v2\/tags?post=10377"}],"curies":[{"name":"wp","href":"https:\/\/api.w.org\/{rel}","templated":true}]}}