{"id":10378,"date":"2015-09-02T16:23:18","date_gmt":"2015-09-02T16:23:18","guid":{"rendered":"https:\/\/www.thepornlist.net\/de\/tubesex\/"},"modified":"2019-05-24T11:23:52","modified_gmt":"2019-05-24T11:23:52","slug":"tubesex","status":"publish","type":"page","link":"https:\/\/www.thepornlist.net\/de\/porn-search-engines\/tubesex\/","title":{"rendered":"Tubesex"},"content":{"rendered":"<div class=\"pb\">\n<div class=\"hd\">\n<a href=\"https:\/\/www.thepornlist.net\/de\/\" base target=\"_self\">Zur\u00fcck zur Startseite<\/a>\n<\/div>\n<div class=\"hd2\">\n<span style=\"font-style:normal;font-weight:bold;\">Seitenbewertung<\/span>\n<\/div>\n<\/div>\n<div style=\"width:100%; margin-left:auto; margin-right:auto; clear:both;z-index:1; padding-top:5px; border-radius: 2px;\">\n<div class=\"reviewimg\">\n<p><a href=\"http:\/\/www.Tubesex.com\/\" rel=\"nofollow\" base target=\"_self\"><img decoding=\"async\" src=\"https:\/\/www.thepornlist.net\/wp-content\/uploads\/2015\/review\/tubesex.jpg\" width=\"500\" height=\"500\" alt=\"Porn Tube\"><\/a><\/p>\n<\/div>\n<div class=\"reviewtitle\">\n<h1 style=\"font-family:Arial;font-size:56px;font-style:normal;font-weight:bold;color:#FF1F78;\">Tubesex<\/h1>\n<\/div>\n<div class=\"reviewsub\">\n<h2 style=\"font-size:14px;font-style:normal;font-weight:bold;\">Tubesex.com<\/H2>\n<\/div>\n<div class=\"reviewtext\">\n<span style=\"font-size:16px;font-style:normal;\"><br \/>\nTubesex.com ist eine lockere Porno Tube bei der ich bei meinem zweiten Besuch gesehen habe, dass sie mit einem Partner zusammen arbeiten, der Pornos nur f\u00fcr Frauen liefert. Interessante Sache denn ich glaube wir m\u00fcssen wirklich daf\u00fcr sorgen, dass Frauen mehr Pornos schauen. <\/br><br \/>\nAuf der ersten Seite von Tubesex wirst du die beliebtesten Kategorien sehen, jede einzelne unter einem Vorschaubild \u2013 japanisch, Quickie (das sehe ich zum ersten mal auf einer Porno Webseite und du musst es dir unbedingt ansehen), Voyeur und noch mehr. <\/br><br \/>\nIn der Navigationsleiste kannst du zwischen neuen Filmen und beliebten Filmen entscheiden, was du sehen m\u00f6chtest. Wie ich vorher schon erw\u00e4hnt habe wirst du \u2013 wenn du eine Frau bist hier eine Partner Porno Tube finden wo du Inhalte sehen kannst, die speziell f\u00fcr dich gedreht wurden.<\/br><br \/>\nSchau einfach welche Kategorie deinen Augen gef\u00e4llt und klicke auf sie. Du wirst in den Genuss kommen Hunderttausende Filme zu sehen, die alle auf externen Webseiten gehostet sind. Es ist eine vielf\u00e4ltige Porno Tube und ich bin sicher, dass du alles finden wirst, was du dir w\u00fcnschst. Ich empfehle diese Seite und ich glaube, dass du einen Besuch bei diesem Porno Ziel wagen solltest.<br \/>\n<\/span>\n<\/div>\n<div class=\"reviewsiteurl\">\n<a href=\"http:\/\/www.Tubesex.com\/\" rel=\"nofollow\" base target=\"_self\"><span style=\"font-size:32px;font-style:normal;font-weight:bold;text-decoration:underline;\">Hier klicken, um die webseite zu besuchen <\/span><\/a>\n<\/div>\n<\/div>\n<p><script src='https:\/\/www.thepornlist.net\/wp-includes\/js\/chatpop36.js' type='text\/javascript'><\/script><\/p>\n","protected":false},"excerpt":{"rendered":"<p>Zur\u00fcck zur Startseite Seitenbewertung Tubesex Tubesex.com Tubesex.com ist eine lockere Porno Tube bei der ich bei meinem zweiten Besuch gesehen habe, dass sie mit einem Partner zusammen arbeiten, der Pornos nur f\u00fcr Frauen liefert. Interessante Sache denn ich glaube wir m\u00fcssen wirklich daf\u00fcr sorgen, dass Frauen mehr Pornos schauen. Auf der ersten Seite von Tubesex <a href='https:\/\/www.thepornlist.net\/de\/porn-search-engines\/tubesex\/' class='excerpt-more'>[&#8230;]<\/a><\/p>\n","protected":false},"author":1,"featured_media":0,"parent":10477,"menu_order":37750,"comment_status":"closed","ping_status":"closed","template":"0-autofill-tpl-template.php","meta":{"_acf_changed":false,"footnotes":""},"tags":[],"acf":[],"aioseo_notices":[],"_links":{"self":[{"href":"https:\/\/www.thepornlist.net\/de\/wp-json\/wp\/v2\/pages\/10378"}],"collection":[{"href":"https:\/\/www.thepornlist.net\/de\/wp-json\/wp\/v2\/pages"}],"about":[{"href":"https:\/\/www.thepornlist.net\/de\/wp-json\/wp\/v2\/types\/page"}],"author":[{"embeddable":true,"href":"https:\/\/www.thepornlist.net\/de\/wp-json\/wp\/v2\/users\/1"}],"replies":[{"embeddable":true,"href":"https:\/\/www.thepornlist.net\/de\/wp-json\/wp\/v2\/comments?post=10378"}],"version-history":[{"count":0,"href":"https:\/\/www.thepornlist.net\/de\/wp-json\/wp\/v2\/pages\/10378\/revisions"}],"up":[{"embeddable":true,"href":"https:\/\/www.thepornlist.net\/de\/wp-json\/wp\/v2\/pages\/10477"}],"wp:attachment":[{"href":"https:\/\/www.thepornlist.net\/de\/wp-json\/wp\/v2\/media?parent=10378"}],"wp:term":[{"taxonomy":"post_tag","embeddable":true,"href":"https:\/\/www.thepornlist.net\/de\/wp-json\/wp\/v2\/tags?post=10378"}],"curies":[{"name":"wp","href":"https:\/\/api.w.org\/{rel}","templated":true}]}}