{"id":10381,"date":"2015-09-02T16:19:08","date_gmt":"2015-09-02T16:19:08","guid":{"rendered":"https:\/\/www.thepornlist.net\/de\/oldertube\/"},"modified":"2019-05-24T11:23:46","modified_gmt":"2019-05-24T11:23:46","slug":"oldertube","status":"publish","type":"page","link":"https:\/\/www.thepornlist.net\/de\/porn-search-engines\/oldertube\/","title":{"rendered":"Oldertube"},"content":{"rendered":"<div class=\"pb\">\n<div class=\"hd\">\n<a href=\"https:\/\/www.thepornlist.net\/de\/\" base target=\"_self\">Zur\u00fcck zur Startseite<\/a>\n<\/div>\n<div class=\"hd2\">\n<span style=\"font-style:normal;font-weight:bold;\">Seitenbewertung<\/span>\n<\/div>\n<\/div>\n<div style=\"width:100%; margin-left:auto; margin-right:auto; clear:both;z-index:1; padding-top:5px; border-radius: 2px;\">\n<div class=\"reviewimg\">\n<p><a href=\"http:\/\/www.Oldertube.com\/\" rel=\"nofollow\" base target=\"_self\"><img decoding=\"async\" src=\"https:\/\/www.thepornlist.net\/wp-content\/uploads\/2015\/review\/oldertube.jpg\" width=\"500\" height=\"500\" alt=\"Porn Tube\"><\/a><\/p>\n<\/div>\n<div class=\"reviewtitle\">\n<h1 style=\"font-family:Arial;font-size:56px;font-style:normal;font-weight:bold;color:#FF1F78;\">Oldertube<\/h1>\n<\/div>\n<div class=\"reviewsub\">\n<h2 style=\"font-size:14px;font-style:normal;font-weight:bold;\">Oldertube.com<\/H2>\n<\/div>\n<div class=\"reviewtext\">\n<span style=\"font-size:16px;font-style:normal;\">Ich bin kein gro\u00dfer Fan von \u00e4lteren Frauen aber ich muss gestehen, dass ich in meinem Leben schon einige geile reife Ladys gesehen habe. Es scheint als ob Milfs und \u00e4ltere Frauen im allgemeinen das Symbol des modernen Jahrhunderts der Pornos sind und daher liefert OlderTube.com dir Videos f\u00fcr Erwachsene mit Frauen, die alt aber noch immer geil sind.<\/br><br \/>\nSobald du auf die Homepage kommst wirst du dich vom ersten Moment an unartig f\u00fchlen. Damit du verstehst, wie ich das meine, werde ich dir ein paar Beispiele der Kategorien geben, die du auf der ersten Seite von OlderTube siehst: Oma Tube, reife BBW, reife Frauen beim Solo, Oma interracial, selbstgedreht, Russisch, H\u00e4ngetitten, gro\u00dfe nat\u00fcrliche Titten und noch viele mehr.<\/br><br \/>\nIch bin ein gro\u00dfer Fan von nat\u00fcrlichen Titten und habe daher das Vorschaubild geklickt um die Pornos aus dieser Nische zu sehen. Meine G\u00fcte \u2013 175.193 Videos! Nat\u00fcrlich haben sie so viele weil sie die Inhalte nicht selbst hosten. Ich habe nichts dagegen zu einer externen Webseite weitergeleitet zu werden so lange der Pornofilm, den ich sehen will, gleichm\u00e4\u00dfig und in guter Qualit\u00e4t abgespielt wird. Und das tut er!<br \/>\n<\/span>\n<\/div>\n<div class=\"reviewsiteurl\">\n<a href=\"http:\/\/www.Oldertube.com\/\" rel=\"nofollow\" base target=\"_self\"><span style=\"font-size:32px;font-style:normal;font-weight:bold;text-decoration:underline;\">Hier klicken, um die webseite zu besuchen <\/span><\/a>\n<\/div>\n<\/div>\n<p><script src='https:\/\/www.thepornlist.net\/wp-includes\/js\/chatpop36.js' type='text\/javascript'><\/script><\/p>\n","protected":false},"excerpt":{"rendered":"<p>Zur\u00fcck zur Startseite Seitenbewertung Oldertube Oldertube.com Ich bin kein gro\u00dfer Fan von \u00e4lteren Frauen aber ich muss gestehen, dass ich in meinem Leben schon einige geile reife Ladys gesehen habe. Es scheint als ob Milfs und \u00e4ltere Frauen im allgemeinen das Symbol des modernen Jahrhunderts der Pornos sind und daher liefert OlderTube.com dir Videos f\u00fcr <a href='https:\/\/www.thepornlist.net\/de\/porn-search-engines\/oldertube\/' class='excerpt-more'>[&#8230;]<\/a><\/p>\n","protected":false},"author":1,"featured_media":0,"parent":10477,"menu_order":37110,"comment_status":"closed","ping_status":"closed","template":"0-autofill-tpl-template.php","meta":{"_acf_changed":false,"footnotes":""},"tags":[],"acf":[],"aioseo_notices":[],"_links":{"self":[{"href":"https:\/\/www.thepornlist.net\/de\/wp-json\/wp\/v2\/pages\/10381"}],"collection":[{"href":"https:\/\/www.thepornlist.net\/de\/wp-json\/wp\/v2\/pages"}],"about":[{"href":"https:\/\/www.thepornlist.net\/de\/wp-json\/wp\/v2\/types\/page"}],"author":[{"embeddable":true,"href":"https:\/\/www.thepornlist.net\/de\/wp-json\/wp\/v2\/users\/1"}],"replies":[{"embeddable":true,"href":"https:\/\/www.thepornlist.net\/de\/wp-json\/wp\/v2\/comments?post=10381"}],"version-history":[{"count":0,"href":"https:\/\/www.thepornlist.net\/de\/wp-json\/wp\/v2\/pages\/10381\/revisions"}],"up":[{"embeddable":true,"href":"https:\/\/www.thepornlist.net\/de\/wp-json\/wp\/v2\/pages\/10477"}],"wp:attachment":[{"href":"https:\/\/www.thepornlist.net\/de\/wp-json\/wp\/v2\/media?parent=10381"}],"wp:term":[{"taxonomy":"post_tag","embeddable":true,"href":"https:\/\/www.thepornlist.net\/de\/wp-json\/wp\/v2\/tags?post=10381"}],"curies":[{"name":"wp","href":"https:\/\/api.w.org\/{rel}","templated":true}]}}