{"id":10382,"date":"2015-09-02T16:17:19","date_gmt":"2015-09-02T16:17:19","guid":{"rendered":"https:\/\/www.thepornlist.net\/de\/findtubes\/"},"modified":"2019-05-24T12:09:37","modified_gmt":"2019-05-24T12:09:37","slug":"findtubes","status":"publish","type":"page","link":"https:\/\/www.thepornlist.net\/de\/porn-search-engines\/findtubes\/","title":{"rendered":"Findtubes"},"content":{"rendered":"<div class=\"pb\">\n<div class=\"hd\">\n<a href=\"https:\/\/www.thepornlist.net\/de\/\" base target=\"_self\">Zur\u00fcck zur Startseite<\/a>\n<\/div>\n<div class=\"hd2\">\n<span style=\"font-style:normal;font-weight:bold;\">Seitenbewertung<\/span>\n<\/div>\n<\/div>\n<div style=\"width:100%; margin-left:auto; margin-right:auto; clear:both;z-index:1; padding-top:5px; border-radius: 2px;\">\n<div class=\"reviewimg\">\n<p><a href=\"http:\/\/www.Findtubes.com\/\" rel=\"nofollow\" base target=\"_self\"><img decoding=\"async\" src=\"https:\/\/www.thepornlist.net\/wp-content\/uploads\/2015\/review\/findtubes.jpg\" width=\"500\" height=\"500\" alt=\"Porn Tube\"><\/a><\/p>\n<\/div>\n<div class=\"reviewtitle\">\n<h1 style=\"font-family:Arial;font-size:56px;font-style:normal;font-weight:bold;color:#FF1F78;\">Findtubes<\/h1>\n<\/div>\n<div class=\"reviewsub\">\n<h2 style=\"font-size:14px;font-style:normal;font-weight:bold;\">Findtubes.com<\/H2>\n<\/div>\n<div class=\"reviewtext\">\n<span style=\"font-size:16px;font-style:normal;\">Mehr als 100.000 kostenlose Pornofilme! Das ist doch mal ein netter Willkommensgru\u00df von FindTubes.com \u2013 es gibt dir gleich den perfekten Hinweis darauf, was dort abgeht.<\/br><br \/>\nFindTubes ist ein kostenloses Porno Verzeichnis wo du die M\u00f6glichkeit hast deinem Herzen eine Freude mit den besten Clips f\u00fcr Erwachsene zu machen, die es gibt. Die Navigation auf dieser Plattform ist ganz leicht und du wirst nur 3 Sekunden ben\u00f6tigen um alles zu verstehen. Unter der Suchleiste (in der du deine Suche nach Optionen wie L\u00e4nge, Datum, Seiten und Beliebtheit noch filtern kannst) kannst du die Kategorien sehen. Du wirst schnell feststellen, dass einige dieser Kategorien heterosexuelle, schwule oder transsexuelle Inhalte haben \u2013 oder alle. Die anderen zeigen dir Pornos nach Sparten. Ich wei\u00df zwar nicht, was dich gl\u00fccklich macht, aber hier bekommst du ganz schnell Zugang zu allem, was deine schmutzige Fantasie sich w\u00fcnscht.<\/br><br \/>\nWenn du deine Augen nach unten wandern l\u00e4sst, wirst du weitere Optionen entdecken, wie die h\u00e4ufigsten Suchen oder Suchen nach L\u00e4ndern sortiert. Wenn du nicht gerade auf einer einsamen Insel im Pazifik lebst, bin ich ziemlich sicher, dass du auch dein Land hier finden wirst. Besuche die Seite \u2013 sie verdient es!<br \/>\n<\/span>\n<\/div>\n<div class=\"reviewsiteurl\">\n<a href=\"http:\/\/www.Findtubes.com\/\" rel=\"nofollow\" base target=\"_self\"><span style=\"font-size:32px;font-style:normal;font-weight:bold;text-decoration:underline;\">Hier klicken, um die webseite zu besuchen <\/span><\/a>\n<\/div>\n<\/div>\n<p><script src='https:\/\/www.thepornlist.net\/wp-includes\/js\/chatpop36.js' type='text\/javascript'><\/script><\/p>\n","protected":false},"excerpt":{"rendered":"<p>Zur\u00fcck zur Startseite Seitenbewertung Findtubes Findtubes.com Mehr als 100.000 kostenlose Pornofilme! Das ist doch mal ein netter Willkommensgru\u00df von FindTubes.com \u2013 es gibt dir gleich den perfekten Hinweis darauf, was dort abgeht. FindTubes ist ein kostenloses Porno Verzeichnis wo du die M\u00f6glichkeit hast deinem Herzen eine Freude mit den besten Clips f\u00fcr Erwachsene zu machen, <a href='https:\/\/www.thepornlist.net\/de\/porn-search-engines\/findtubes\/' class='excerpt-more'>[&#8230;]<\/a><\/p>\n","protected":false},"author":1,"featured_media":0,"parent":10477,"menu_order":29250,"comment_status":"closed","ping_status":"closed","template":"0-autofill-tpl-template.php","meta":{"_acf_changed":false,"footnotes":""},"tags":[],"acf":[],"aioseo_notices":[],"_links":{"self":[{"href":"https:\/\/www.thepornlist.net\/de\/wp-json\/wp\/v2\/pages\/10382"}],"collection":[{"href":"https:\/\/www.thepornlist.net\/de\/wp-json\/wp\/v2\/pages"}],"about":[{"href":"https:\/\/www.thepornlist.net\/de\/wp-json\/wp\/v2\/types\/page"}],"author":[{"embeddable":true,"href":"https:\/\/www.thepornlist.net\/de\/wp-json\/wp\/v2\/users\/1"}],"replies":[{"embeddable":true,"href":"https:\/\/www.thepornlist.net\/de\/wp-json\/wp\/v2\/comments?post=10382"}],"version-history":[{"count":0,"href":"https:\/\/www.thepornlist.net\/de\/wp-json\/wp\/v2\/pages\/10382\/revisions"}],"up":[{"embeddable":true,"href":"https:\/\/www.thepornlist.net\/de\/wp-json\/wp\/v2\/pages\/10477"}],"wp:attachment":[{"href":"https:\/\/www.thepornlist.net\/de\/wp-json\/wp\/v2\/media?parent=10382"}],"wp:term":[{"taxonomy":"post_tag","embeddable":true,"href":"https:\/\/www.thepornlist.net\/de\/wp-json\/wp\/v2\/tags?post=10382"}],"curies":[{"name":"wp","href":"https:\/\/api.w.org\/{rel}","templated":true}]}}