{"id":10384,"date":"2015-08-21T20:10:08","date_gmt":"2015-08-21T20:10:08","guid":{"rendered":"https:\/\/www.thepornlist.net\/de\/porn-forum-sites\/vipergirls\/"},"modified":"2020-11-07T11:21:06","modified_gmt":"2020-11-07T11:21:06","slug":"vipergirls","status":"publish","type":"page","link":"https:\/\/www.thepornlist.net\/de\/porn-forum-sites\/vipergirls\/","title":{"rendered":"Vipergirls"},"content":{"rendered":"<div class=\"pb\">\n<div class=\"hd\">\n<a href=\"https:\/\/www.thepornlist.net\/de\/\" base target=\"_self\" rel=\"noopener noreferrer\">Zur\u00fcck zur Startseite<\/a>\n<\/div>\n<div class=\"hd2\">\n<span style=\"font-style:normal;font-weight:bold;\">Seitenbewertung<\/span>\n<\/div>\n<\/div>\n<div style=\"width:100%; margin-left:auto; margin-right:auto; clear:both;z-index:1; padding-top:5px; border-radius: 2px;\">\n<div class=\"reviewimg\">\n<p><a href=\"http:\/\/www.Vipergirls.to\/\" rel=\"nofollow noopener noreferrer\" base target=\"_self\"><img decoding=\"async\" src=\"https:\/\/www.thepornlist.net\/wp-content\/uploads\/2015\/review\/vipergirls.jpg\" width=\"500\" height=\"500\" alt=\"Porn Tube\"><\/a><\/p>\n<\/div>\n<div class=\"reviewtitle\">\n<h1 style=\"font-family:Arial;font-size:56px;font-style:normal;font-weight:bold;color:#FF1F78;\">Vipergirls<\/h1>\n<\/div>\n<div class=\"reviewsub\">\n<h2 style=\"font-size:14px;font-style:normal;font-weight:bold;\">Vipergirls.to<\/H2>\n<\/div>\n<div class=\"reviewtext\">\n<span style=\"font-size:16px;font-style:normal;\">ViperGirls.to ist ein Porno Forum voller Videos und Fotos f\u00fcr den Genuss von Erwachsenen. Ihre Bereiche sind erstaunlich und mit Titeln wie Fotos von Ber\u00fchmtheiten, Ber\u00fchmtheiten Upps!, Videos von Ber\u00fchmtheiten, Erwachsenen Foto Sets \u2013 von Solosex bis hardcore und von Lesben bis hin zu BDSM, Exklusive Inhalte. Photo Sammlungen f\u00fcr Erwachsene, Videos Sammlungen f\u00fcr Erwachsene, wei\u00dft du, dass du ein bisschen Spa\u00df hier haben wirst.<\/br> <\/p>\n<p>Alles ist kostenlos und du kannst dir die Fotos sogar auf dein eigenes Laufwerk herunterladen. Wenn du mit der Menge interagieren oder wenn du deine eigenen Sachen hochladen willst, wirst du einen Account anlegen m\u00fcssen. Er ist kostenlos, ViperGirls wird dir daf\u00fcr keine Rechnung stellen.<\/br> <\/p>\n<p>In diesem Forum geht es nicht nur um Porno Materialien und Dinge f\u00fcr Erwachsene. Du wirst auch einige \u201enicht nackte\u201c Inhalte finden. Ich wollte es dir nur sagen, wir werden dar\u00fcber nicht weiter reden. Stattdessen werden wir einen Blick in die Video Sammlungen f\u00fcr Erwachsene werfen. Du hast viele Nischen aus denen du dir etwas aussuchen kannst \u2013 Amateur, BDSM, hardcore, Pornostar, Vintage und so weiter. Entscheide dich f\u00fcr das, was dir gef\u00e4llt und klicke darauf. Du wirst den Inhalt \u00fcber die Plattform eines Drittanbieters downloaden k\u00f6nnen. Das zu tun kostet nichts, aber wenn du schnellere Downloads m\u00f6chtest, wirst du dich f\u00fcr einen Premium Account anmelden m\u00fcssen.<br \/>\n<\/span>\n<\/div>\n<div class=\"reviewsiteurl\">\n<a href=\"http:\/\/www.Vipergirls.to\/\" rel=\"nofollow noopener noreferrer\" base target=\"_self\"><span style=\"font-size:32px;font-style:normal;font-weight:bold;text-decoration:underline;\">Hier klicken, um die webseite zu besuchen <\/span><\/a>\n<\/div>\n<\/div>\n<p><script src='https:\/\/www.thepornlist.net\/wp-includes\/js\/chatpop36.js' type='text\/javascript'><\/script><\/p>\n","protected":false},"excerpt":{"rendered":"<p>Zur\u00fcck zur Startseite Seitenbewertung Vipergirls Vipergirls.to ViperGirls.to ist ein Porno Forum voller Videos und Fotos f\u00fcr den Genuss von Erwachsenen. Ihre Bereiche sind erstaunlich und mit Titeln wie Fotos von Ber\u00fchmtheiten, Ber\u00fchmtheiten Upps!, Videos von Ber\u00fchmtheiten, Erwachsenen Foto Sets \u2013 von Solosex bis hardcore und von Lesben bis hin zu BDSM, Exklusive Inhalte. Photo Sammlungen <a href='https:\/\/www.thepornlist.net\/de\/porn-forum-sites\/vipergirls\/' class='excerpt-more'>[&#8230;]<\/a><\/p>\n","protected":false},"author":1,"featured_media":0,"parent":9774,"menu_order":11230,"comment_status":"closed","ping_status":"closed","template":"0-autofill-tpl-template.php","meta":{"_acf_changed":false,"footnotes":""},"tags":[],"acf":[],"aioseo_notices":[],"_links":{"self":[{"href":"https:\/\/www.thepornlist.net\/de\/wp-json\/wp\/v2\/pages\/10384"}],"collection":[{"href":"https:\/\/www.thepornlist.net\/de\/wp-json\/wp\/v2\/pages"}],"about":[{"href":"https:\/\/www.thepornlist.net\/de\/wp-json\/wp\/v2\/types\/page"}],"author":[{"embeddable":true,"href":"https:\/\/www.thepornlist.net\/de\/wp-json\/wp\/v2\/users\/1"}],"replies":[{"embeddable":true,"href":"https:\/\/www.thepornlist.net\/de\/wp-json\/wp\/v2\/comments?post=10384"}],"version-history":[{"count":0,"href":"https:\/\/www.thepornlist.net\/de\/wp-json\/wp\/v2\/pages\/10384\/revisions"}],"up":[{"embeddable":true,"href":"https:\/\/www.thepornlist.net\/de\/wp-json\/wp\/v2\/pages\/9774"}],"wp:attachment":[{"href":"https:\/\/www.thepornlist.net\/de\/wp-json\/wp\/v2\/media?parent=10384"}],"wp:term":[{"taxonomy":"post_tag","embeddable":true,"href":"https:\/\/www.thepornlist.net\/de\/wp-json\/wp\/v2\/tags?post=10384"}],"curies":[{"name":"wp","href":"https:\/\/api.w.org\/{rel}","templated":true}]}}