{"id":10385,"date":"2015-08-21T20:04:37","date_gmt":"2015-08-21T20:04:37","guid":{"rendered":"https:\/\/www.thepornlist.net\/de\/porn-forum-sites\/pornolab\/"},"modified":"2019-05-24T11:25:07","modified_gmt":"2019-05-24T11:25:07","slug":"pornolab","status":"publish","type":"page","link":"https:\/\/www.thepornlist.net\/de\/porn-forum-sites\/pornolab\/","title":{"rendered":"Pornolab"},"content":{"rendered":"<div class=\"pb\">\n<div class=\"hd\">\n<a href=\"https:\/\/www.thepornlist.net\/de\/\" base target=\"_self\">Zur\u00fcck zur Startseite<\/a>\n<\/div>\n<div class=\"hd2\">\n<span style=\"font-style:normal;font-weight:bold;\">Seitenbewertung<\/span>\n<\/div>\n<\/div>\n<div style=\"width:100%; margin-left:auto; margin-right:auto; clear:both;z-index:1; padding-top:5px; border-radius: 2px;\">\n<div class=\"reviewimg\">\n<p><a href=\"http:\/\/Pornolab.net\/\" rel=\"nofollow\" base target=\"_self\"><img decoding=\"async\" src=\"https:\/\/www.thepornlist.net\/wp-content\/uploads\/2015\/review\/pornolab.jpg\" width=\"500\" height=\"500\" alt=\"Porn Tube\"><\/a><\/p>\n<\/div>\n<div class=\"reviewtitle\">\n<h1 style=\"font-family:Arial;font-size:56px;font-style:normal;font-weight:bold;color:#FF1F78;\">Pornolab<\/h1>\n<\/div>\n<div class=\"reviewsub\">\n<h2 style=\"font-size:14px;font-style:normal;font-weight:bold;\">Pornolab.net<\/H2>\n<\/div>\n<div class=\"reviewtext\">\n<span style=\"font-size:16px;font-style:normal;\">Pornolab.net ist ein Forum f\u00fcr Erwachsene aus Russland. Es ist leider in russisch geschrieben aber wenn du Google als engen Freund gewinnst, wirst du das Forum ganz schnell bedienen k\u00f6nnen.<\/br><\/p>\n<p>Was wirst du hier bekommen? Einen Cocktail aus Interaktion und Pornos zum herunterladen. Es gibt einen Bereich f\u00fcr Fotos und f\u00fcr Videos wo du erotische und softcore Filme, Filme in ganzer L\u00e4nge, ausl\u00e4ndische Filme in HD, russische Pornos und so weiter finden wirst. Suche dir dein Schicksal aus und klicke auf den Link. Du wirst eine Liste von Forumthreads \u00f6ffnen, scrolle herum und suche dir wieder aus, was du herunterladen willst. Von hier ab wird es leicht \u2013 lade die Sammlung herunter und genie\u00dfe deinen Porno Film.<\/br> <\/p>\n<p>Alles ist kostenlos und du kannst Downloads machen ohne dich anzumelden. Wenn du mit anderen Mitgliedern interagieren oder wenn du Kommentare hinterlassen oder sogar deine eigenen Sachen hochladen willst, wirst du dich zu einer Mitgliedschaft anmelden m\u00fcssen. Auch das ist kostenlos.<\/br><\/p>\n<p>Keine Panik wenn du kein russisch sprichst. Wie ich schon gesagt habe gibt es viele Methoden um dieses Porno Forum zu verstehen. Wenn du ein Fan von russischer Unterhaltung f\u00fcr Erwachsene bist, wirst du hier ganz sch\u00f6n viel davon finden. <\/p>\n<p><\/span>\n<\/div>\n<div class=\"reviewsiteurl\">\n<a href=\"http:\/\/Pornolab.net\/\" rel=\"nofollow\" base target=\"_self\"><span style=\"font-size:32px;font-style:normal;font-weight:bold;text-decoration:underline;\">Hier klicken, um die webseite zu besuchen <\/span><\/a>\n<\/div>\n<\/div>\n","protected":false},"excerpt":{"rendered":"<p>Zur\u00fcck zur Startseite Seitenbewertung Pornolab Pornolab.net Pornolab.net ist ein Forum f\u00fcr Erwachsene aus Russland. Es ist leider in russisch geschrieben aber wenn du Google als engen Freund gewinnst, wirst du das Forum ganz schnell bedienen k\u00f6nnen. Was wirst du hier bekommen? Einen Cocktail aus Interaktion und Pornos zum herunterladen. Es gibt einen Bereich f\u00fcr Fotos <a href='https:\/\/www.thepornlist.net\/de\/porn-forum-sites\/pornolab\/' class='excerpt-more'>[&#8230;]<\/a><\/p>\n","protected":false},"author":1,"featured_media":0,"parent":9774,"menu_order":34150,"comment_status":"closed","ping_status":"closed","template":"0-autofill-tpl-template.php","meta":{"_acf_changed":false,"footnotes":""},"tags":[],"acf":[],"aioseo_notices":[],"_links":{"self":[{"href":"https:\/\/www.thepornlist.net\/de\/wp-json\/wp\/v2\/pages\/10385"}],"collection":[{"href":"https:\/\/www.thepornlist.net\/de\/wp-json\/wp\/v2\/pages"}],"about":[{"href":"https:\/\/www.thepornlist.net\/de\/wp-json\/wp\/v2\/types\/page"}],"author":[{"embeddable":true,"href":"https:\/\/www.thepornlist.net\/de\/wp-json\/wp\/v2\/users\/1"}],"replies":[{"embeddable":true,"href":"https:\/\/www.thepornlist.net\/de\/wp-json\/wp\/v2\/comments?post=10385"}],"version-history":[{"count":0,"href":"https:\/\/www.thepornlist.net\/de\/wp-json\/wp\/v2\/pages\/10385\/revisions"}],"up":[{"embeddable":true,"href":"https:\/\/www.thepornlist.net\/de\/wp-json\/wp\/v2\/pages\/9774"}],"wp:attachment":[{"href":"https:\/\/www.thepornlist.net\/de\/wp-json\/wp\/v2\/media?parent=10385"}],"wp:term":[{"taxonomy":"post_tag","embeddable":true,"href":"https:\/\/www.thepornlist.net\/de\/wp-json\/wp\/v2\/tags?post=10385"}],"curies":[{"name":"wp","href":"https:\/\/api.w.org\/{rel}","templated":true}]}}