{"id":10386,"date":"2015-08-21T20:02:25","date_gmt":"2015-08-21T20:02:25","guid":{"rendered":"https:\/\/www.thepornlist.net\/de\/coedcherry\/"},"modified":"2019-05-23T10:10:28","modified_gmt":"2019-05-23T10:10:28","slug":"coedcherry","status":"publish","type":"page","link":"https:\/\/www.thepornlist.net\/de\/porn-blog-sites\/coedcherry\/","title":{"rendered":"Coedcherry"},"content":{"rendered":"<div class=\"pb\">\n<div class=\"hd\">\n<a href=\"https:\/\/www.thepornlist.net\/de\/\" base target=\"_self\">Zur\u00fcck zur Startseite<\/a>\n<\/div>\n<div class=\"hd2\">\n<span style=\"font-style:normal;font-weight:bold;\">Seitenbewertung<\/span>\n<\/div>\n<\/div>\n<div style=\"width:100%; margin-left:auto; margin-right:auto; clear:both;z-index:1; padding-top:5px; border-radius: 2px;\">\n<div class=\"reviewimg\">\n<p><a href=\"http:\/\/www.Coedcherry.com\/\" rel=\"nofollow\" base target=\"_self\"><img decoding=\"async\" src=\"https:\/\/www.thepornlist.net\/wp-content\/uploads\/2015\/review\/coedcherry.jpg\" width=\"500\" height=\"500\" alt=\"Porn Tube\"><\/a><\/p>\n<\/div>\n<div class=\"reviewtitle\">\n<h1 style=\"font-family:Arial;font-size:56px;font-style:normal;font-weight:bold;color:#FF1F78;\">Coedcherry<\/h1>\n<\/div>\n<div class=\"reviewsub\">\n<h2 style=\"font-size:14px;font-style:normal;font-weight:bold;\">Coedcherry.com<\/H2>\n<\/div>\n<div class=\"reviewtext\">\n<span style=\"font-size:16px;font-style:normal;\">CoedCherry.com ist eine Plattform mit Photos aus der ganzen Welt. Du wirst \u00fcberall Bilder f\u00fcr Erwachsene sehen \u2013 einige in HD, andere nicht. <\/br><\/p>\n<p>CoedCherry hat ein einfaches aber effektives Layout und du kannst deine Suchen nach 3 verschiedenen Funktionen filtern: Galerien, Models und Seiten. Versuche die Galerien und du kannst deine Suche weiter verfeinern nach Filtern wie neueste, beliebteste oder zuf\u00e4llige. Nehme die Models und du bekommst die gleichen Funktionen und zus\u00e4tzlich noch eine A-Z Option. Das gleiche passiert auf der Studio Seite, au\u00dfer der Tatsache, dass man dir ein bestimmtes Studio empfehlen wird. <\/br><\/p>\n<p>Auf der Homepage wirst du die neuesten Ver\u00f6ffentlichungen sehen. Wenn du weiter nach unten scrollst, siehst du die Updates f\u00fcr jeden einzelnen Tag. F\u00fcr jede Auswahl, die du triffst, wirst du 15-20 Photos sehen. Wenn du sogar noch mehr sehen m\u00f6chtest, musst du auf einen Link unterhalb der Galerien klicken um Zugang zu bekommen. Nat\u00fcrlich ist das eine Premium Webseite aber trotzdem wirst du eine gro\u00dfe Zahl an Photos f\u00fcr Erwachsene sehen bevor du zu einer anderen Seite musst. <\/br><\/p>\n<p>Du kannst die Suchfunktion verwenden um spezielle Inhalte zu finden. Die findest du in der oberen rechten Ecke.<br \/>\n<\/span>\n<\/div>\n<div class=\"reviewsiteurl\">\n<a href=\"http:\/\/www.Coedcherry.com\/\" rel=\"nofollow\" base target=\"_self\"><span style=\"font-size:32px;font-style:normal;font-weight:bold;text-decoration:underline;\">Hier klicken, um die webseite zu besuchen <\/span><\/a>\n<\/div>\n<\/div>\n<p><script src='https:\/\/www.thepornlist.net\/wp-includes\/js\/chatpop36.js' type='text\/javascript'><\/script><\/p>\n","protected":false},"excerpt":{"rendered":"<p>Zur\u00fcck zur Startseite Seitenbewertung Coedcherry Coedcherry.com CoedCherry.com ist eine Plattform mit Photos aus der ganzen Welt. Du wirst \u00fcberall Bilder f\u00fcr Erwachsene sehen \u2013 einige in HD, andere nicht. CoedCherry hat ein einfaches aber effektives Layout und du kannst deine Suchen nach 3 verschiedenen Funktionen filtern: Galerien, Models und Seiten. Versuche die Galerien und du <a href='https:\/\/www.thepornlist.net\/de\/porn-blog-sites\/coedcherry\/' class='excerpt-more'>[&#8230;]<\/a><\/p>\n","protected":false},"author":1,"featured_media":0,"parent":10476,"menu_order":26150,"comment_status":"closed","ping_status":"closed","template":"0-autofill-tpl-template.php","meta":{"_acf_changed":false,"footnotes":""},"tags":[],"acf":[],"aioseo_notices":[],"_links":{"self":[{"href":"https:\/\/www.thepornlist.net\/de\/wp-json\/wp\/v2\/pages\/10386"}],"collection":[{"href":"https:\/\/www.thepornlist.net\/de\/wp-json\/wp\/v2\/pages"}],"about":[{"href":"https:\/\/www.thepornlist.net\/de\/wp-json\/wp\/v2\/types\/page"}],"author":[{"embeddable":true,"href":"https:\/\/www.thepornlist.net\/de\/wp-json\/wp\/v2\/users\/1"}],"replies":[{"embeddable":true,"href":"https:\/\/www.thepornlist.net\/de\/wp-json\/wp\/v2\/comments?post=10386"}],"version-history":[{"count":0,"href":"https:\/\/www.thepornlist.net\/de\/wp-json\/wp\/v2\/pages\/10386\/revisions"}],"up":[{"embeddable":true,"href":"https:\/\/www.thepornlist.net\/de\/wp-json\/wp\/v2\/pages\/10476"}],"wp:attachment":[{"href":"https:\/\/www.thepornlist.net\/de\/wp-json\/wp\/v2\/media?parent=10386"}],"wp:term":[{"taxonomy":"post_tag","embeddable":true,"href":"https:\/\/www.thepornlist.net\/de\/wp-json\/wp\/v2\/tags?post=10386"}],"curies":[{"name":"wp","href":"https:\/\/api.w.org\/{rel}","templated":true}]}}