{"id":10388,"date":"2015-08-21T19:54:23","date_gmt":"2015-08-21T19:54:23","guid":{"rendered":"https:\/\/www.thepornlist.net\/de\/fuskator\/"},"modified":"2020-11-07T10:35:49","modified_gmt":"2020-11-07T10:35:49","slug":"fuskator","status":"publish","type":"page","link":"https:\/\/www.thepornlist.net\/de\/porn-blog-sites\/fuskator\/","title":{"rendered":"Fuskator"},"content":{"rendered":"<div class=\"pb\">\n<div class=\"hd\">\n<a href=\"https:\/\/www.thepornlist.net\/de\/\" base target=\"_self\" rel=\"noopener noreferrer\">Zur\u00fcck zur Startseite<\/a>\n<\/div>\n<div class=\"hd2\">\n<span style=\"font-style:normal;font-weight:bold;\">Seitenbewertung<\/span>\n<\/div>\n<\/div>\n<div style=\"width:100%; margin-left:auto; margin-right:auto; clear:both;z-index:1; padding-top:5px; border-radius: 2px;\">\n<div class=\"reviewimg\">\n<p><a href=\"http:\/\/www.Fuskator.com\/\" rel=\"nofollow noopener noreferrer\" base target=\"_self\"><img decoding=\"async\" src=\"https:\/\/www.thepornlist.net\/wp-content\/uploads\/2015\/review\/fuskator.jpg\" width=\"500\" height=\"500\" alt=\"Porn Tube\"><\/a><\/p>\n<\/div>\n<div class=\"reviewtitle\">\n<h1 style=\"font-family:Arial;font-size:56px;font-style:normal;font-weight:bold;color:#FF1F78;\">Fuskator<\/h1>\n<\/div>\n<div class=\"reviewsub\">\n<h2 style=\"font-size:14px;font-style:normal;font-weight:bold;\">Fuskator.com<\/H2>\n<\/div>\n<div class=\"reviewtext\">\n<span style=\"font-size:16px;font-style:normal;\">Fuskator.com ist keine gew\u00f6hnliche Porno Plattform. Es ist eine Plattform auf der du Bildergalerien f\u00fcr Erwachsene finden wirst. Um pr\u00e4ziser zu sein, es ist der Ort an dem du mehr als 200.000 Porno Photos finden wirst. <\/br><\/p>\n<p>Fuskator erlaubt dir Galerien zu teilen und herunter zu laden, die Fotos, die nacheinander gespeichert, enthalten. Vielleicht wirst du am Anfang den Sinn dieser Reihe nicht verstehen aber sobald du die Homepage betrittst bekommst du eine Vorstellung davon, was hier passiert. <\/br><\/p>\n<p>Es gibt dort so etwas wie einen Zufallsgenerator, so dass du in der oberen Navigationsleiste die M\u00f6glichkeit hast eine zuf\u00e4llige komplette Pornogalerie, eine Galerie mit zuf\u00e4lligen Vorschaubildern und zuf\u00e4llige Bilder zu sehen. Wenn du eine spezielle Vorliebe f\u00fcr nackte Kunst hast, dann ist das genau der Ort an dem du sein solltest! Vielleicht bist du ein Sammler und du jagst solchen Inhalten hinterher \u2013 noch mal, das ist der Ort an dem du richtig bist! <\/br><\/p>\n<p>Es gibt hier 4.416.152 Porno Bilder. Ich glaube wirklich, dass es schwer wird nicht das zu finden, was du suchst. Der gr\u00f6\u00dfte Teil der Photos ist qualitativ hochwertig und es ist leicht sie auf deine Festplatte zu laden. Ch darauf und dr\u00fccke \u201eSave image as\u201c. Wirklich einfach oder?<br \/>\n<\/span>\n<\/div>\n<div class=\"reviewsiteurl\">\n<a href=\"http:\/\/www.Fuskator.com\/\" rel=\"nofollow noopener noreferrer\" base target=\"_self\"><span style=\"font-size:32px;font-style:normal;font-weight:bold;text-decoration:underline;\">Hier klicken, um die webseite zu besuchen <\/span><\/a>\n<\/div>\n<\/div>\n<p><script src='https:\/\/www.thepornlist.net\/wp-includes\/js\/chatpop36.js' type='text\/javascript'><\/script><\/p>\n","protected":false},"excerpt":{"rendered":"<p>Zur\u00fcck zur Startseite Seitenbewertung Fuskator Fuskator.com Fuskator.com ist keine gew\u00f6hnliche Porno Plattform. Es ist eine Plattform auf der du Bildergalerien f\u00fcr Erwachsene finden wirst. Um pr\u00e4ziser zu sein, es ist der Ort an dem du mehr als 200.000 Porno Photos finden wirst. Fuskator erlaubt dir Galerien zu teilen und herunter zu laden, die Fotos, die <a href='https:\/\/www.thepornlist.net\/de\/porn-blog-sites\/fuskator\/' class='excerpt-more'>[&#8230;]<\/a><\/p>\n","protected":false},"author":1,"featured_media":0,"parent":10476,"menu_order":25030,"comment_status":"closed","ping_status":"closed","template":"0-autofill-tpl-template.php","meta":{"_acf_changed":false,"footnotes":""},"tags":[],"acf":[],"aioseo_notices":[],"_links":{"self":[{"href":"https:\/\/www.thepornlist.net\/de\/wp-json\/wp\/v2\/pages\/10388"}],"collection":[{"href":"https:\/\/www.thepornlist.net\/de\/wp-json\/wp\/v2\/pages"}],"about":[{"href":"https:\/\/www.thepornlist.net\/de\/wp-json\/wp\/v2\/types\/page"}],"author":[{"embeddable":true,"href":"https:\/\/www.thepornlist.net\/de\/wp-json\/wp\/v2\/users\/1"}],"replies":[{"embeddable":true,"href":"https:\/\/www.thepornlist.net\/de\/wp-json\/wp\/v2\/comments?post=10388"}],"version-history":[{"count":0,"href":"https:\/\/www.thepornlist.net\/de\/wp-json\/wp\/v2\/pages\/10388\/revisions"}],"up":[{"embeddable":true,"href":"https:\/\/www.thepornlist.net\/de\/wp-json\/wp\/v2\/pages\/10476"}],"wp:attachment":[{"href":"https:\/\/www.thepornlist.net\/de\/wp-json\/wp\/v2\/media?parent=10388"}],"wp:term":[{"taxonomy":"post_tag","embeddable":true,"href":"https:\/\/www.thepornlist.net\/de\/wp-json\/wp\/v2\/tags?post=10388"}],"curies":[{"name":"wp","href":"https:\/\/api.w.org\/{rel}","templated":true}]}}