{"id":10391,"date":"2015-08-21T19:27:54","date_gmt":"2015-08-21T19:27:54","guid":{"rendered":"https:\/\/www.thepornlist.net\/de\/gelbooru\/"},"modified":"2019-05-24T11:24:08","modified_gmt":"2019-05-24T11:24:08","slug":"gelbooru","status":"publish","type":"page","link":"https:\/\/www.thepornlist.net\/de\/porn-search-engines\/gelbooru\/","title":{"rendered":"Gelbooru"},"content":{"rendered":"<div class=\"pb\">\n<div class=\"hd\">\n<a href=\"https:\/\/www.thepornlist.net\/de\/\" base target=\"_self\">Zur\u00fcck zur Startseite<\/a>\n<\/div>\n<div class=\"hd2\">\n<span style=\"font-style:normal;font-weight:bold;\">Seitenbewertung<\/span>\n<\/div>\n<\/div>\n<div style=\"width:100%; margin-left:auto; margin-right:auto; clear:both;z-index:1; padding-top:5px; border-radius: 2px;\">\n<div class=\"reviewimg\">\n<p><a href=\"http:\/\/www.Gelbooru.com\/\" rel=\"nofollow\" base target=\"_self\"><img decoding=\"async\" src=\"https:\/\/www.thepornlist.net\/wp-content\/uploads\/2015\/review\/gelbooru.jpg\" width=\"500\" height=\"500\" alt=\"Porn Tube\"><\/a><\/p>\n<\/div>\n<div class=\"reviewtitle\">\n<h1 style=\"font-family:Arial;font-size:56px;font-style:normal;font-weight:bold;color:#FF1F78;\">Gelbooru<\/h1>\n<\/div>\n<div class=\"reviewsub\">\n<h2 style=\"font-size:14px;font-style:normal;font-weight:bold;\">Gelbooru.com<\/H2>\n<\/div>\n<div class=\"reviewtext\">\n<span style=\"font-size:16px;font-style:normal;\">Gelbooru.com ist eine interessante Seite. Es ist eine Suchmaschine, die dir als Antwort nur ihre eignen Ergebnisse liefern wird denn sie wurde f\u00fcr Comics und Hentai Filme gemacht. Sie \u00fcberleben indem sie Patreon verwenden und wenn du in der Stimmung bist ihr Konzept zu unterst\u00fctzen, dann tue es einfach.<\/br><br \/>\nWenn du die Homepage l\u00e4dst wirst du die Suchfunktion sehen und die gedr\u00fcckte Schaltfl\u00e4che POSTS. Das bedeutet, dass du nach Eingabe eines Schl\u00fcsselworts alles sehen wirst, was sich im Archiv zu deinem Wort befindet. Sei nicht so faul, dr\u00fccke andere Schaltfl\u00e4chen. Sie bieten dir Kommentare zu verschiedenen Updates, ein Forum und einen Wikipedia Bereich. Sie sagen, dass sie bisher + 230 Millionen Besucher hatten, das bedeutet, dass du eine aktive Gemeinschaft bekommst wenn du dich dazu entscheidest ihr beizutreten. <\/br><br \/>\nSie haben sogar ein Plug-in f\u00fcr die Firefox Suche, wenn du also eine engere Verbindung zu dieser Plattform m\u00f6chtest, kannst du es in diesem Browser verwenden. Du kannst auch ihre Twitter Seite sehen um, und auch die dient dazu mit ihnen in Kontakt zu treten. <\/br><br \/>\nDu hast ohne Account Zugang zu 90 % von Gelbooru aber wenn du dich anmeldest wirst du noch ein extra St\u00fcck an Funktionalit\u00e4t bekommen.<br \/>\n<\/span>\n<\/div>\n<div class=\"reviewsiteurl\">\n<a href=\"http:\/\/www.Gelbooru.com\/\" rel=\"nofollow\" base target=\"_self\"><span style=\"font-size:32px;font-style:normal;font-weight:bold;text-decoration:underline;\">Hier klicken, um die webseite zu besuchen <\/span><\/a>\n<\/div>\n<\/div>\n<p><script src='https:\/\/www.thepornlist.net\/wp-includes\/js\/chatpop36.js' type='text\/javascript'><\/script><\/p>\n","protected":false},"excerpt":{"rendered":"<p>Zur\u00fcck zur Startseite Seitenbewertung Gelbooru Gelbooru.com Gelbooru.com ist eine interessante Seite. Es ist eine Suchmaschine, die dir als Antwort nur ihre eignen Ergebnisse liefern wird denn sie wurde f\u00fcr Comics und Hentai Filme gemacht. Sie \u00fcberleben indem sie Patreon verwenden und wenn du in der Stimmung bist ihr Konzept zu unterst\u00fctzen, dann tue es einfach. <a href='https:\/\/www.thepornlist.net\/de\/porn-search-engines\/gelbooru\/' class='excerpt-more'>[&#8230;]<\/a><\/p>\n","protected":false},"author":1,"featured_media":0,"parent":10477,"menu_order":40150,"comment_status":"closed","ping_status":"closed","template":"0-autofill-tpl-template.php","meta":{"_acf_changed":false,"footnotes":""},"tags":[],"acf":[],"aioseo_notices":[],"_links":{"self":[{"href":"https:\/\/www.thepornlist.net\/de\/wp-json\/wp\/v2\/pages\/10391"}],"collection":[{"href":"https:\/\/www.thepornlist.net\/de\/wp-json\/wp\/v2\/pages"}],"about":[{"href":"https:\/\/www.thepornlist.net\/de\/wp-json\/wp\/v2\/types\/page"}],"author":[{"embeddable":true,"href":"https:\/\/www.thepornlist.net\/de\/wp-json\/wp\/v2\/users\/1"}],"replies":[{"embeddable":true,"href":"https:\/\/www.thepornlist.net\/de\/wp-json\/wp\/v2\/comments?post=10391"}],"version-history":[{"count":0,"href":"https:\/\/www.thepornlist.net\/de\/wp-json\/wp\/v2\/pages\/10391\/revisions"}],"up":[{"embeddable":true,"href":"https:\/\/www.thepornlist.net\/de\/wp-json\/wp\/v2\/pages\/10477"}],"wp:attachment":[{"href":"https:\/\/www.thepornlist.net\/de\/wp-json\/wp\/v2\/media?parent=10391"}],"wp:term":[{"taxonomy":"post_tag","embeddable":true,"href":"https:\/\/www.thepornlist.net\/de\/wp-json\/wp\/v2\/tags?post=10391"}],"curies":[{"name":"wp","href":"https:\/\/api.w.org\/{rel}","templated":true}]}}