{"id":10393,"date":"2015-08-21T19:21:35","date_gmt":"2015-08-21T19:21:35","guid":{"rendered":"https:\/\/www.thepornlist.net\/de\/nudevista\/"},"modified":"2019-05-24T11:23:29","modified_gmt":"2019-05-24T11:23:29","slug":"nudevista","status":"publish","type":"page","link":"https:\/\/www.thepornlist.net\/de\/porn-search-engines\/nudevista\/","title":{"rendered":"Nudevista"},"content":{"rendered":"<div class=\"pb\">\n<div class=\"hd\">\n<a href=\"https:\/\/www.thepornlist.net\/de\/\" base target=\"_self\">Zur\u00fcck zur Startseite<\/a>\n<\/div>\n<div class=\"hd2\">\n<span style=\"font-style:normal;font-weight:bold;\">Seitenbewertung<\/span>\n<\/div>\n<\/div>\n<div style=\"width:100%; margin-left:auto; margin-right:auto; clear:both;z-index:1; padding-top:5px; border-radius: 2px;\">\n<div class=\"reviewimg\">\n<p><a href=\"https:\/\/www.nudevista.com\/\" rel=\"nofollow\" base target=\"_self\"><img decoding=\"async\" src=\"https:\/\/www.thepornlist.net\/wp-content\/uploads\/2015\/review\/nudevista.jpg\" width=\"500\" height=\"500\" alt=\"Porn Tube\"><\/a><\/p>\n<\/div>\n<div class=\"reviewtitle\">\n<h1 style=\"font-family:Arial;font-size:56px;font-style:normal;font-weight:bold;color:#FF1F78;\">Nudevista<\/h1>\n<\/div>\n<div class=\"reviewsub\">\n<h2 style=\"font-size:14px;font-style:normal;font-weight:bold;\">Nudevista.com<\/H2>\n<\/div>\n<div class=\"reviewtext\">\n<span style=\"font-size:16px;font-style:normal;\">Heute steht mal wieder die Bewertung einer eine Suchmaschine auf unserem Programm. Schlie\u00dflich brauchen wir sie und wir werden uns daran gew\u00f6hnen sie t\u00e4glich zu benutzen. Das ist normal denn Google wird immer unnachgiebiger wenn es sich um Pornographie dreht.<\/br><br \/>\nNudeVista.com ist eine gro\u00dfartige Suchmaschine die nach eigenen Angaben 122.133.600 Tuben Videos und 27.974 Models finden kann. Gibt es so viele Models in der Erwachsenenindustrie?<\/br><br \/>\nDu hast die M\u00f6glichkeit deine Ergebnisse filtern zu lassen nach schwul, Transen, bizarr, L\u00e4nge und nach einigem anderen. Es scheint als ob diese Funktion neu ist und das bedeutet, dass ich nicht genau wei\u00df, ob sie auch so funktioniert wie sie sollte. Du hast auch die M\u00f6glichkeit noch weiter zu filtern nach Tube. Pornostar oder Verzeichnis.Unter dem Punkt Verzeichnis wirst du beliebte Schlagw\u00f6rter finden \u2013 nichts Besonderes. Das ganz Besondere findest du unter der Pornostar Option. Schau es dir an und entdecke die erstaunliche \u201eSuche nach Parametern\u201c Funktion, die es dir gestattet Models nach ihrem Geburtsdatum, Herkunftsland, Haarfarbe, Augen, Rasse, Brustgr\u00f6\u00dfe und nach vielen anderen Kriterien zu suchen. Geil! Das ist echt erstaunlich, wenn du mich fragst!  <\/br><br \/>\nWenn du nach einem Schlagwort suchst, wirst du Videos aus verschiedenen Quellen bekommen. Besuch sie einfach, sie haben hart daf\u00fcr gearbeitet!<br \/>\n<\/span>\n<\/div>\n<div class=\"reviewsiteurl\">\n<a href=\"https:\/\/www.nudevista.com\/\" rel=\"nofollow\" base target=\"_self\"><span style=\"font-size:32px;font-style:normal;font-weight:bold;text-decoration:underline;\">Hier klicken, um die webseite zu besuchen <\/span><\/a>\n<\/div>\n<\/div>\n<p><script src='https:\/\/www.thepornlist.net\/wp-includes\/js\/chatpop36.js' type='text\/javascript'><\/script><\/p>\n","protected":false},"excerpt":{"rendered":"<p>Zur\u00fcck zur Startseite Seitenbewertung Nudevista Nudevista.com Heute steht mal wieder die Bewertung einer eine Suchmaschine auf unserem Programm. Schlie\u00dflich brauchen wir sie und wir werden uns daran gew\u00f6hnen sie t\u00e4glich zu benutzen. Das ist normal denn Google wird immer unnachgiebiger wenn es sich um Pornographie dreht. NudeVista.com ist eine gro\u00dfartige Suchmaschine die nach eigenen Angaben <a href='https:\/\/www.thepornlist.net\/de\/porn-search-engines\/nudevista\/' class='excerpt-more'>[&#8230;]<\/a><\/p>\n","protected":false},"author":1,"featured_media":0,"parent":10477,"menu_order":33370,"comment_status":"closed","ping_status":"closed","template":"0-autofill-tpl-template.php","meta":{"_acf_changed":false,"footnotes":""},"tags":[],"acf":[],"aioseo_notices":[],"_links":{"self":[{"href":"https:\/\/www.thepornlist.net\/de\/wp-json\/wp\/v2\/pages\/10393"}],"collection":[{"href":"https:\/\/www.thepornlist.net\/de\/wp-json\/wp\/v2\/pages"}],"about":[{"href":"https:\/\/www.thepornlist.net\/de\/wp-json\/wp\/v2\/types\/page"}],"author":[{"embeddable":true,"href":"https:\/\/www.thepornlist.net\/de\/wp-json\/wp\/v2\/users\/1"}],"replies":[{"embeddable":true,"href":"https:\/\/www.thepornlist.net\/de\/wp-json\/wp\/v2\/comments?post=10393"}],"version-history":[{"count":0,"href":"https:\/\/www.thepornlist.net\/de\/wp-json\/wp\/v2\/pages\/10393\/revisions"}],"up":[{"embeddable":true,"href":"https:\/\/www.thepornlist.net\/de\/wp-json\/wp\/v2\/pages\/10477"}],"wp:attachment":[{"href":"https:\/\/www.thepornlist.net\/de\/wp-json\/wp\/v2\/media?parent=10393"}],"wp:term":[{"taxonomy":"post_tag","embeddable":true,"href":"https:\/\/www.thepornlist.net\/de\/wp-json\/wp\/v2\/tags?post=10393"}],"curies":[{"name":"wp","href":"https:\/\/api.w.org\/{rel}","templated":true}]}}