{"id":10394,"date":"2015-08-21T19:19:39","date_gmt":"2015-08-21T19:19:39","guid":{"rendered":"https:\/\/www.thepornlist.net\/de\/badjojo\/"},"modified":"2019-05-24T11:23:24","modified_gmt":"2019-05-24T11:23:24","slug":"badjojo","status":"publish","type":"page","link":"https:\/\/www.thepornlist.net\/de\/porn-search-engines\/badjojo\/","title":{"rendered":"Badjojo"},"content":{"rendered":"<div class=\"pb\">\n<div class=\"hd\">\n<a href=\"https:\/\/www.thepornlist.net\/de\/\" base target=\"_self\">Zur\u00fcck zur Startseite<\/a>\n<\/div>\n<div class=\"hd2\">\n<span style=\"font-style:normal;font-weight:bold;\">Seitenbewertung<\/span>\n<\/div>\n<\/div>\n<div style=\"width:100%; margin-left:auto; margin-right:auto; clear:both;z-index:1; padding-top:5px; border-radius: 2px;\">\n<div class=\"reviewimg\">\n<p><a href=\"https:\/\/www.badjojo.com\/\" rel=\"nofollow\" base target=\"_self\"><img decoding=\"async\" src=\"https:\/\/www.thepornlist.net\/wp-content\/uploads\/2015\/review\/badjojo.jpg\" width=\"500\" height=\"500\" alt=\"Porn Tube\"><\/a><\/p>\n<\/div>\n<div class=\"reviewtitle\">\n<h1 style=\"font-family:Arial;font-size:56px;font-style:normal;font-weight:bold;color:#FF1F78;\">Badjojo<\/h1>\n<\/div>\n<div class=\"reviewsub\">\n<h2 style=\"font-size:14px;font-style:normal;font-weight:bold;\">Badjojo.com<\/H2>\n<\/div>\n<div class=\"reviewtext\">\n<span style=\"font-size:16px;font-style:normal;\">BadJojo.com \u2013 Suchmaschine f\u00fcr Porno Videos! Es ist zwar nicht die erste, aber selbst heutzutage ist eine Suchmaschine f\u00fcr Pornos etwas, das man nicht t\u00e4glich sieht.<\/br><br \/>\nBadJojo hat einen guten Ruf und macht nicht genau das, was man sich von einer normalen Suchmaschine erwartet. Mit einer Ausnahme \u2013 es wird dir die geilsten Porno Ergebnisse liefern. Es wird gesagt, dass es die Nr. 1 Suchmaschine mit Millionen von kostenlosen Videos w\u00e4re. Ich kann das weder best\u00e4tigen noch verneinen da ich nicht die Kenntnisse habe um diese Aussage zu beurteilen. Alles, was ich tun kann, ist dir eine n\u00e4here Betrachtung zu liefern, was dieses Ding tut und was nicht.<\/br><br \/>\nEs gibt einige interessante Links in der oberen Navigationsleiste \u2013 du kannst dort einige Kan\u00e4le sehen und den letzten Eintrag bei jedem von ihnen. Du kannst Schlagw\u00f6rter und eine Liste mit den 100 am h\u00e4ufigst gesuchten Pornostars sehen. Wie bei jeder seri\u00f6sen Suchmaschine kannst du deine Ergebnisse noch nach Relevanz, neuesten Ver\u00f6ffentlichungen, L\u00e4nge oder Datum filtern. <\/br><br \/>\nIch habe mir die Freiheit genommen, das Schlagwort \u201eAmateur\u201c einzugeben. Um ehrlich zu sein, ich war beeindruckt von der Geschwindigkeit dieser Suchmaschine. BadJojo hat wirklich seine Hausaufgaben gemacht. Eine Menge an Quellen, Tausende von Ergebnissen. Ich mag es!<br \/>\n<\/span>\n<\/div>\n<div class=\"reviewsiteurl\">\n<a href=\"https:\/\/www.badjojo.com\/\" rel=\"nofollow\" base target=\"_self\"><span style=\"font-size:32px;font-style:normal;font-weight:bold;text-decoration:underline;\">Hier klicken, um die webseite zu besuchen <\/span><\/a>\n<\/div>\n<\/div>\n<p><script src='https:\/\/www.thepornlist.net\/wp-includes\/js\/chatpop36.js' type='text\/javascript'><\/script><\/p>\n","protected":false},"excerpt":{"rendered":"<p>Zur\u00fcck zur Startseite Seitenbewertung Badjojo Badjojo.com BadJojo.com \u2013 Suchmaschine f\u00fcr Porno Videos! Es ist zwar nicht die erste, aber selbst heutzutage ist eine Suchmaschine f\u00fcr Pornos etwas, das man nicht t\u00e4glich sieht. BadJojo hat einen guten Ruf und macht nicht genau das, was man sich von einer normalen Suchmaschine erwartet. Mit einer Ausnahme \u2013 es <a href='https:\/\/www.thepornlist.net\/de\/porn-search-engines\/badjojo\/' class='excerpt-more'>[&#8230;]<\/a><\/p>\n","protected":false},"author":1,"featured_media":0,"parent":10477,"menu_order":32970,"comment_status":"closed","ping_status":"closed","template":"0-autofill-tpl-template.php","meta":{"_acf_changed":false,"footnotes":""},"tags":[],"acf":[],"aioseo_notices":[],"_links":{"self":[{"href":"https:\/\/www.thepornlist.net\/de\/wp-json\/wp\/v2\/pages\/10394"}],"collection":[{"href":"https:\/\/www.thepornlist.net\/de\/wp-json\/wp\/v2\/pages"}],"about":[{"href":"https:\/\/www.thepornlist.net\/de\/wp-json\/wp\/v2\/types\/page"}],"author":[{"embeddable":true,"href":"https:\/\/www.thepornlist.net\/de\/wp-json\/wp\/v2\/users\/1"}],"replies":[{"embeddable":true,"href":"https:\/\/www.thepornlist.net\/de\/wp-json\/wp\/v2\/comments?post=10394"}],"version-history":[{"count":0,"href":"https:\/\/www.thepornlist.net\/de\/wp-json\/wp\/v2\/pages\/10394\/revisions"}],"up":[{"embeddable":true,"href":"https:\/\/www.thepornlist.net\/de\/wp-json\/wp\/v2\/pages\/10477"}],"wp:attachment":[{"href":"https:\/\/www.thepornlist.net\/de\/wp-json\/wp\/v2\/media?parent=10394"}],"wp:term":[{"taxonomy":"post_tag","embeddable":true,"href":"https:\/\/www.thepornlist.net\/de\/wp-json\/wp\/v2\/tags?post=10394"}],"curies":[{"name":"wp","href":"https:\/\/api.w.org\/{rel}","templated":true}]}}