{"id":10395,"date":"2015-08-21T19:16:07","date_gmt":"2015-08-21T19:16:07","guid":{"rendered":"https:\/\/www.thepornlist.net\/de\/assoass\/"},"modified":"2019-06-06T12:42:40","modified_gmt":"2019-06-06T12:42:40","slug":"assoass","status":"publish","type":"page","link":"https:\/\/www.thepornlist.net\/de\/porn-search-engines\/assoass\/","title":{"rendered":"Assoass.com"},"content":{"rendered":"<div class=\"pb\">\n<div class=\"hd\">\n<a href=\"https:\/\/www.thepornlist.net\/de\/\" base target=\"_self\">Zur\u00fcck zur Startseite<\/a>\n<\/div>\n<div class=\"hd2\">\n<span style=\"font-style:normal;font-weight:bold;\">Seitenbewertung<\/span>\n<\/div>\n<\/div>\n<div style=\"width:100%; margin-left:auto; margin-right:auto; clear:both;z-index:1; padding-top:5px; border-radius: 2px;\">\n<div class=\"reviewimg\">\n<p><a href=\"https:\/\/www.assoass.com\/\" rel=\"nofollow\" base target=\"_self\"><img decoding=\"async\" src=\"https:\/\/www.thepornlist.net\/wp-content\/uploads\/2015\/review\/assoass.jpg\" width=\"500\" height=\"500\" alt=\"Porn Tube\"><\/a><\/p>\n<\/div>\n<div class=\"reviewtitle\">\n<h1 style=\"font-family:Arial;font-size:56px;font-style:normal;font-weight:bold;color:#FF1F78;\">Assoass<\/h1>\n<\/div>\n<div class=\"reviewsub\">\n<h2 style=\"font-size:14px;font-style:normal;font-weight:bold;\">Assoass.com<\/H2>\n<\/div>\n<div class=\"reviewtext\">\n<span style=\"font-size:16px;font-style:normal;\">Jeder glaubt, dass Amerika das gelobte Land ist. Nun, nicht heute wenn wir \u00fcber Pornos sprechen. Willkommen und lass dich zum Staunen bringen \u2013 AssOAss.com! Sie sagen Arsch, anal, Hinter. Wi sagen danke! Wir alle wissen, dass M\u00e4nner irgendwie auf \u00c4rsche stehen und wenn man verschiedene Formen mit verschiedenen Geschm\u00e4ckern an nur einem Ort finden kann dann ist es der Himmel auf Erden.<\/br><br \/>\nZuerst einmal solltest du wissen, dass du deine Inhalte nach hetero, schwul oder shemale filtern lassen kannst. Dann, wenn du wissen willst was heute besonders geil ist, solltest du den \u201eneue Filme\u201c Bereich betreten. Wenn du die Meinung anderer User wissen willst, dann geh weiter zu den beliebtesten oder den am besten bewerteten Filmen. Frauen werden auch entz\u00fcckt sein zu erfahren, dass AssOAss eine Partnerseite hat auf der es jede Menge Inhalte nur f\u00fcr Frauen gibt.<\/br><br \/>\nDa du nun wei\u00dft, dass sich ier alles nur um \u00c4rsche dreht, gebe ich dir mal ein paar Beispiele f\u00fcr Kategorien: gro\u00dfer Arsch, Mutti Analsex, BBW Analsex, Teen Analsex, interracial Analsex oder Ebony Analsex. Und das sind nur die ganz normalen. Lass uns mal einen Blick in die ein bisschen ungew\u00f6hnlichen Nischen werfen: arabisch, Analschmerzen oder afrikanisch.<br \/>\n<\/span>\n<\/div>\n<div class=\"reviewsiteurl\">\n<a href=\"https:\/\/www.assoass.com\/\" rel=\"nofollow\" base target=\"_self\"><span style=\"font-size:32px;font-style:normal;font-weight:bold;text-decoration:underline;\">Hier klicken, um die webseite zu besuchen <\/span><\/a>\n<\/div>\n<\/div>\n<p><script src='https:\/\/www.thepornlist.net\/wp-includes\/js\/chatpop36.js' type='text\/javascript'><\/script><\/p>\n","protected":false},"excerpt":{"rendered":"<p>Zur\u00fcck zur Startseite Seitenbewertung Assoass Assoass.com Jeder glaubt, dass Amerika das gelobte Land ist. Nun, nicht heute wenn wir \u00fcber Pornos sprechen. Willkommen und lass dich zum Staunen bringen \u2013 AssOAss.com! Sie sagen Arsch, anal, Hinter. Wi sagen danke! Wir alle wissen, dass M\u00e4nner irgendwie auf \u00c4rsche stehen und wenn man verschiedene Formen mit verschiedenen <a href='https:\/\/www.thepornlist.net\/de\/porn-search-engines\/assoass\/' class='excerpt-more'>[&#8230;]<\/a><\/p>\n","protected":false},"author":1,"featured_media":0,"parent":10477,"menu_order":36450,"comment_status":"closed","ping_status":"closed","template":"0-autofill-tpl-template.php","meta":{"_acf_changed":false,"footnotes":""},"tags":[],"acf":[],"aioseo_notices":[],"_links":{"self":[{"href":"https:\/\/www.thepornlist.net\/de\/wp-json\/wp\/v2\/pages\/10395"}],"collection":[{"href":"https:\/\/www.thepornlist.net\/de\/wp-json\/wp\/v2\/pages"}],"about":[{"href":"https:\/\/www.thepornlist.net\/de\/wp-json\/wp\/v2\/types\/page"}],"author":[{"embeddable":true,"href":"https:\/\/www.thepornlist.net\/de\/wp-json\/wp\/v2\/users\/1"}],"replies":[{"embeddable":true,"href":"https:\/\/www.thepornlist.net\/de\/wp-json\/wp\/v2\/comments?post=10395"}],"version-history":[{"count":0,"href":"https:\/\/www.thepornlist.net\/de\/wp-json\/wp\/v2\/pages\/10395\/revisions"}],"up":[{"embeddable":true,"href":"https:\/\/www.thepornlist.net\/de\/wp-json\/wp\/v2\/pages\/10477"}],"wp:attachment":[{"href":"https:\/\/www.thepornlist.net\/de\/wp-json\/wp\/v2\/media?parent=10395"}],"wp:term":[{"taxonomy":"post_tag","embeddable":true,"href":"https:\/\/www.thepornlist.net\/de\/wp-json\/wp\/v2\/tags?post=10395"}],"curies":[{"name":"wp","href":"https:\/\/api.w.org\/{rel}","templated":true}]}}