{"id":10396,"date":"2015-08-21T19:14:38","date_gmt":"2015-08-21T19:14:38","guid":{"rendered":"https:\/\/www.thepornlist.net\/de\/gonzoxxxmovies\/"},"modified":"2020-11-07T10:41:14","modified_gmt":"2020-11-07T10:41:14","slug":"gonzoxxxmovies","status":"publish","type":"page","link":"https:\/\/www.thepornlist.net\/de\/porn-search-engines\/gonzoxxxmovies\/","title":{"rendered":"Gonzoxxxmovies"},"content":{"rendered":"<div class=\"pb\">\n<div class=\"hd\">\n<a href=\"https:\/\/www.thepornlist.net\/de\/\" base target=\"_self\" rel=\"noopener noreferrer\">Zur\u00fcck zur Startseite<\/a>\n<\/div>\n<div class=\"hd2\">\n<span style=\"font-style:normal;font-weight:bold;\">Seitenbewertung<\/span>\n<\/div>\n<\/div>\n<div style=\"width:100%; margin-left:auto; margin-right:auto; clear:both;z-index:1; padding-top:5px; border-radius: 2px;\">\n<div class=\"reviewimg\">\n<p><a href=\"http:\/\/www.Gonzoxxxmovies.com\/\" rel=\"nofollow noopener noreferrer\" base target=\"_self\"><img decoding=\"async\" src=\"https:\/\/www.thepornlist.net\/wp-content\/uploads\/2015\/review\/gonzoxxxmovies.jpg\" width=\"500\" height=\"500\" alt=\"Porn Tube\"><\/a><\/p>\n<\/div>\n<div class=\"reviewtitle\">\n<h1 style=\"font-family:Arial;font-size:56px;font-style:normal;font-weight:bold;color:#FF1F78;\">Gonzoxxxmovies<\/h1>\n<\/div>\n<div class=\"reviewsub\">\n<h2 style=\"font-size:14px;font-style:normal;font-weight:bold;\">Gonzoxxxmovies.com<\/H2>\n<\/div>\n<div class=\"reviewtext\">\n<span style=\"font-size:16px;font-style:normal;\">GonzoXXXmovies.com \u2013 gro\u00dfartiges Logo auf dieser Webseite! Dieses blonde Luder geniesst es wirklich den Arsch direkt in die Kamera zu halten. Willkommen bei dieser Tube! Noch eine, ja, aber wir k\u00f6nnen nie genug von gratis Pornos bekommen!<\/br><br \/>\nGonzoXXXmovies ist eine Porno Webseite voller leckerer Babes. Die dazu bereit sind dich und deine schmutzigen Gedanken zu unterhalten. Du wirst sie in Kategorien wie Teen, japanisch, Geld, Milf, hart, Teen Analsex usw. finden. Au\u00dferdem hast du die gewohnten M\u00f6glichkeiten deine Inhalte nach neuen Filmen, beliebten Filmen, am besten bewerteten oder am h\u00e4ufigsten bewerteten Filmen zu sortieren.<\/br><br \/>\nDas Layout ist gut und wird dir die M\u00f6glichkeit bieten nach hetero, schwulen oder transsexuellen Inhalten zu suchen \u2013 alles f\u00fcr jeden! Wenn du von der Homepage aus auf eine Kategorie klickst, wirst du in diese spezielle Nische geleitet und du wirst dort im wahrsten Sinne des Wortes Hunderttausende von Filmen finden. W\u00e4hle denjenigen aus, der dich anspricht und eine externe Webseite wird ihn hochladen. GonzoXXXmovies hostet keine Videos aber wie ich bereits in vorherigen Bewertungen sagte, ist das eine Sache, die heutzutage immer normaler wird.<\/br><\/p>\n<p>Wenn du glaubst, dass du nicht gen\u00fcgend Such- und Filter Funktionen hast, kannst du auch noch die Schlagw\u00f6rter benutzen.<br \/>\n<\/span>\n<\/div>\n<div class=\"reviewsiteurl\">\n<a href=\"http:\/\/www.Gonzoxxxmovies.com\/\" rel=\"nofollow noopener noreferrer\" base target=\"_self\"><span style=\"font-size:32px;font-style:normal;font-weight:bold;text-decoration:underline;\">Hier klicken, um die webseite zu besuchen <\/span><\/a>\n<\/div>\n<\/div>\n<p><script src='https:\/\/www.thepornlist.net\/wp-includes\/js\/chatpop36.js' type='text\/javascript'><\/script><\/p>\n","protected":false},"excerpt":{"rendered":"<p>Zur\u00fcck zur Startseite Seitenbewertung Gonzoxxxmovies Gonzoxxxmovies.com GonzoXXXmovies.com \u2013 gro\u00dfartiges Logo auf dieser Webseite! Dieses blonde Luder geniesst es wirklich den Arsch direkt in die Kamera zu halten. Willkommen bei dieser Tube! Noch eine, ja, aber wir k\u00f6nnen nie genug von gratis Pornos bekommen! GonzoXXXmovies ist eine Porno Webseite voller leckerer Babes. Die dazu bereit sind <a href='https:\/\/www.thepornlist.net\/de\/porn-search-engines\/gonzoxxxmovies\/' class='excerpt-more'>[&#8230;]<\/a><\/p>\n","protected":false},"author":1,"featured_media":0,"parent":10477,"menu_order":35970,"comment_status":"closed","ping_status":"closed","template":"0-autofill-tpl-template.php","meta":{"_acf_changed":false,"footnotes":""},"tags":[],"acf":[],"aioseo_notices":[],"_links":{"self":[{"href":"https:\/\/www.thepornlist.net\/de\/wp-json\/wp\/v2\/pages\/10396"}],"collection":[{"href":"https:\/\/www.thepornlist.net\/de\/wp-json\/wp\/v2\/pages"}],"about":[{"href":"https:\/\/www.thepornlist.net\/de\/wp-json\/wp\/v2\/types\/page"}],"author":[{"embeddable":true,"href":"https:\/\/www.thepornlist.net\/de\/wp-json\/wp\/v2\/users\/1"}],"replies":[{"embeddable":true,"href":"https:\/\/www.thepornlist.net\/de\/wp-json\/wp\/v2\/comments?post=10396"}],"version-history":[{"count":0,"href":"https:\/\/www.thepornlist.net\/de\/wp-json\/wp\/v2\/pages\/10396\/revisions"}],"up":[{"embeddable":true,"href":"https:\/\/www.thepornlist.net\/de\/wp-json\/wp\/v2\/pages\/10477"}],"wp:attachment":[{"href":"https:\/\/www.thepornlist.net\/de\/wp-json\/wp\/v2\/media?parent=10396"}],"wp:term":[{"taxonomy":"post_tag","embeddable":true,"href":"https:\/\/www.thepornlist.net\/de\/wp-json\/wp\/v2\/tags?post=10396"}],"curies":[{"name":"wp","href":"https:\/\/api.w.org\/{rel}","templated":true}]}}