{"id":10397,"date":"2015-08-21T19:12:47","date_gmt":"2015-08-21T19:12:47","guid":{"rendered":"https:\/\/www.thepornlist.net\/de\/taxi69\/"},"modified":"2019-05-24T11:23:42","modified_gmt":"2019-05-24T11:23:42","slug":"taxi69","status":"publish","type":"page","link":"https:\/\/www.thepornlist.net\/de\/porn-search-engines\/taxi69\/","title":{"rendered":"Taxi69"},"content":{"rendered":"<div class=\"pb\">\n<div class=\"hd\">\n<a href=\"https:\/\/www.thepornlist.net\/de\/\" base target=\"_self\">Zur\u00fcck zur Startseite<\/a>\n<\/div>\n<div class=\"hd2\">\n<span style=\"font-style:normal;font-weight:bold;\">Seitenbewertung<\/span>\n<\/div>\n<\/div>\n<div style=\"width:100%; margin-left:auto; margin-right:auto; clear:both;z-index:1; padding-top:5px; border-radius: 2px;\">\n<div class=\"reviewimg\">\n<p><a href=\"http:\/\/www.Taxi69.com\/\" rel=\"nofollow\" base target=\"_self\"><img decoding=\"async\" src=\"https:\/\/www.thepornlist.net\/wp-content\/uploads\/2015\/review\/taxi69.jpg\" width=\"500\" height=\"500\" alt=\"Porn Tube\"><\/a><\/p>\n<\/div>\n<div class=\"reviewtitle\">\n<h1 style=\"font-family:Arial;font-size:56px;font-style:normal;font-weight:bold;color:#FF1F78;\">Taxi69<\/h1>\n<\/div>\n<div class=\"reviewsub\">\n<h2 style=\"font-size:14px;font-style:normal;font-weight:bold;\">Taxi69.com<\/H2>\n<\/div>\n<div class=\"reviewtext\">\n<span style=\"font-size:16px;font-style:normal;\">Auf dieser Webseite dreht sich alles nur um Pornos \u2013 kein Scheiss! Du bekommst nichts anderes \u2013 nur Porno. Lass mich dir erkl\u00e4ren, was ich meine. Wenn du Taxi69 betrittst, wirst du drei Schaltfl\u00e4chen sehen: Home, Pornostars, Kategorien. Das war&#8217;s! Dahinter wirst du eine Menge spektakul\u00e4rer Vorschaubilder finden \u2013 geile \u00c4rsche, geile Titten, pr\u00e4chtige Frauen, Inhalte mit hoher Qualit\u00e4t, Amateur, Babes, reife Frauen, Asiatinnen, und so weiter. Aber noch mal, das war&#8217;s, nur Vorschaubilder \u2013 keine Titel, keine Beschreibungen, keine L\u00e4ngen, keine Bewertungen, keine Anzahl von Besuchern, nichts.<\/br><br \/>\nAu\u00dferdem hast du auch keine Seiten voller Videos um von einem zum anderen zu klicken. Du kannst so weit runter scrollen, wie du willst, die M\u00f6glichkeiten sind unendlich. Keine meist gesehenen Videos, keine beliebtesten Videos, kein Scheiss! Du willst Porno? Hier wirst du nichts anderes bekommen!<\/br><br \/>\nDu kannst deine Inhalte noch filtern indem du die Pornostar Seite oder den Kategorien Bereich nutzt. Du wirst einige bekannte Namen wie Aidra Fox, Alexis Brill, April Blue, Asa Akira und andere finden. Au\u00dferdem einige nette Nischen wie Seitensprung, Aerobic, Babysitter, Junggesellin, Casting, Entjungferung, Girl von nebenan. Versteckte Kamera oder Mutter und Tochter.<\/br><br \/>\nTaxi69 zeigt dir eine andere Herangehensweise und ein neues Konzept f\u00fcr eine PornoTube! Ich mag es!<br \/>\n<\/span>\n<\/div>\n<div class=\"reviewsiteurl\">\n<a href=\"http:\/\/www.Taxi69.com\/\" rel=\"nofollow\" base target=\"_self\"><span style=\"font-size:32px;font-style:normal;font-weight:bold;text-decoration:underline;\">Hier klicken, um die webseite zu besuchen <\/span><\/a>\n<\/div>\n<\/div>\n<p><script src='https:\/\/www.thepornlist.net\/wp-includes\/js\/chatpop36.js' type='text\/javascript'><\/script><\/p>\n","protected":false},"excerpt":{"rendered":"<p>Zur\u00fcck zur Startseite Seitenbewertung Taxi69 Taxi69.com Auf dieser Webseite dreht sich alles nur um Pornos \u2013 kein Scheiss! Du bekommst nichts anderes \u2013 nur Porno. Lass mich dir erkl\u00e4ren, was ich meine. Wenn du Taxi69 betrittst, wirst du drei Schaltfl\u00e4chen sehen: Home, Pornostars, Kategorien. Das war&#8217;s! Dahinter wirst du eine Menge spektakul\u00e4rer Vorschaubilder finden \u2013 <a href='https:\/\/www.thepornlist.net\/de\/porn-search-engines\/taxi69\/' class='excerpt-more'>[&#8230;]<\/a><\/p>\n","protected":false},"author":1,"featured_media":0,"parent":10477,"menu_order":35670,"comment_status":"closed","ping_status":"closed","template":"0-autofill-tpl-template.php","meta":{"_acf_changed":false,"footnotes":""},"tags":[],"acf":[],"aioseo_notices":[],"_links":{"self":[{"href":"https:\/\/www.thepornlist.net\/de\/wp-json\/wp\/v2\/pages\/10397"}],"collection":[{"href":"https:\/\/www.thepornlist.net\/de\/wp-json\/wp\/v2\/pages"}],"about":[{"href":"https:\/\/www.thepornlist.net\/de\/wp-json\/wp\/v2\/types\/page"}],"author":[{"embeddable":true,"href":"https:\/\/www.thepornlist.net\/de\/wp-json\/wp\/v2\/users\/1"}],"replies":[{"embeddable":true,"href":"https:\/\/www.thepornlist.net\/de\/wp-json\/wp\/v2\/comments?post=10397"}],"version-history":[{"count":0,"href":"https:\/\/www.thepornlist.net\/de\/wp-json\/wp\/v2\/pages\/10397\/revisions"}],"up":[{"embeddable":true,"href":"https:\/\/www.thepornlist.net\/de\/wp-json\/wp\/v2\/pages\/10477"}],"wp:attachment":[{"href":"https:\/\/www.thepornlist.net\/de\/wp-json\/wp\/v2\/media?parent=10397"}],"wp:term":[{"taxonomy":"post_tag","embeddable":true,"href":"https:\/\/www.thepornlist.net\/de\/wp-json\/wp\/v2\/tags?post=10397"}],"curies":[{"name":"wp","href":"https:\/\/api.w.org\/{rel}","templated":true}]}}