{"id":10399,"date":"2015-08-21T19:08:40","date_gmt":"2015-08-21T19:08:40","guid":{"rendered":"https:\/\/www.thepornlist.net\/de\/apetube\/"},"modified":"2020-11-07T11:20:47","modified_gmt":"2020-11-07T11:20:47","slug":"apetube","status":"publish","type":"page","link":"https:\/\/www.thepornlist.net\/de\/porn-search-engines\/apetube\/","title":{"rendered":"Apetube"},"content":{"rendered":"<div class=\"pb\">\n<div class=\"hd\">\n<a href=\"https:\/\/www.thepornlist.net\/de\/\" base target=\"_self\" rel=\"noopener noreferrer\">Zur\u00fcck zur Startseite<\/a>\n<\/div>\n<div class=\"hd2\">\n<span style=\"font-style:normal;font-weight:bold;\">Seitenbewertung<\/span>\n<\/div>\n<\/div>\n<div style=\"width:100%; margin-left:auto; margin-right:auto; clear:both;z-index:1; padding-top:5px; border-radius: 2px;\">\n<div class=\"reviewimg\">\n<p><a href=\"http:\/\/www.Apetube.com\/\" rel=\"nofollow noopener noreferrer\" base target=\"_self\"><img decoding=\"async\" src=\"https:\/\/www.thepornlist.net\/wp-content\/uploads\/2015\/review\/apetube.jpg\" width=\"500\" height=\"500\" alt=\"Porn Tube\"><\/a><\/p>\n<\/div>\n<div class=\"reviewtitle\">\n<h1 style=\"font-family:Arial;font-size:56px;font-style:normal;font-weight:bold;color:#FF1F78;\">Apetube<\/h1>\n<\/div>\n<div class=\"reviewsub\">\n<h2 style=\"font-size:14px;font-style:normal;font-weight:bold;\">Apetube.com<\/H2>\n<\/div>\n<div class=\"reviewtext\">\n<span style=\"font-size:16px;font-style:normal;\">Ein ungew\u00f6hnlicher Name f\u00fcr eine Porno Tube \u2013 ApeTube.com. Ich wei\u00df nicht genau warum, aber ich sehe viele wirklich gro\u00dfe Titten auf der Homepage. Und eine Menge Naturtitten. Wir alle lieben gro\u00dfe Br\u00fcste aber wir sind auch im siebten Himmel wenn gro\u00df gleichzeitig nat\u00fcrlich meint.<\/br><br \/>\nSei vorsichtig! Sobald du diese Seite betrittst, ist der Inhalt gemischt mit hetero, schwul und transsexuell. Wenn du ein Fan von \u00dcberraschungen bist, gibt dir die Seite genau den Adrenalin Kick, den du brauchst. Wenn nicht dann kannst du die Markierung in den K\u00e4stchen in der oberen rechten Ecke aufheben damit du nur die Pornos siehst, die du sehen m\u00f6chtest. <\/br><br \/>\nDie Kategorien sind direkt auf der Homepage und du wirst einige ungew\u00f6hnliche finden (genauso ungew\u00f6hnlich wie der Name dieser Porno Webseite) wie Geschichten Tube, brutale Tube, Sri Lanka Tube oder Fitness Tube. Wenn du wei\u00dft, was du sehen willst, dann klicke auf den Kategorie Link und die allm\u00e4chtige ApeTube wird dir Abertausende an Videos liefern. Dieser Riese hat kein Problem damit diese Menge an Inhalten zu handeln denn du wirst keine Videos finden, die auf der Plattform gehostet sind \u2013 nichts ungew\u00f6hnliches heutzutage. Besuche diese Adresse, ich glaube wirklich, dass es dir dort gefallen wird.<br \/>\n<\/span>\n<\/div>\n<div class=\"reviewsiteurl\">\n<a href=\"http:\/\/www.Apetube.com\/\" rel=\"nofollow noopener noreferrer\" base target=\"_self\"><span style=\"font-size:32px;font-style:normal;font-weight:bold;text-decoration:underline;\">Hier klicken, um die webseite zu besuchen <\/span><\/a>\n<\/div>\n<\/div>\n<p><script src='https:\/\/www.thepornlist.net\/wp-includes\/js\/chatpop36.js' type='text\/javascript'><\/script><\/p>\n","protected":false},"excerpt":{"rendered":"<p>Zur\u00fcck zur Startseite Seitenbewertung Apetube Apetube.com Ein ungew\u00f6hnlicher Name f\u00fcr eine Porno Tube \u2013 ApeTube.com. Ich wei\u00df nicht genau warum, aber ich sehe viele wirklich gro\u00dfe Titten auf der Homepage. Und eine Menge Naturtitten. Wir alle lieben gro\u00dfe Br\u00fcste aber wir sind auch im siebten Himmel wenn gro\u00df gleichzeitig nat\u00fcrlich meint. Sei vorsichtig! Sobald du <a href='https:\/\/www.thepornlist.net\/de\/porn-search-engines\/apetube\/' class='excerpt-more'>[&#8230;]<\/a><\/p>\n","protected":false},"author":1,"featured_media":0,"parent":10477,"menu_order":35010,"comment_status":"closed","ping_status":"closed","template":"0-autofill-tpl-template.php","meta":{"_acf_changed":false,"footnotes":""},"tags":[],"acf":[],"aioseo_notices":[],"_links":{"self":[{"href":"https:\/\/www.thepornlist.net\/de\/wp-json\/wp\/v2\/pages\/10399"}],"collection":[{"href":"https:\/\/www.thepornlist.net\/de\/wp-json\/wp\/v2\/pages"}],"about":[{"href":"https:\/\/www.thepornlist.net\/de\/wp-json\/wp\/v2\/types\/page"}],"author":[{"embeddable":true,"href":"https:\/\/www.thepornlist.net\/de\/wp-json\/wp\/v2\/users\/1"}],"replies":[{"embeddable":true,"href":"https:\/\/www.thepornlist.net\/de\/wp-json\/wp\/v2\/comments?post=10399"}],"version-history":[{"count":0,"href":"https:\/\/www.thepornlist.net\/de\/wp-json\/wp\/v2\/pages\/10399\/revisions"}],"up":[{"embeddable":true,"href":"https:\/\/www.thepornlist.net\/de\/wp-json\/wp\/v2\/pages\/10477"}],"wp:attachment":[{"href":"https:\/\/www.thepornlist.net\/de\/wp-json\/wp\/v2\/media?parent=10399"}],"wp:term":[{"taxonomy":"post_tag","embeddable":true,"href":"https:\/\/www.thepornlist.net\/de\/wp-json\/wp\/v2\/tags?post=10399"}],"curies":[{"name":"wp","href":"https:\/\/api.w.org\/{rel}","templated":true}]}}