{"id":10400,"date":"2015-08-21T19:06:43","date_gmt":"2015-08-21T19:06:43","guid":{"rendered":"https:\/\/www.thepornlist.net\/de\/ixxx\/"},"modified":"2020-11-07T10:33:31","modified_gmt":"2020-11-07T10:33:31","slug":"ixxx","status":"publish","type":"page","link":"https:\/\/www.thepornlist.net\/de\/porn-search-engines\/ixxx\/","title":{"rendered":"Ixxx"},"content":{"rendered":"<div class=\"pb\">\n<div class=\"hd\">\n<a href=\"https:\/\/www.thepornlist.net\/de\/\" base target=\"_self\" rel=\"noopener noreferrer\">Zur\u00fcck zur Startseite<\/a>\n<\/div>\n<div class=\"hd2\">\n<span style=\"font-style:normal;font-weight:bold;\">Seitenbewertung<\/span>\n<\/div>\n<\/div>\n<div style=\"width:100%; margin-left:auto; margin-right:auto; clear:both;z-index:1; padding-top:5px; border-radius: 2px;\">\n<div class=\"reviewimg\">\n<p><a href=\"http:\/\/www.Ixxx.com\/\" rel=\"nofollow noopener noreferrer\" base target=\"_self\"><img decoding=\"async\" src=\"https:\/\/www.thepornlist.net\/wp-content\/uploads\/2015\/review\/ixxx.jpg\" width=\"500\" height=\"500\" alt=\"Porn Tube\"><\/a><\/p>\n<\/div>\n<div class=\"reviewtitle\">\n<h1 style=\"font-family:Arial;font-size:56px;font-style:normal;font-weight:bold;color:#FF1F78;\">Ixxx<\/h1>\n<\/div>\n<div class=\"reviewsub\">\n<h2 style=\"font-size:14px;font-style:normal;font-weight:bold;\">Ixxx.com<\/H2>\n<\/div>\n<div class=\"reviewtext\">\n<span style=\"font-size:16px;font-style:normal;\">Sobald du auf eine Porno Webseite kommst auf der du Ank\u00fcndigungen wie \u201eXXX Filme Tube\u201c oder \u201egratis Porno Filme\u201c siehst, wirst du schnell verstehen, dass es genau der Ort ist an dem du sein solltest. IXXX.com h\u00e4lt \u00dcberraschungen f\u00fcr M\u00e4nner bereit, aber auch f\u00fcr Frauen. Mit einem Klick werden alle Damen des Hauses Zugang zu Dingen f\u00fcr Erwachsene bekommen, die genau f\u00fcr ihre Herzen gemacht wurden.<\/br><br \/>\nAuf der Homepage wirst du die Kategorien sehen. Dir wird dort nicht langweilig \u2013 Dutzende von Nischen: arabisch, HD, Ber\u00fchmtheiten, mollige Amateure, t\u00fcrkisch, \u00f6ffentlich, russische Muttis, \u00c4rsche, hei\u00dfe Muttis und vieles mehr. <\/br><br \/>\nEs ist leicht deine Inhalte zu filtern indem du die obere Navigationsleiste benutzt. Du wirst neue Filme, beliebte Filme und die am besten bewerteten Filme sehen k\u00f6nnen. iXXX.com hostet keine Inhalte aber wenn man so viele Porno Filme hat, wen k\u00fcmmert das dann schon?<\/br><br \/>\nIhre Kategorie mit den Ber\u00fchmtheiten ist einzigartig und wird dir Zugang zu mehr als 80.000 Videos bieten mit \u00fcber 100 bereits auf der ersten Seite. Ich bin mir sicher, dass du nicht genug zeit hast um dir all das anzusehen, was die Jungs da im heutigen Men\u00fc haben.<\/p>\n<p>iXXX.com verdient deinen Besuch \u2013 jetzt! Du wirst die geilste Zeit deines Lebens dort haben!<br \/>\n<\/span>\n<\/div>\n<div class=\"reviewsiteurl\">\n<a href=\"http:\/\/www.Ixxx.com\/\" rel=\"nofollow noopener noreferrer\" base target=\"_self\"><span style=\"font-size:32px;font-style:normal;font-weight:bold;text-decoration:underline;\">Hier klicken, um die webseite zu besuchen <\/span><\/a>\n<\/div>\n<\/div>\n<p><script src='https:\/\/www.thepornlist.net\/wp-includes\/js\/chatpop36.js' type='text\/javascript'><\/script><\/p>\n","protected":false},"excerpt":{"rendered":"<p>Zur\u00fcck zur Startseite Seitenbewertung Ixxx Ixxx.com Sobald du auf eine Porno Webseite kommst auf der du Ank\u00fcndigungen wie \u201eXXX Filme Tube\u201c oder \u201egratis Porno Filme\u201c siehst, wirst du schnell verstehen, dass es genau der Ort ist an dem du sein solltest. IXXX.com h\u00e4lt \u00dcberraschungen f\u00fcr M\u00e4nner bereit, aber auch f\u00fcr Frauen. Mit einem Klick werden <a href='https:\/\/www.thepornlist.net\/de\/porn-search-engines\/ixxx\/' class='excerpt-more'>[&#8230;]<\/a><\/p>\n","protected":false},"author":1,"featured_media":0,"parent":10477,"menu_order":34130,"comment_status":"closed","ping_status":"closed","template":"0-autofill-tpl-template.php","meta":{"_acf_changed":false,"footnotes":""},"tags":[],"acf":[],"aioseo_notices":[],"_links":{"self":[{"href":"https:\/\/www.thepornlist.net\/de\/wp-json\/wp\/v2\/pages\/10400"}],"collection":[{"href":"https:\/\/www.thepornlist.net\/de\/wp-json\/wp\/v2\/pages"}],"about":[{"href":"https:\/\/www.thepornlist.net\/de\/wp-json\/wp\/v2\/types\/page"}],"author":[{"embeddable":true,"href":"https:\/\/www.thepornlist.net\/de\/wp-json\/wp\/v2\/users\/1"}],"replies":[{"embeddable":true,"href":"https:\/\/www.thepornlist.net\/de\/wp-json\/wp\/v2\/comments?post=10400"}],"version-history":[{"count":0,"href":"https:\/\/www.thepornlist.net\/de\/wp-json\/wp\/v2\/pages\/10400\/revisions"}],"up":[{"embeddable":true,"href":"https:\/\/www.thepornlist.net\/de\/wp-json\/wp\/v2\/pages\/10477"}],"wp:attachment":[{"href":"https:\/\/www.thepornlist.net\/de\/wp-json\/wp\/v2\/media?parent=10400"}],"wp:term":[{"taxonomy":"post_tag","embeddable":true,"href":"https:\/\/www.thepornlist.net\/de\/wp-json\/wp\/v2\/tags?post=10400"}],"curies":[{"name":"wp","href":"https:\/\/api.w.org\/{rel}","templated":true}]}}