{"id":10404,"date":"2015-08-21T18:55:47","date_gmt":"2015-08-21T18:55:47","guid":{"rendered":"https:\/\/www.thepornlist.net\/de\/porn-tube-sites\/realgfporn\/"},"modified":"2019-05-23T12:58:14","modified_gmt":"2019-05-23T12:58:14","slug":"realgfporn","status":"publish","type":"page","link":"https:\/\/www.thepornlist.net\/de\/porn-tube-sites\/realgfporn\/","title":{"rendered":"Realgfporn"},"content":{"rendered":"<div class=\"pb\">\n<div class=\"hd\">\n<a href=\"https:\/\/www.thepornlist.net\/de\/\" base target=\"_self\">Zur\u00fcck zur Startseite<\/a>\n<\/div>\n<div class=\"hd2\">\n<span style=\"font-style:normal;font-weight:bold;\">Seitenbewertung<\/span>\n<\/div>\n<\/div>\n<div style=\"width:100%; margin-left:auto; margin-right:auto; clear:both;z-index:1; padding-top:5px; border-radius: 2px;\">\n<div class=\"reviewimg\">\n<p><a href=\"http:\/\/www.Realgfporn.com\/\" rel=\"nofollow\" base target=\"_self\"><img decoding=\"async\" src=\"https:\/\/www.thepornlist.net\/wp-content\/uploads\/2015\/review\/realgfporn.jpg\" width=\"500\" height=\"500\" alt=\"Porn Tube\"><\/a><\/p>\n<\/div>\n<div class=\"reviewtitle\">\n<h1 style=\"font-family:Arial;font-size:56px;font-style:normal;font-weight:bold;color:#FF1F78;\">Realgfporn<\/h1>\n<\/div>\n<div class=\"reviewsub\">\n<h2 style=\"font-size:14px;font-style:normal;font-weight:bold;\">Realgfporn.com<\/H2>\n<\/div>\n<div class=\"reviewtext\">\n<span style=\"font-size:16px;font-style:normal;\">Pornostars sind das Beste, was man sich f\u00fcr Geld kaufen kann, wenn wir \u00fcber gut aussehende Frauen sprechen. Titten, Arsch, Haare, Beine, Gesichter, Lippen, Augen \u2013 alles ist reiflich gestaltet um dir das beste Erlebnis zu vermitteln wenn es um Pornos geht. Du k\u00f6nntest dich in eines dieser Babes verlieben und wenn du f\u00fcr eine von ihnen deine Frau verlassen w\u00fcrdest, w\u00fcrde ich dich daf\u00fcr nicht verurteilen. Aber trotzdem k\u00f6nnen wir nicht genug selbstgedrehte Sachen f\u00fcr Erwachsene haben. <\/br>Wir sind verr\u00fcckt nach dieser Art von Pornos und wir sind wirklich verliebt in reale Frauen vor der Kamera. Warum? Vielleicht weil wir beim Anschauen von Amateur Pornos das Gef\u00fchl haben, dass uns das auch mit der Tochter der Nachbarn passieren k\u00f6nnte. <\/br><\/p>\n<p>Willkommen bei RealGFPorn.com \u2013 einem Ort an dem du kostenlose Sexfilme, Porno Videos und noch viel mehr finden wirst, alle mit Amateur Freundinnen. Nat\u00fcrlich wirst du von Zeit zu Zeit auch auf einige Clips aus Studios stolpern, aber das soll dich nicht davon abhalten jede Menge an selbstgedrehten Porno Sachen zu genie\u00dfen. <\/br><\/p>\n<p>F\u00fcr diejenigen von euch, die die andere Seite der Sexualit\u00e4t bevorzugen, ihr k\u00f6nnt \u00fcber die Schaltfl\u00e4che Gay Videos einige RealBFPorn genie\u00dfen, die speziell auf eure pers\u00f6nlichen Bed\u00fcrfnisse zugeschnitten sind. <\/p>\n<p>Probiere diese Webseite aus, ich denke sie ist es wert!<br \/>\n<\/span>\n<\/div>\n<div class=\"reviewsiteurl\">\n<a href=\"http:\/\/www.Realgfporn.com\/\" rel=\"nofollow\" base target=\"_self\"><span style=\"font-size:32px;font-style:normal;font-weight:bold;text-decoration:underline;\">Hier klicken, um die webseite zu besuchen <\/span><\/a>\n<\/div>\n<\/div>\n","protected":false},"excerpt":{"rendered":"<p>Zur\u00fcck zur Startseite Seitenbewertung Realgfporn Realgfporn.com Pornostars sind das Beste, was man sich f\u00fcr Geld kaufen kann, wenn wir \u00fcber gut aussehende Frauen sprechen. Titten, Arsch, Haare, Beine, Gesichter, Lippen, Augen \u2013 alles ist reiflich gestaltet um dir das beste Erlebnis zu vermitteln wenn es um Pornos geht. Du k\u00f6nntest dich in eines dieser Babes <a href='https:\/\/www.thepornlist.net\/de\/porn-tube-sites\/realgfporn\/' class='excerpt-more'>[&#8230;]<\/a><\/p>\n","protected":false},"author":1,"featured_media":0,"parent":9407,"menu_order":30430,"comment_status":"closed","ping_status":"closed","template":"0-autofill-tpl-template.php","meta":{"_acf_changed":false,"footnotes":""},"tags":[],"acf":[],"aioseo_notices":[],"_links":{"self":[{"href":"https:\/\/www.thepornlist.net\/de\/wp-json\/wp\/v2\/pages\/10404"}],"collection":[{"href":"https:\/\/www.thepornlist.net\/de\/wp-json\/wp\/v2\/pages"}],"about":[{"href":"https:\/\/www.thepornlist.net\/de\/wp-json\/wp\/v2\/types\/page"}],"author":[{"embeddable":true,"href":"https:\/\/www.thepornlist.net\/de\/wp-json\/wp\/v2\/users\/1"}],"replies":[{"embeddable":true,"href":"https:\/\/www.thepornlist.net\/de\/wp-json\/wp\/v2\/comments?post=10404"}],"version-history":[{"count":0,"href":"https:\/\/www.thepornlist.net\/de\/wp-json\/wp\/v2\/pages\/10404\/revisions"}],"up":[{"embeddable":true,"href":"https:\/\/www.thepornlist.net\/de\/wp-json\/wp\/v2\/pages\/9407"}],"wp:attachment":[{"href":"https:\/\/www.thepornlist.net\/de\/wp-json\/wp\/v2\/media?parent=10404"}],"wp:term":[{"taxonomy":"post_tag","embeddable":true,"href":"https:\/\/www.thepornlist.net\/de\/wp-json\/wp\/v2\/tags?post=10404"}],"curies":[{"name":"wp","href":"https:\/\/api.w.org\/{rel}","templated":true}]}}