{"id":10405,"date":"2015-08-21T18:53:52","date_gmt":"2015-08-21T18:53:52","guid":{"rendered":"https:\/\/www.thepornlist.net\/de\/porn-tube-sites\/ruleporn\/"},"modified":"2019-05-23T12:58:21","modified_gmt":"2019-05-23T12:58:21","slug":"ruleporn","status":"publish","type":"page","link":"https:\/\/www.thepornlist.net\/de\/porn-tube-sites\/ruleporn\/","title":{"rendered":"Ruleporn"},"content":{"rendered":"<div class=\"pb\">\n<div class=\"hd\">\n<a href=\"https:\/\/www.thepornlist.net\/de\/\" base target=\"_self\">Zur\u00fcck zur Startseite<\/a>\n<\/div>\n<div class=\"hd2\">\n<span style=\"font-style:normal;font-weight:bold;\">Seitenbewertung<\/span>\n<\/div>\n<\/div>\n<div style=\"width:100%; margin-left:auto; margin-right:auto; clear:both;z-index:1; padding-top:5px; border-radius: 2px;\">\n<div class=\"reviewimg\">\n<p><a href=\"http:\/\/www.Ruleporn.com\/\" rel=\"nofollow\" base target=\"_self\"><img decoding=\"async\" src=\"https:\/\/www.thepornlist.net\/wp-content\/uploads\/2015\/review\/ruleporn.jpg\" width=\"500\" height=\"500\" alt=\"Porn Tube\"><\/a><\/p>\n<\/div>\n<div class=\"reviewtitle\">\n<h1 style=\"font-family:Arial;font-size:56px;font-style:normal;font-weight:bold;color:#FF1F78;\">Ruleporn<\/h1>\n<\/div>\n<div class=\"reviewsub\">\n<h2 style=\"font-size:14px;font-style:normal;font-weight:bold;\">Ruleporn.com<\/H2>\n<\/div>\n<div class=\"reviewtext\">\n<span style=\"font-size:16px;font-style:normal;\">RulePorn.com hat ein exquisites Layout und diese lila \/ pinke Farbe wirkt sehr ausgefallen. Es ist eine ganz normale Porno Tube mit jeder Menge an Inhalten und einer Menge an Optionen um das zu finden, wonach du suchst. <\/br><\/p>\n<p>Lass uns mit der eigenen Beschreibung von RulePorn anfangen: \u201eWillkommen bei RulePorn. Das ist die beste Seite auf der ganzen Welt f\u00fcr hardcore Amateur Porno Videos. Wir haben sie gef\u00fcllt mit Tausenden von extremen Amateur Fickvideos, alles, von Teens bis Milf und Frauen mit geilem Arsch. Jeder liebt selbstgedrehte Pornos. Das ist die wahre gro\u00dfe Liebe! Vergiss nicht ein Lesezeichen zu setzen und komm zur\u00fcck zu unseren t\u00e4glichen Updates!\u201c <\/br><\/p>\n<p>Meine Meinung? Die beste Seite auf der ganzen Welt f\u00fcr hardcore Amateur Porno Videos \u2013 kein H\u00e4kchen! Gef\u00fcllt mit Tausenden von extremen Amateur Fickvideos \u2013 H\u00e4kchen! Alles von Teens bis Milfs \u2013 H\u00e4kchen! Ja, wir lieben selbstgedrehte Pornos \u2013 H\u00e4kchen! T\u00e4gliche Updates \u2013 H\u00e4kchen! Im allgemeinen sagen sie die Wahrheit und nach einer n\u00e4heren Untersuchung scheint es, das sie wirklich das tun, was sie sagen. <\/br><\/p>\n<p>Wenn du nach unten scrollst, direkt \u00fcber ihre Beschreibung, wirst du die Anzahl an Seiten sehen, die dir zur Verf\u00fcgung steht. Sie haben aktuell 287 Seiten und da sie nicht xVideos sind, kannst du dich darauf verlassen dort Tausende von extremen Amateur Videos zu finden, genau wie sie es gesagt haben!<br \/>\n<\/span>\n<\/div>\n<div class=\"reviewsiteurl\">\n<a href=\"http:\/\/www.Ruleporn.com\/\" rel=\"nofollow\" base target=\"_self\"><span style=\"font-size:32px;font-style:normal;font-weight:bold;text-decoration:underline;\">Hier klicken, um die webseite zu besuchen <\/span><\/a>\n<\/div>\n<\/div>\n","protected":false},"excerpt":{"rendered":"<p>Zur\u00fcck zur Startseite Seitenbewertung Ruleporn Ruleporn.com RulePorn.com hat ein exquisites Layout und diese lila \/ pinke Farbe wirkt sehr ausgefallen. Es ist eine ganz normale Porno Tube mit jeder Menge an Inhalten und einer Menge an Optionen um das zu finden, wonach du suchst. Lass uns mit der eigenen Beschreibung von RulePorn anfangen: \u201eWillkommen bei <a href='https:\/\/www.thepornlist.net\/de\/porn-tube-sites\/ruleporn\/' class='excerpt-more'>[&#8230;]<\/a><\/p>\n","protected":false},"author":1,"featured_media":0,"parent":9407,"menu_order":45470,"comment_status":"closed","ping_status":"closed","template":"0-autofill-tpl-template.php","meta":{"_acf_changed":false,"footnotes":""},"tags":[],"acf":[],"aioseo_notices":[],"_links":{"self":[{"href":"https:\/\/www.thepornlist.net\/de\/wp-json\/wp\/v2\/pages\/10405"}],"collection":[{"href":"https:\/\/www.thepornlist.net\/de\/wp-json\/wp\/v2\/pages"}],"about":[{"href":"https:\/\/www.thepornlist.net\/de\/wp-json\/wp\/v2\/types\/page"}],"author":[{"embeddable":true,"href":"https:\/\/www.thepornlist.net\/de\/wp-json\/wp\/v2\/users\/1"}],"replies":[{"embeddable":true,"href":"https:\/\/www.thepornlist.net\/de\/wp-json\/wp\/v2\/comments?post=10405"}],"version-history":[{"count":0,"href":"https:\/\/www.thepornlist.net\/de\/wp-json\/wp\/v2\/pages\/10405\/revisions"}],"up":[{"embeddable":true,"href":"https:\/\/www.thepornlist.net\/de\/wp-json\/wp\/v2\/pages\/9407"}],"wp:attachment":[{"href":"https:\/\/www.thepornlist.net\/de\/wp-json\/wp\/v2\/media?parent=10405"}],"wp:term":[{"taxonomy":"post_tag","embeddable":true,"href":"https:\/\/www.thepornlist.net\/de\/wp-json\/wp\/v2\/tags?post=10405"}],"curies":[{"name":"wp","href":"https:\/\/api.w.org\/{rel}","templated":true}]}}