{"id":10406,"date":"2015-08-21T18:52:35","date_gmt":"2015-08-21T18:52:35","guid":{"rendered":"https:\/\/www.thepornlist.net\/de\/porn-tube-sites\/xpornking\/"},"modified":"2019-05-23T12:58:27","modified_gmt":"2019-05-23T12:58:27","slug":"xpornking","status":"publish","type":"page","link":"https:\/\/www.thepornlist.net\/de\/porn-tube-sites\/xpornking\/","title":{"rendered":"Xpornking"},"content":{"rendered":"<div class=\"pb\">\n<div class=\"hd\">\n<a href=\"https:\/\/www.thepornlist.net\/de\/\" base target=\"_self\">Zur\u00fcck zur Startseite<\/a>\n<\/div>\n<div class=\"hd2\">\n<span style=\"font-style:normal;font-weight:bold;\">Seitenbewertung<\/span>\n<\/div>\n<\/div>\n<div style=\"width:100%; margin-left:auto; margin-right:auto; clear:both;z-index:1; padding-top:5px; border-radius: 2px;\">\n<div class=\"reviewimg\">\n<p><a href=\"http:\/\/www.Xpornking.com\/\" rel=\"nofollow\" base target=\"_self\"><img decoding=\"async\" src=\"https:\/\/www.thepornlist.net\/wp-content\/uploads\/2015\/review\/xpornking.jpg\" width=\"500\" height=\"500\" alt=\"Porn Tube\"><\/a><\/p>\n<\/div>\n<div class=\"reviewtitle\">\n<h1 style=\"font-family:Arial;font-size:56px;font-style:normal;font-weight:bold;color:#FF1F78;\">Xpornking<\/h1>\n<\/div>\n<div class=\"reviewsub\">\n<h2 style=\"font-size:14px;font-style:normal;font-weight:bold;\">Xpornking.com<\/H2>\n<\/div>\n<div class=\"reviewtext\">\n<span style=\"font-size:16px;font-style:normal;\">Gegr\u00fc\u00dft sei der K\u00f6nig! Ich bin sicher, dass diese Webseite nicht der K\u00f6nig der Pornos ist, denn es gibt andere Porno Tuben, die diesen Rang und Titel verdient h\u00e4tten. Aber du wirst nach einem Besuch hier nicht entt\u00e4uscht sein. Alles ist kostenlos und darauf sind sie stolz: nur kostenlose XXX Videos. XpornKing.com ist eine Porno Tuben Webseite genau wie du sie dir vorstellst. <\/br><\/p>\n<p>Auf der Homepage kannst du die Videos sehen, die gerade angeschaut werden und wenn du weiter scrollst, wirst du die neuesten Updates finden. Du hast Dutzende von Seiten, die du durchst\u00f6bern kannst. Also bin ich ziemlich sicher, dass du nicht herausfinden wirst was Langeweile ist, wenn du XpornKing besuchen wirst. Wenn du aktiv werden willst, kannst du die am besten bewerteten Filme, die am meisten gesehenen, die l\u00e4ngsten Videos oder die meist diskutierten Clips sehen. Es gibt sogar eine Gemeinschaft f\u00fcr dich zum anschauen falls du mal einen verregneten Nachmittag und nichts anderes zu tun hast. Da hier alles kostenlos ist, ist auch die Anmeldung f\u00fcr diese Gemeinschaft kostenlos. <\/br><\/p>\n<p>Sie m\u00f6gen es ihre Kategorien Kan\u00e4le zu nennen und darunter wirst du Nischen wie Amateur, anal, asiatisch Ebony oder Oma bekommen.<br \/>\n<\/span>\n<\/div>\n<div class=\"reviewsiteurl\">\n<a href=\"http:\/\/www.Xpornking.com\/\" rel=\"nofollow\" base target=\"_self\"><span style=\"font-size:32px;font-style:normal;font-weight:bold;text-decoration:underline;\">Hier klicken, um die webseite zu besuchen <\/span><\/a>\n<\/div>\n<\/div>\n","protected":false},"excerpt":{"rendered":"<p>Zur\u00fcck zur Startseite Seitenbewertung Xpornking Xpornking.com Gegr\u00fc\u00dft sei der K\u00f6nig! Ich bin sicher, dass diese Webseite nicht der K\u00f6nig der Pornos ist, denn es gibt andere Porno Tuben, die diesen Rang und Titel verdient h\u00e4tten. Aber du wirst nach einem Besuch hier nicht entt\u00e4uscht sein. Alles ist kostenlos und darauf sind sie stolz: nur kostenlose <a href='https:\/\/www.thepornlist.net\/de\/porn-tube-sites\/xpornking\/' class='excerpt-more'>[&#8230;]<\/a><\/p>\n","protected":false},"author":1,"featured_media":0,"parent":9407,"menu_order":47030,"comment_status":"closed","ping_status":"closed","template":"0-autofill-tpl-template.php","meta":{"_acf_changed":false,"footnotes":""},"tags":[],"acf":[],"aioseo_notices":[],"_links":{"self":[{"href":"https:\/\/www.thepornlist.net\/de\/wp-json\/wp\/v2\/pages\/10406"}],"collection":[{"href":"https:\/\/www.thepornlist.net\/de\/wp-json\/wp\/v2\/pages"}],"about":[{"href":"https:\/\/www.thepornlist.net\/de\/wp-json\/wp\/v2\/types\/page"}],"author":[{"embeddable":true,"href":"https:\/\/www.thepornlist.net\/de\/wp-json\/wp\/v2\/users\/1"}],"replies":[{"embeddable":true,"href":"https:\/\/www.thepornlist.net\/de\/wp-json\/wp\/v2\/comments?post=10406"}],"version-history":[{"count":0,"href":"https:\/\/www.thepornlist.net\/de\/wp-json\/wp\/v2\/pages\/10406\/revisions"}],"up":[{"embeddable":true,"href":"https:\/\/www.thepornlist.net\/de\/wp-json\/wp\/v2\/pages\/9407"}],"wp:attachment":[{"href":"https:\/\/www.thepornlist.net\/de\/wp-json\/wp\/v2\/media?parent=10406"}],"wp:term":[{"taxonomy":"post_tag","embeddable":true,"href":"https:\/\/www.thepornlist.net\/de\/wp-json\/wp\/v2\/tags?post=10406"}],"curies":[{"name":"wp","href":"https:\/\/api.w.org\/{rel}","templated":true}]}}