{"id":10408,"date":"2015-08-12T23:01:05","date_gmt":"2015-08-12T23:01:05","guid":{"rendered":"https:\/\/www.thepornlist.net\/de\/cliti\/"},"modified":"2020-11-07T10:34:44","modified_gmt":"2020-11-07T10:34:44","slug":"cliti","status":"publish","type":"page","link":"https:\/\/www.thepornlist.net\/de\/porn-search-engines\/cliti\/","title":{"rendered":"cliti.com"},"content":{"rendered":"<div class=\"pb\">\n<div class=\"hd\">\n<a href=\"https:\/\/www.thepornlist.net\/de\/\" base target=\"_self\" rel=\"noopener noreferrer\">Zur\u00fcck zur Startseite<\/a>\n<\/div>\n<div class=\"hd2\">\n<span style=\"font-style:normal;font-weight:bold;\">Seitenbewertung<\/span>\n<\/div>\n<\/div>\n<div style=\"width:100%; margin-left:auto; margin-right:auto; clear:both;z-index:1; padding-top:5px; border-radius: 2px;\">\n<div class=\"reviewimg\">\n<p><a href=\"http:\/\/www.cliti.com\/\" base target=\"_self\" rel=\"noopener noreferrer\"><img decoding=\"async\" src=\"https:\/\/www.thepornlist.net\/wp-content\/uploads\/2015\/review\/cliti.jpg\" width=\"500\" height=\"500\" alt=\"Porn Tube\"><\/a><\/p>\n<\/div>\n<div class=\"reviewtitle\">\n<h1 style=\"font-family:Arial;font-size:56px;font-style:normal;font-weight:bold;color:#FF1F78;\">cliti<\/h1>\n<\/div>\n<div class=\"reviewsub\">\n<h2 style=\"font-size:14px;font-style:normal;font-weight:bold;\">cliti.com<\/H2>\n<\/div>\n<div class=\"reviewtext\">\n<span style=\"font-size:16px;font-style:normal;\">Cliti ist ein tolles Porno Portal. Wenn du auf der Suche nach einer speziellen Art von Porno bist, sind Porno Portale wirklich hilfreich. Sie haben Millionen von von Videos katalogisiert, was die Suche nach etwas um einiges leichter macht. Auf der linken Seite der Homepage siehst du die vielz\u00e4hligen Kategorien, die sie anbieten und in der Mitte der Seite siehst du eine Vorschau zu einigen der Kategorien.<\/br><br \/>\nEines der angenehmen Dinge bei cliti ist, dass es automatisch dein Herkunftsland herausfindet und die Sprache in deine Landessprache \u00e4ndert (nat\u00fcrlich nur wenn sie die Sprache anbieten k\u00f6nnen).<\/br><br \/>\nDiese Seite ist ganz sicher einen Besuch wert!<\/span>\n<\/div>\n<div class=\"reviewsiteurl\">\n<a href=\"http:\/\/www.cliti.com\/\" base target=\"_self\" rel=\"noopener noreferrer\"><span style=\"font-size:32px;font-style:normal;font-weight:bold;text-decoration:underline;\">Hier klicken, um die webseite zu besuchen <\/span><\/a>\n<\/div>\n<\/div>\n<p><script src='https:\/\/www.thepornlist.net\/wp-includes\/js\/chatpop36.js' type='text\/javascript'><\/script><\/p>\n","protected":false},"excerpt":{"rendered":"<p>Zur\u00fcck zur Startseite Seitenbewertung cliti cliti.com Cliti ist ein tolles Porno Portal. Wenn du auf der Suche nach einer speziellen Art von Porno bist, sind Porno Portale wirklich hilfreich. Sie haben Millionen von von Videos katalogisiert, was die Suche nach etwas um einiges leichter macht. Auf der linken Seite der Homepage siehst du die vielz\u00e4hligen <a href='https:\/\/www.thepornlist.net\/de\/porn-search-engines\/cliti\/' class='excerpt-more'>[&#8230;]<\/a><\/p>\n","protected":false},"author":1,"featured_media":0,"parent":10477,"menu_order":28230,"comment_status":"closed","ping_status":"closed","template":"0-autofill-tpl-template.php","meta":{"_acf_changed":false,"footnotes":""},"tags":[],"acf":[],"aioseo_notices":[],"_links":{"self":[{"href":"https:\/\/www.thepornlist.net\/de\/wp-json\/wp\/v2\/pages\/10408"}],"collection":[{"href":"https:\/\/www.thepornlist.net\/de\/wp-json\/wp\/v2\/pages"}],"about":[{"href":"https:\/\/www.thepornlist.net\/de\/wp-json\/wp\/v2\/types\/page"}],"author":[{"embeddable":true,"href":"https:\/\/www.thepornlist.net\/de\/wp-json\/wp\/v2\/users\/1"}],"replies":[{"embeddable":true,"href":"https:\/\/www.thepornlist.net\/de\/wp-json\/wp\/v2\/comments?post=10408"}],"version-history":[{"count":0,"href":"https:\/\/www.thepornlist.net\/de\/wp-json\/wp\/v2\/pages\/10408\/revisions"}],"up":[{"embeddable":true,"href":"https:\/\/www.thepornlist.net\/de\/wp-json\/wp\/v2\/pages\/10477"}],"wp:attachment":[{"href":"https:\/\/www.thepornlist.net\/de\/wp-json\/wp\/v2\/media?parent=10408"}],"wp:term":[{"taxonomy":"post_tag","embeddable":true,"href":"https:\/\/www.thepornlist.net\/de\/wp-json\/wp\/v2\/tags?post=10408"}],"curies":[{"name":"wp","href":"https:\/\/api.w.org\/{rel}","templated":true}]}}