{"id":10415,"date":"2015-08-07T12:21:50","date_gmt":"2015-08-07T12:21:50","guid":{"rendered":"https:\/\/www.thepornlist.net\/de\/porn-tube-sites\/swapsmut\/"},"modified":"2019-05-23T12:51:51","modified_gmt":"2019-05-23T12:51:51","slug":"swapsmut","status":"publish","type":"page","link":"https:\/\/www.thepornlist.net\/de\/porn-tube-sites\/swapsmut\/","title":{"rendered":"Swapsmut"},"content":{"rendered":"<div class=\"pb\">\n<div class=\"hd\">\n<a href=\"https:\/\/www.thepornlist.net\/de\/\" base target=\"_self\">Zur\u00fcck zur Startseite<\/a>\n<\/div>\n<div class=\"hd2\">\n<span style=\"font-style:normal;font-weight:bold;\">Seitenbewertung<\/span>\n<\/div>\n<\/div>\n<div style=\"width:100%; margin-left:auto; margin-right:auto; clear:both;z-index:1; padding-top:5px; border-radius: 2px;\">\n<div class=\"reviewimg\">\n<p><a href=\"http:\/\/www.Swapsmut.com\/\" base target=\"_self\"><img decoding=\"async\" src=\"https:\/\/www.thepornlist.net\/wp-content\/uploads\/2015\/review\/swapsmut.jpg\" width=\"500\" height=\"500\" alt=\"Porn Tube\"><\/a><\/p>\n<\/div>\n<div class=\"reviewtitle\">\n<h1 style=\"font-family:Arial;font-size:56px;font-style:normal;font-weight:bold;color:#FF1F78;\">Swapsmut<\/h1>\n<\/div>\n<div class=\"reviewsub\">\n<h2 style=\"font-size:14px;font-style:normal;font-weight:bold;\">Swapsmut.com<\/H2>\n<\/div>\n<div class=\"reviewtext\">\n<span style=\"font-size:16px;font-style:normal;\">Einer der \u00e4ltesten Pl\u00e4tze f\u00fcr Pornos im Internet, SwapSmut.com ist gl\u00fccklich dir sagen zu k\u00f6nnen, dass es sie schon seit Juni 2009 gibt. Sie sind eine echte Amateur Porno Gemeinschaft und es ist eine gro\u00dfe Ehre so viele Inhalte von Amateuren an einem Ort zu sehen. <\/br><\/p>\n<p>Wenn du auf die Homepage gehst und dich kurz umsiehst, wirst du deinen Verstand verlieren wenn du auf diese Art von Pornos stehst. Alles was du siehst ist theoretisch von Usern eingestellt und du kannst dir daran ein Beispiel nehmen und deine eigenen Amateur Sachen hochladen. Daf\u00fcr wirst du einen Account ben\u00f6tigen aber die Registrierung ist kostenlos. Sie sagen dort, dass du einen kostenlosen VIP Status bekommst wenn du Videos und Bilder hochl\u00e4dst und aus diesem Grund wird jedes Mitglied in der Gemeinschaft wissen, was f\u00fcr eine Art von versautem Mitglied du bist. <\/br><\/p>\n<p>Es ist schwer dir Hinweise \u00fcber diesen verr\u00fcckten Ort zu geben. Das beste, was du tun kannst ist einen Spaziergang auf dem SwapSmut Boulevard der Tr\u00e4ume zu machen und der kostenlosen Amateur Pornos zu machen. Jedes mal wenn du eine Pause machst wirst du einige geile Hausfrauen finden, die ihr Sexleben genie\u00dfen und an jeder Ecke wird dir ein pr\u00e4chtiges Teen \u00fcber 18 zuwinken.<br \/>\n<\/span>\n<\/div>\n<div class=\"reviewsiteurl\">\n<a href=\"http:\/\/www.Swapsmut.com\/\" base target=\"_self\"><span style=\"font-size:32px;font-style:normal;font-weight:bold;text-decoration:underline;\">Hier klicken, um die webseite zu besuchen <\/span><\/a>\n<\/div>\n<\/div>\n","protected":false},"excerpt":{"rendered":"<p>Zur\u00fcck zur Startseite Seitenbewertung Swapsmut Swapsmut.com Einer der \u00e4ltesten Pl\u00e4tze f\u00fcr Pornos im Internet, SwapSmut.com ist gl\u00fccklich dir sagen zu k\u00f6nnen, dass es sie schon seit Juni 2009 gibt. Sie sind eine echte Amateur Porno Gemeinschaft und es ist eine gro\u00dfe Ehre so viele Inhalte von Amateuren an einem Ort zu sehen. Wenn du auf <a href='https:\/\/www.thepornlist.net\/de\/porn-tube-sites\/swapsmut\/' class='excerpt-more'>[&#8230;]<\/a><\/p>\n","protected":false},"author":1,"featured_media":0,"parent":9407,"menu_order":41850,"comment_status":"closed","ping_status":"closed","template":"0-autofill-tpl-template.php","meta":{"_acf_changed":false,"footnotes":""},"tags":[],"acf":[],"aioseo_notices":[],"_links":{"self":[{"href":"https:\/\/www.thepornlist.net\/de\/wp-json\/wp\/v2\/pages\/10415"}],"collection":[{"href":"https:\/\/www.thepornlist.net\/de\/wp-json\/wp\/v2\/pages"}],"about":[{"href":"https:\/\/www.thepornlist.net\/de\/wp-json\/wp\/v2\/types\/page"}],"author":[{"embeddable":true,"href":"https:\/\/www.thepornlist.net\/de\/wp-json\/wp\/v2\/users\/1"}],"replies":[{"embeddable":true,"href":"https:\/\/www.thepornlist.net\/de\/wp-json\/wp\/v2\/comments?post=10415"}],"version-history":[{"count":0,"href":"https:\/\/www.thepornlist.net\/de\/wp-json\/wp\/v2\/pages\/10415\/revisions"}],"up":[{"embeddable":true,"href":"https:\/\/www.thepornlist.net\/de\/wp-json\/wp\/v2\/pages\/9407"}],"wp:attachment":[{"href":"https:\/\/www.thepornlist.net\/de\/wp-json\/wp\/v2\/media?parent=10415"}],"wp:term":[{"taxonomy":"post_tag","embeddable":true,"href":"https:\/\/www.thepornlist.net\/de\/wp-json\/wp\/v2\/tags?post=10415"}],"curies":[{"name":"wp","href":"https:\/\/api.w.org\/{rel}","templated":true}]}}