{"id":10416,"date":"2015-08-07T12:17:23","date_gmt":"2015-08-07T12:17:23","guid":{"rendered":"https:\/\/www.thepornlist.net\/de\/pornshare\/"},"modified":"2019-05-23T10:08:12","modified_gmt":"2019-05-23T10:08:12","slug":"pornshare","status":"publish","type":"page","link":"https:\/\/www.thepornlist.net\/de\/porn-blog-sites\/pornshare\/","title":{"rendered":"Pornshare"},"content":{"rendered":"<div class=\"pb\">\n<div class=\"hd\">\n<a href=\"https:\/\/www.thepornlist.net\/de\/\" base target=\"_self\">Zur\u00fcck zur Startseite<\/a>\n<\/div>\n<div class=\"hd2\">\n<span style=\"font-style:normal;font-weight:bold;\">Seitenbewertung<\/span>\n<\/div>\n<\/div>\n<div style=\"width:100%; margin-left:auto; margin-right:auto; clear:both;z-index:1; padding-top:5px; border-radius: 2px;\">\n<div class=\"reviewimg\">\n<p><a href=\"http:\/\/www.Pornshare.biz\/\" base target=\"_self\"><img decoding=\"async\" src=\"https:\/\/www.thepornlist.net\/wp-content\/uploads\/2015\/review\/pornshare.jpg\" width=\"500\" height=\"500\" alt=\"Porn Tube\"><\/a><\/p>\n<\/div>\n<div class=\"reviewtitle\">\n<h1 style=\"font-family:Arial;font-size:56px;font-style:normal;font-weight:bold;color:#FF1F78;\">Pornshare<\/h1>\n<\/div>\n<div class=\"reviewsub\">\n<h2 style=\"font-size:14px;font-style:normal;font-weight:bold;\">Pornshare.biz<\/H2>\n<\/div>\n<div class=\"reviewtext\">\n<span style=\"font-size:16px;font-style:normal;\">PornShare.biz ist eine Download Plattform, die es wert ist dir gezeigt zu werden um dir die ebsten Inhalte f\u00fcr Erwachsene zu zeigen, die du nur finden kannst. Mit Kategorien wie Amateur, Zeichentrick, BDSM, Hentai usw. werden sogar deine wildesten Tr\u00e4ume wahr werden. <\/br><\/p>\n<p>Es ist sehr einfach Zugang zu den Inhalten auf dieser Webseite zu bekommen. Du musst dich nur entscheiden was du willst und PornShare wird den Rest erledigen. Du wirst eine Menge Vorschaubilder f\u00fcr jedes Video sehen, damit du dir vorstellen kannst, was im Clip passiert und einen Download Link. Wenn du auf ihn klickst, wirst du zu FilesMonster weitergeleitet wo du genau die Dinge, die du sehen willst, runterladen kannst. <\/br><br \/>\nEs besteht wohl kein Zweifel, dass wir alle kostenlose Dinge lieben. Wenn du all das hier nimmst und es in ein Glas mit jeder Menge Porno sch\u00fcttest dann wirst du den gro\u00dfartigsten Cocktail auf der ganzen Welt bekommen \u2013 kostenlose Pornographie. Das ist sogar besser als Alkohol und ich wette, dass sogar Jack Daniel eifers\u00fcchtig werden w\u00fcrde, dass er nicht die M\u00f6glichkeit hatte dieses technologische Zeitalter zu erleben.<br \/>\nPornShare.biz hat bei uns 5 Sterne. Wie viele bei dir?<br \/>\n<\/span>\n<\/div>\n<div class=\"reviewsiteurl\">\n<a href=\"http:\/\/www.Pornshare.biz\/\" base target=\"_self\"><span style=\"font-size:32px;font-style:normal;font-weight:bold;text-decoration:underline;\">Hier klicken, um die webseite zu besuchen <\/span><\/a>\n<\/div>\n<\/div>\n","protected":false},"excerpt":{"rendered":"<p>Zur\u00fcck zur Startseite Seitenbewertung Pornshare Pornshare.biz PornShare.biz ist eine Download Plattform, die es wert ist dir gezeigt zu werden um dir die ebsten Inhalte f\u00fcr Erwachsene zu zeigen, die du nur finden kannst. Mit Kategorien wie Amateur, Zeichentrick, BDSM, Hentai usw. werden sogar deine wildesten Tr\u00e4ume wahr werden. Es ist sehr einfach Zugang zu den <a href='https:\/\/www.thepornlist.net\/de\/porn-blog-sites\/pornshare\/' class='excerpt-more'>[&#8230;]<\/a><\/p>\n","protected":false},"author":1,"featured_media":0,"parent":10476,"menu_order":29230,"comment_status":"closed","ping_status":"closed","template":"0-autofill-tpl-template.php","meta":{"_acf_changed":false,"footnotes":""},"tags":[],"acf":[],"aioseo_notices":[],"_links":{"self":[{"href":"https:\/\/www.thepornlist.net\/de\/wp-json\/wp\/v2\/pages\/10416"}],"collection":[{"href":"https:\/\/www.thepornlist.net\/de\/wp-json\/wp\/v2\/pages"}],"about":[{"href":"https:\/\/www.thepornlist.net\/de\/wp-json\/wp\/v2\/types\/page"}],"author":[{"embeddable":true,"href":"https:\/\/www.thepornlist.net\/de\/wp-json\/wp\/v2\/users\/1"}],"replies":[{"embeddable":true,"href":"https:\/\/www.thepornlist.net\/de\/wp-json\/wp\/v2\/comments?post=10416"}],"version-history":[{"count":0,"href":"https:\/\/www.thepornlist.net\/de\/wp-json\/wp\/v2\/pages\/10416\/revisions"}],"up":[{"embeddable":true,"href":"https:\/\/www.thepornlist.net\/de\/wp-json\/wp\/v2\/pages\/10476"}],"wp:attachment":[{"href":"https:\/\/www.thepornlist.net\/de\/wp-json\/wp\/v2\/media?parent=10416"}],"wp:term":[{"taxonomy":"post_tag","embeddable":true,"href":"https:\/\/www.thepornlist.net\/de\/wp-json\/wp\/v2\/tags?post=10416"}],"curies":[{"name":"wp","href":"https:\/\/api.w.org\/{rel}","templated":true}]}}