{"id":10417,"date":"2015-08-07T12:12:39","date_gmt":"2015-08-07T12:12:39","guid":{"rendered":"https:\/\/www.thepornlist.net\/de\/seaporn\/"},"modified":"2019-05-23T10:07:29","modified_gmt":"2019-05-23T10:07:29","slug":"seaporn","status":"publish","type":"page","link":"https:\/\/www.thepornlist.net\/de\/porn-blog-sites\/seaporn\/","title":{"rendered":"Seaporn"},"content":{"rendered":"<div class=\"pb\">\n<div class=\"hd\">\n<a href=\"https:\/\/www.thepornlist.net\/de\/\" base target=\"_self\">Zur\u00fcck zur Startseite<\/a>\n<\/div>\n<div class=\"hd2\">\n<span style=\"font-style:normal;font-weight:bold;\">Seitenbewertung<\/span>\n<\/div>\n<\/div>\n<div style=\"width:100%; margin-left:auto; margin-right:auto; clear:both;z-index:1; padding-top:5px; border-radius: 2px;\">\n<div class=\"reviewimg\">\n<p><a href=\"http:\/\/www.seaporn.org\/in.php?id=thepornlist\" base target=\"_self\"><img decoding=\"async\" src=\"https:\/\/www.thepornlist.net\/wp-content\/uploads\/2015\/review\/seaporn.jpg\" width=\"500\" height=\"500\" alt=\"Porn Tube\"><\/a><\/p>\n<\/div>\n<div class=\"reviewtitle\">\n<h1 style=\"font-family:Arial;font-size:56px;font-style:normal;font-weight:bold;color:#FF1F78;\">Seaporn<\/h1>\n<\/div>\n<div class=\"reviewsub\">\n<h2 style=\"font-size:14px;font-style:normal;font-weight:bold;\">Seaporn.org<\/H2>\n<\/div>\n<div class=\"reviewtext\">\n<span style=\"font-size:16px;font-style:normal;\">SeaPorn.org wird dich mit den folgenden Worten willkommen hei\u00dfen:\u201cder revolution\u00e4re Multihoster der die Art des Herunterladens geformt hat, tritt ins Rampenlicht und ist bereit f\u00fcr neue Herausforderungen\u201c und du wirst glauben, dass sie wirklich \u00fcber sich selbst reden. Das tun sie nicht, sie sprechen \u00fcber einen Partner. Verwirrend oder? <\/br><\/p>\n<p>SeaPorn ist eine Download Plattform f\u00fcr Erwachsene wo du nach Belieben Pornos finden wirst. Du wirst momentan 20.424 Filme in voller L\u00e4nge haben, die du auf deiner Festplatte speichern kannst. Aber das ist noch nicht alles \u2013 DVDR, Clips, Galerien, Bilder, Zeitschriften, Blu-Ray, Hentai, kurze Szenen, 720p, 1080p, Pornoseiten und mobile Versionen. <\/br><\/p>\n<p>Die Downloads werden \u00fcber externe Hosting Webseiten gemacht auf denen du bei einem kostenlosen Konto einen langsamen einen Download in langsamer Geschwindigkeit bekommst. Solltest du eine h\u00f6here Geschwindigkeit und gr\u00f6\u00dfere Mengen an Pornos wollen, musst du eine bezahlte Mitgliedschaft abschlie\u00dfen um in den Genuss dieser Vorz\u00fcge zu kommen. Die Hosting Plattformen, die von SeaPorn verwendet werden sind RapidGator.net, K2C.cc, or UL.to. <\/br><\/p>\n<p>Du kannst das was du suchst auch finden indem du die Inhalte mit der Liste der Pornostars filterst. Du kannst sicher sein darunter alle bekannten Namen zu finden.<br \/>\n<\/span>\n<\/div>\n<div class=\"reviewsiteurl\">\n<a href=\"http:\/\/www.seaporn.org\/in.php?id=thepornlist\" base target=\"_self\"><span style=\"font-size:32px;font-style:normal;font-weight:bold;text-decoration:underline;\">Hier klicken, um die webseite zu besuchen <\/span><\/a>\n<\/div>\n<\/div>\n","protected":false},"excerpt":{"rendered":"<p>Zur\u00fcck zur Startseite Seitenbewertung Seaporn Seaporn.org SeaPorn.org wird dich mit den folgenden Worten willkommen hei\u00dfen:\u201cder revolution\u00e4re Multihoster der die Art des Herunterladens geformt hat, tritt ins Rampenlicht und ist bereit f\u00fcr neue Herausforderungen\u201c und du wirst glauben, dass sie wirklich \u00fcber sich selbst reden. Das tun sie nicht, sie sprechen \u00fcber einen Partner. Verwirrend oder? <a href='https:\/\/www.thepornlist.net\/de\/porn-blog-sites\/seaporn\/' class='excerpt-more'>[&#8230;]<\/a><\/p>\n","protected":false},"author":1,"featured_media":0,"parent":10476,"menu_order":29210,"comment_status":"closed","ping_status":"closed","template":"0-autofill-tpl-template.php","meta":{"_acf_changed":false,"footnotes":""},"tags":[],"acf":[],"aioseo_notices":[],"_links":{"self":[{"href":"https:\/\/www.thepornlist.net\/de\/wp-json\/wp\/v2\/pages\/10417"}],"collection":[{"href":"https:\/\/www.thepornlist.net\/de\/wp-json\/wp\/v2\/pages"}],"about":[{"href":"https:\/\/www.thepornlist.net\/de\/wp-json\/wp\/v2\/types\/page"}],"author":[{"embeddable":true,"href":"https:\/\/www.thepornlist.net\/de\/wp-json\/wp\/v2\/users\/1"}],"replies":[{"embeddable":true,"href":"https:\/\/www.thepornlist.net\/de\/wp-json\/wp\/v2\/comments?post=10417"}],"version-history":[{"count":0,"href":"https:\/\/www.thepornlist.net\/de\/wp-json\/wp\/v2\/pages\/10417\/revisions"}],"up":[{"embeddable":true,"href":"https:\/\/www.thepornlist.net\/de\/wp-json\/wp\/v2\/pages\/10476"}],"wp:attachment":[{"href":"https:\/\/www.thepornlist.net\/de\/wp-json\/wp\/v2\/media?parent=10417"}],"wp:term":[{"taxonomy":"post_tag","embeddable":true,"href":"https:\/\/www.thepornlist.net\/de\/wp-json\/wp\/v2\/tags?post=10417"}],"curies":[{"name":"wp","href":"https:\/\/api.w.org\/{rel}","templated":true}]}}