{"id":10418,"date":"2015-08-07T12:06:35","date_gmt":"2015-08-07T12:06:35","guid":{"rendered":"https:\/\/www.thepornlist.net\/de\/pornorips\/"},"modified":"2023-06-30T10:01:47","modified_gmt":"2023-06-30T10:01:47","slug":"pornorips","status":"publish","type":"page","link":"https:\/\/www.thepornlist.net\/de\/porn-blog-sites\/pornorips\/","title":{"rendered":"Pornorips"},"content":{"rendered":"<div class=\"pb\">\n<div class=\"hd\">\n<a href=\"https:\/\/www.thepornlist.net\/de\/\" base target=\"_self\" rel=\"noopener\">Zur\u00fcck zur Startseite<\/a>\n<\/div>\n<div class=\"hd2\">\n<span style=\"font-style:normal;font-weight:bold;\">Seitenbewertung<\/span>\n<\/div>\n<\/div>\n<div style=\"width:100%; margin-left:auto; margin-right:auto; clear:both;z-index:1; padding-top:5px; border-radius: 2px;\">\n<div class=\"reviewimg\">\n<p><a href=\"http:\/\/www.Pornorips.com\/\" base target=\"_self\" rel=\"noopener\"><img decoding=\"async\" src=\"https:\/\/www.thepornlist.net\/wp-content\/uploads\/2015\/review\/pornorips.jpg\" width=\"500\" height=\"500\" alt=\"Porn Tube\"><\/a><\/p>\n<\/div>\n<div class=\"reviewtitle\">\n<h1 style=\"font-family:Arial;font-size:56px;font-style:normal;font-weight:bold;color:#FF1F78;\">Pornorips<\/h1>\n<\/div>\n<div class=\"reviewsub\">\n<h2 style=\"font-size:14px;font-style:normal;font-weight:bold;\">Pornorips.com<\/H2>\n<\/div>\n<div class=\"reviewtext\">\n<span style=\"font-size:16px;font-style:normal;\">Dein t\u00e4glicher gratis Porno wartet bei PornoRips.com auf dich. Lass dich \u00fcberraschen! Diese Webseite ist voll von Inhalten, alle sind kostenlos von 1080p Videos bis hin zu Amateur Inhalten kannst du alles finden, was du dir \u00fcberhaupt vorstellen kannst. <\/br><\/p>\n<p>Die Navigationsleiste wird dir den Zugang zu XXX Videos XXX Filmen, Webseiten und Pornostars zeigen. Es gibt sogar einen RSS Feed falls du alle Neuerscheinungen sehen willst. <\/br><br \/>\nWenn du dich f\u00fcr einen Rundgang bei den Webseiten entscheidest, wirst du Inhalte beliebter Zahlseiten zu sehen bekommen so wie CumBang, CasualTeenSex, Brazzers und viele andere. Alles, was du siehst, kannst du auch herunterladen und du wirst f\u00fcr alles den entsprechenden Download Link finden.  Werden dich zu einer externen Hosting Webseite weiterleiten. F\u00fcr Downloads in langsamer Geschwindigkeit und geringe Mengen an Pornos kannst du den kostenlosen Account nutzen, f\u00fcr den du dich bei den Hosting Plattformen registrieren musst. Aber um eine vern\u00fcnftige Geschwindigkeit und gro\u00dfe Mengen an Material zu bekommen, wirst du eine bezahlte Mitgliedschaft ben\u00f6tigen. <\/br><\/p>\n<p>Auf PornoRips.com wirst du Nischen wie Amateur, BDSM, hardcore, Lesben und Teenager finden. Du kannst auch HD Videos, deutsche Sammlungen, russische Sammlungen, Kitzelvideos. Filme in voller L\u00e4nge und Vintage und klassische Clips downloaden.<br \/>\n<\/span>\n<\/div>\n<div class=\"reviewsiteurl\">\n<a href=\"http:\/\/www.Pornorips.com\/\" base target=\"_self\" rel=\"noopener\"><span style=\"font-size:32px;font-style:normal;font-weight:bold;text-decoration:underline;\">Hier klicken, um die webseite zu besuchen <\/span><\/a>\n<\/div>\n<\/div>\n","protected":false},"excerpt":{"rendered":"<p>Zur\u00fcck zur Startseite Seitenbewertung Pornorips Pornorips.com Dein t\u00e4glicher gratis Porno wartet bei PornoRips.com auf dich. Lass dich \u00fcberraschen! Diese Webseite ist voll von Inhalten, alle sind kostenlos von 1080p Videos bis hin zu Amateur Inhalten kannst du alles finden, was du dir \u00fcberhaupt vorstellen kannst. Die Navigationsleiste wird dir den Zugang zu XXX Videos XXX <a href='https:\/\/www.thepornlist.net\/de\/porn-blog-sites\/pornorips\/' class='excerpt-more'>[&#8230;]<\/a><\/p>\n","protected":false},"author":1,"featured_media":0,"parent":10476,"menu_order":16930,"comment_status":"closed","ping_status":"closed","template":"0-autofill-tpl-template.php","meta":{"_acf_changed":false,"footnotes":""},"tags":[],"acf":[],"aioseo_notices":[],"_links":{"self":[{"href":"https:\/\/www.thepornlist.net\/de\/wp-json\/wp\/v2\/pages\/10418"}],"collection":[{"href":"https:\/\/www.thepornlist.net\/de\/wp-json\/wp\/v2\/pages"}],"about":[{"href":"https:\/\/www.thepornlist.net\/de\/wp-json\/wp\/v2\/types\/page"}],"author":[{"embeddable":true,"href":"https:\/\/www.thepornlist.net\/de\/wp-json\/wp\/v2\/users\/1"}],"replies":[{"embeddable":true,"href":"https:\/\/www.thepornlist.net\/de\/wp-json\/wp\/v2\/comments?post=10418"}],"version-history":[{"count":0,"href":"https:\/\/www.thepornlist.net\/de\/wp-json\/wp\/v2\/pages\/10418\/revisions"}],"up":[{"embeddable":true,"href":"https:\/\/www.thepornlist.net\/de\/wp-json\/wp\/v2\/pages\/10476"}],"wp:attachment":[{"href":"https:\/\/www.thepornlist.net\/de\/wp-json\/wp\/v2\/media?parent=10418"}],"wp:term":[{"taxonomy":"post_tag","embeddable":true,"href":"https:\/\/www.thepornlist.net\/de\/wp-json\/wp\/v2\/tags?post=10418"}],"curies":[{"name":"wp","href":"https:\/\/api.w.org\/{rel}","templated":true}]}}