{"id":10420,"date":"2015-08-07T11:23:50","date_gmt":"2015-08-07T11:23:50","guid":{"rendered":"https:\/\/www.thepornlist.net\/de\/porn-tube-sites\/boysfood\/"},"modified":"2019-05-23T12:56:47","modified_gmt":"2019-05-23T12:56:47","slug":"boysfood","status":"publish","type":"page","link":"https:\/\/www.thepornlist.net\/de\/porn-tube-sites\/boysfood\/","title":{"rendered":"Boysfood"},"content":{"rendered":"<div class=\"pb\">\n<div class=\"hd\">\n<a href=\"https:\/\/www.thepornlist.net\/de\/\" base target=\"_self\">Zur\u00fcck zur Startseite<\/a>\n<\/div>\n<div class=\"hd2\">\n<span style=\"font-style:normal;font-weight:bold;\">Seitenbewertung<\/span>\n<\/div>\n<\/div>\n<div style=\"width:100%; margin-left:auto; margin-right:auto; clear:both;z-index:1; padding-top:5px; border-radius: 2px;\">\n<div class=\"reviewimg\">\n<p><a href=\"http:\/\/www.Boysfood.com\/\" base target=\"_self\"><img decoding=\"async\" src=\"https:\/\/www.thepornlist.net\/wp-content\/uploads\/2015\/review\/boysfood.jpg\" width=\"500\" height=\"500\" alt=\"Porn Tube\"><\/a><\/p>\n<\/div>\n<div class=\"reviewtitle\">\n<h1 style=\"font-family:Arial;font-size:56px;font-style:normal;font-weight:bold;color:#FF1F78;\">Boysfood<\/h1>\n<\/div>\n<div class=\"reviewsub\">\n<h2 style=\"font-size:14px;font-style:normal;font-weight:bold;\">Boysfood.com<\/H2>\n<\/div>\n<div class=\"reviewtext\">\n<span style=\"font-size:16px;font-style:normal;\">BoysFood wird dich ein bisschen zum Gr\u00fcbeln bringen wenn du die Homepage zum ersten mal besuchst, denn du wirst nicht sicher sein ob du bei einer Porno Tube oder auf einer Videochat Webcam Plattform bist. Ich werde dir erz\u00e4hlen, wo du bist: du bist bei einer Porno Tube, die eine Menge von Bannern mit Werbung von einer Cam Seite hat. Keine Panik, alles ist unter Kontrolle, sie sind Partner und wenn du von all diesen kostenlosen Porno Videos gelangweilt sein solltest, kannst du ihren Cam Bruder ausprobieren um ein bisschen Geld auszugeben. <\/br><\/p>\n<p>BoysFood.com arbeitet wie eine Standard Porno Tube und gibt dir t\u00e4glich Zugang zu neuem Inhalt f\u00fcr Erwachsene. F\u00fcr jedes Video hast du Vorschaubilder, die L\u00e4nge des Videos und den Titel. Wenn du auf irgendein Vorschaubild klickst, kommst du zu der Seite mit dem Videoplayer wo du dann die Beschreibung der Szene, die du zu sehen bekommst, findest. Hier sind auch die Optionen wie Bewertungen, Kommentar hinterlassen oder eine Playlist hinzuzuf\u00fcgen, aber du musst dich zu einem kostenlosen Account anmelden um in der Lage zu sein, diese Form der Interaktion mit der Porno Industrie nutzen zu k\u00f6nnen.<br \/>\n<\/span>\n<\/div>\n<div class=\"reviewsiteurl\">\n<a href=\"http:\/\/www.Boysfood.com\/\" base target=\"_self\"><span style=\"font-size:32px;font-style:normal;font-weight:bold;text-decoration:underline;\">Hier klicken, um die webseite zu besuchen <\/span><\/a>\n<\/div>\n<\/div>\n","protected":false},"excerpt":{"rendered":"<p>Zur\u00fcck zur Startseite Seitenbewertung Boysfood Boysfood.com BoysFood wird dich ein bisschen zum Gr\u00fcbeln bringen wenn du die Homepage zum ersten mal besuchst, denn du wirst nicht sicher sein ob du bei einer Porno Tube oder auf einer Videochat Webcam Plattform bist. Ich werde dir erz\u00e4hlen, wo du bist: du bist bei einer Porno Tube, die <a href='https:\/\/www.thepornlist.net\/de\/porn-tube-sites\/boysfood\/' class='excerpt-more'>[&#8230;]<\/a><\/p>\n","protected":false},"author":1,"featured_media":0,"parent":9407,"menu_order":46970,"comment_status":"closed","ping_status":"closed","template":"0-autofill-tpl-template.php","meta":{"_acf_changed":false,"footnotes":""},"tags":[],"acf":[],"aioseo_notices":[],"_links":{"self":[{"href":"https:\/\/www.thepornlist.net\/de\/wp-json\/wp\/v2\/pages\/10420"}],"collection":[{"href":"https:\/\/www.thepornlist.net\/de\/wp-json\/wp\/v2\/pages"}],"about":[{"href":"https:\/\/www.thepornlist.net\/de\/wp-json\/wp\/v2\/types\/page"}],"author":[{"embeddable":true,"href":"https:\/\/www.thepornlist.net\/de\/wp-json\/wp\/v2\/users\/1"}],"replies":[{"embeddable":true,"href":"https:\/\/www.thepornlist.net\/de\/wp-json\/wp\/v2\/comments?post=10420"}],"version-history":[{"count":0,"href":"https:\/\/www.thepornlist.net\/de\/wp-json\/wp\/v2\/pages\/10420\/revisions"}],"up":[{"embeddable":true,"href":"https:\/\/www.thepornlist.net\/de\/wp-json\/wp\/v2\/pages\/9407"}],"wp:attachment":[{"href":"https:\/\/www.thepornlist.net\/de\/wp-json\/wp\/v2\/media?parent=10420"}],"wp:term":[{"taxonomy":"post_tag","embeddable":true,"href":"https:\/\/www.thepornlist.net\/de\/wp-json\/wp\/v2\/tags?post=10420"}],"curies":[{"name":"wp","href":"https:\/\/api.w.org\/{rel}","templated":true}]}}