{"id":10421,"date":"2015-08-07T11:04:54","date_gmt":"2015-08-07T11:04:54","guid":{"rendered":"https:\/\/www.thepornlist.net\/de\/porn-tube-sites\/porndoe\/"},"modified":"2019-05-23T12:57:50","modified_gmt":"2019-05-23T12:57:50","slug":"porndoe","status":"publish","type":"page","link":"https:\/\/www.thepornlist.net\/de\/porn-tube-sites\/porndoe\/","title":{"rendered":"Porndoe"},"content":{"rendered":"<div class=\"pb\">\n<div class=\"hd\">\n<a href=\"https:\/\/www.thepornlist.net\/de\/\" base target=\"_self\">Zur\u00fcck zur Startseite<\/a>\n<\/div>\n<div class=\"hd2\">\n<span style=\"font-style:normal;font-weight:bold;\">Seitenbewertung<\/span>\n<\/div>\n<\/div>\n<div style=\"width:100%; margin-left:auto; margin-right:auto; clear:both;z-index:1; padding-top:5px; border-radius: 2px;\">\n<div class=\"reviewimg\">\n<p><a href=\"http:\/\/www.Porndoe.com\/\" base target=\"_self\"><img decoding=\"async\" src=\"https:\/\/www.thepornlist.net\/wp-content\/uploads\/2015\/review\/porndoe.jpg\" width=\"500\" height=\"500\" alt=\"Porn Tube\"><\/a><\/p>\n<\/div>\n<div class=\"reviewtitle\">\n<h1 style=\"font-family:Arial;font-size:56px;font-style:normal;font-weight:bold;color:#FF1F78;\">Porndoe<\/h1>\n<\/div>\n<div class=\"reviewsub\">\n<h2 style=\"font-size:14px;font-style:normal;font-weight:bold;\">Porndoe.com<\/H2>\n<\/div>\n<div class=\"reviewtext\">\n<span style=\"font-size:16px;font-style:normal;\">Wenn du die Pornotuben aufz\u00e4hlst, auf die du durch eine einfache Suche bei der Suchmaschine Google treffen wirst, wirst du \u00fcberrascht sein, dass es im wahrsten Sinn des Wortes Hunderte von ihnen gibt. Bei jeder wirst du ein spezielles Design, spezielle Angebote oder ein speziellen Inhalt finden damit sie dich zu ihren dauerhaften Besuchern z\u00e4hlen k\u00f6nnen. <\/br><\/p>\n<p>PornDoe.com ist auch eine Porno Tube, die ein gro\u00dfartiges Design hat und schon das macht sie zu einer der besten Porno Tuben, auf die ich je gesto\u00dfen bin. Das Layout ist der Hit und bei einem schnellen Blick sieht man, dass es viele Videos im HD Format gibt, wenn nicht sogar die meisten. <\/br><\/p>\n<p>Sobald du zu PornDoe kommst wirst du die Porno Videos sehen, die k\u00fcrzlich hinzugef\u00fcgt wurden und dass gro\u00dfe Vorschaubilder deine Augen in Sekundenschnelle gefangen nehmen. Die Liste mit den Kategorien ist auf der linken Seite und du wirst dort alles haben, was du brauchst: Amateur, anal, gro\u00dfe Titten, bisexuell, blond, Blowjob, Doppelpenetration, f\u00fcr Frauen, Handjob und nat\u00fcrlich Hentai. Du irrst dich wenn du glaubst, du h\u00e4ttest die komplette Kategorieliste vor Augen. Dr\u00fccke auf  \u201eALLE Kategorien sehen\u201c und \u00dcberraschung \u2013 der Porno Himmel ist auf deinem MacBook Air.<br \/>\n<\/span>\n<\/div>\n<div class=\"reviewsiteurl\">\n<a href=\"http:\/\/www.Porndoe.com\/\" base target=\"_self\"><span style=\"font-size:32px;font-style:normal;font-weight:bold;text-decoration:underline;\">Hier klicken, um die webseite zu besuchen <\/span><\/a>\n<\/div>\n<\/div>\n","protected":false},"excerpt":{"rendered":"<p>Zur\u00fcck zur Startseite Seitenbewertung Porndoe Porndoe.com Wenn du die Pornotuben aufz\u00e4hlst, auf die du durch eine einfache Suche bei der Suchmaschine Google treffen wirst, wirst du \u00fcberrascht sein, dass es im wahrsten Sinn des Wortes Hunderte von ihnen gibt. Bei jeder wirst du ein spezielles Design, spezielle Angebote oder ein speziellen Inhalt finden damit sie <a href='https:\/\/www.thepornlist.net\/de\/porn-tube-sites\/porndoe\/' class='excerpt-more'>[&#8230;]<\/a><\/p>\n","protected":false},"author":1,"featured_media":0,"parent":9407,"menu_order":43330,"comment_status":"closed","ping_status":"closed","template":"0-autofill-tpl-template.php","meta":{"_acf_changed":false,"footnotes":""},"tags":[],"acf":[],"aioseo_notices":[],"_links":{"self":[{"href":"https:\/\/www.thepornlist.net\/de\/wp-json\/wp\/v2\/pages\/10421"}],"collection":[{"href":"https:\/\/www.thepornlist.net\/de\/wp-json\/wp\/v2\/pages"}],"about":[{"href":"https:\/\/www.thepornlist.net\/de\/wp-json\/wp\/v2\/types\/page"}],"author":[{"embeddable":true,"href":"https:\/\/www.thepornlist.net\/de\/wp-json\/wp\/v2\/users\/1"}],"replies":[{"embeddable":true,"href":"https:\/\/www.thepornlist.net\/de\/wp-json\/wp\/v2\/comments?post=10421"}],"version-history":[{"count":0,"href":"https:\/\/www.thepornlist.net\/de\/wp-json\/wp\/v2\/pages\/10421\/revisions"}],"up":[{"embeddable":true,"href":"https:\/\/www.thepornlist.net\/de\/wp-json\/wp\/v2\/pages\/9407"}],"wp:attachment":[{"href":"https:\/\/www.thepornlist.net\/de\/wp-json\/wp\/v2\/media?parent=10421"}],"wp:term":[{"taxonomy":"post_tag","embeddable":true,"href":"https:\/\/www.thepornlist.net\/de\/wp-json\/wp\/v2\/tags?post=10421"}],"curies":[{"name":"wp","href":"https:\/\/api.w.org\/{rel}","templated":true}]}}