{"id":10422,"date":"2015-08-07T10:57:07","date_gmt":"2015-08-07T10:57:07","guid":{"rendered":"https:\/\/www.thepornlist.net\/de\/porn-tube-sites\/hoodamateurs\/"},"modified":"2019-05-23T12:57:00","modified_gmt":"2019-05-23T12:57:00","slug":"hoodamateurs","status":"publish","type":"page","link":"https:\/\/www.thepornlist.net\/de\/porn-tube-sites\/hoodamateurs\/","title":{"rendered":"Hoodamateurs"},"content":{"rendered":"<div class=\"pb\">\n<div class=\"hd\">\n<a href=\"https:\/\/www.thepornlist.net\/de\/\" base target=\"_self\">Zur\u00fcck zur Startseite<\/a>\n<\/div>\n<div class=\"hd2\">\n<span style=\"font-style:normal;font-weight:bold;\">Seitenbewertung<\/span>\n<\/div>\n<\/div>\n<div style=\"width:100%; margin-left:auto; margin-right:auto; clear:both;z-index:1; padding-top:5px; border-radius: 2px;\">\n<div class=\"reviewimg\">\n<p><a href=\"http:\/\/www.Hoodamateurs.com\/\" base target=\"_self\"><img decoding=\"async\" src=\"https:\/\/www.thepornlist.net\/wp-content\/uploads\/2015\/review\/hoodamateurs.jpg\" width=\"500\" height=\"500\" alt=\"Porn Tube\"><\/a><\/p>\n<\/div>\n<div class=\"reviewtitle\">\n<h1 style=\"font-family:Arial;font-size:56px;font-style:normal;font-weight:bold;color:#FF1F78;\">Hoodamateurs<\/h1>\n<\/div>\n<div class=\"reviewsub\">\n<h2 style=\"font-size:14px;font-style:normal;font-weight:bold;\">Hoodamateurs.com<\/H2>\n<\/div>\n<div class=\"reviewtext\">\n<span style=\"font-size:16px;font-style:normal;\">Willkommen im Porno Ghetto! Ich glaube zwar nicht, dass du 2Pac irgendwo hier finden wirst, wie er gerade einen geilen Ebony Arsch bumst, aber sicherlich wirst du eine Menge Frauen finden, die denen aus seinen Clips sehr \u00e4hnlich sind. <\/br><\/p>\n<p>HoodAmateurs ist eine Porno Tube, die echten schwarzen Amateur Pornos gewidmet ist. Selbst wenn sie ihren eigenen Inhalt f\u00fcr Erwachsene hosten, wirst du all die Banner, die es hier gibt, ein bisschen st\u00f6rend empfinden. Aber da es ein Ort ist, der eine Nische erforscht, die im Moment in der Porno Industrie nicht sehr weiter entwickelt wird, wirst du dich daran gew\u00f6hnen m\u00fcssen um deine Lieblingspornos sehen zu k\u00f6nnen. <\/br><\/p>\n<p>Die Kategorie Seite wird dir nur eine sehr kleine Liste zeigen, aber die Titel sind mehr als anziehend: interracial, Amateur Porno, BBW Sexvideos, Amateur Sexvideos, Amateur Blowjobs und schwarze Pornos. Was brauchst du sonst noch? <\/br><\/p>\n<p>Du kannst sogar deine eigenen schwarzen Sachen bei HoodAmateurs.com updaten und daf\u00fcr \u2013 \u00dcberraschung \u2013 brauchst du keinen Account. Du ben\u00f6tigst eine kostenlose Mitgliedschaft um Kommentare zu hinterlassen oder um Videos zu bewerten. Du brauchst keine Art der Registrierung um dir die Porno Clips anzuschauen.<br \/>\n<\/span>\n<\/div>\n<div class=\"reviewsiteurl\">\n<a href=\"http:\/\/www.Hoodamateurs.com\/\" base target=\"_self\"><span style=\"font-size:32px;font-style:normal;font-weight:bold;text-decoration:underline;\">Hier klicken, um die webseite zu besuchen <\/span><\/a>\n<\/div>\n<\/div>\n","protected":false},"excerpt":{"rendered":"<p>Zur\u00fcck zur Startseite Seitenbewertung Hoodamateurs Hoodamateurs.com Willkommen im Porno Ghetto! Ich glaube zwar nicht, dass du 2Pac irgendwo hier finden wirst, wie er gerade einen geilen Ebony Arsch bumst, aber sicherlich wirst du eine Menge Frauen finden, die denen aus seinen Clips sehr \u00e4hnlich sind. HoodAmateurs ist eine Porno Tube, die echten schwarzen Amateur Pornos <a href='https:\/\/www.thepornlist.net\/de\/porn-tube-sites\/hoodamateurs\/' class='excerpt-more'>[&#8230;]<\/a><\/p>\n","protected":false},"author":1,"featured_media":0,"parent":9407,"menu_order":46990,"comment_status":"closed","ping_status":"closed","template":"0-autofill-tpl-template.php","meta":{"_acf_changed":false,"footnotes":""},"tags":[],"acf":[],"aioseo_notices":[],"_links":{"self":[{"href":"https:\/\/www.thepornlist.net\/de\/wp-json\/wp\/v2\/pages\/10422"}],"collection":[{"href":"https:\/\/www.thepornlist.net\/de\/wp-json\/wp\/v2\/pages"}],"about":[{"href":"https:\/\/www.thepornlist.net\/de\/wp-json\/wp\/v2\/types\/page"}],"author":[{"embeddable":true,"href":"https:\/\/www.thepornlist.net\/de\/wp-json\/wp\/v2\/users\/1"}],"replies":[{"embeddable":true,"href":"https:\/\/www.thepornlist.net\/de\/wp-json\/wp\/v2\/comments?post=10422"}],"version-history":[{"count":0,"href":"https:\/\/www.thepornlist.net\/de\/wp-json\/wp\/v2\/pages\/10422\/revisions"}],"up":[{"embeddable":true,"href":"https:\/\/www.thepornlist.net\/de\/wp-json\/wp\/v2\/pages\/9407"}],"wp:attachment":[{"href":"https:\/\/www.thepornlist.net\/de\/wp-json\/wp\/v2\/media?parent=10422"}],"wp:term":[{"taxonomy":"post_tag","embeddable":true,"href":"https:\/\/www.thepornlist.net\/de\/wp-json\/wp\/v2\/tags?post=10422"}],"curies":[{"name":"wp","href":"https:\/\/api.w.org\/{rel}","templated":true}]}}