{"id":10425,"date":"2015-08-06T09:24:23","date_gmt":"2015-08-06T09:24:23","guid":{"rendered":"https:\/\/www.thepornlist.net\/de\/porn-tube-sites\/homemoviestube\/"},"modified":"2019-05-23T12:56:34","modified_gmt":"2019-05-23T12:56:34","slug":"homemoviestube","status":"publish","type":"page","link":"https:\/\/www.thepornlist.net\/de\/porn-tube-sites\/homemoviestube\/","title":{"rendered":"Homemoviestube"},"content":{"rendered":"<div class=\"pb\">\n<div class=\"hd\">\n<a href=\"https:\/\/www.thepornlist.net\/de\/\" base target=\"_self\">Zur\u00fcck zur Startseite<\/a>\n<\/div>\n<div class=\"hd2\">\n<span style=\"font-style:normal;font-weight:bold;\">Seitenbewertung<\/span>\n<\/div>\n<\/div>\n<div style=\"width:100%; margin-left:auto; margin-right:auto; clear:both;z-index:1; padding-top:5px; border-radius: 2px;\">\n<div class=\"reviewimg\">\n<p><a href=\"http:\/\/www.Homemoviestube.com\/\" rel=\"nofollow\" base target=\"_self\"><img decoding=\"async\" src=\"https:\/\/www.thepornlist.net\/wp-content\/uploads\/2015\/review\/homemoviestube.jpg\" width=\"500\" height=\"500\" alt=\"Porn Tube\"><\/a><\/p>\n<\/div>\n<div class=\"reviewtitle\">\n<h1 style=\"font-family:Arial;font-size:56px;font-style:normal;font-weight:bold;color:#FF1F78;\">Homemoviestube<\/h1>\n<\/div>\n<div class=\"reviewsub\">\n<h2 style=\"font-size:14px;font-style:normal;font-weight:bold;\">Homemoviestube.com<\/H2>\n<\/div>\n<div class=\"reviewtext\">\n<span style=\"font-size:16px;font-style:normal;\">Das K\u00f6nigreich der Amateur Pornos liegt direkt vor deinen Augen \u2013 HomeMoviesTube.com! Mit einigen tausend Videos, die auf einer Porno Tuben Plattform liegen, wird dir diese Webseite nur die beste selbstgedrehte Pornografie liefern. <\/br><\/p>\n<p>Selbst wenn das Design der Tube nicht das Sch\u00f6nste ist, hat es eine sehr leicht zu bedienende Oberfl\u00e4che und alles, was du brauchst, hast du mit einem Klick. Du kannst dein Rennen auf dieser Webseite damit starten, dass du die Video Rangliste benutzt \u2013 Top bewertet, meist gesehen, l\u00e4ngste und beliebteste \u2013 oder du kannst mit den Kan\u00e4len \/ Kategorien beginnen \u2013 anal, asiatisch, br\u00fcnett, Sammlungen, Creampie, Cuckold, Freundin oder Gruppensex.<br \/>\n<\/br><br \/>\nEine sehr interessante M\u00f6glichkeit auf dieser Webseite ist die Tatsache, dass du herausfinden kannst welche Kategorie heute am meisten gesehen wurde. Es ist nett zu sehen, was andere Leute sich am liebsten anschauen wenn es um Pornografie geht. <\/br><\/p>\n<p>F\u00fcr jede Auswahl, die du von den Seiten mit den Filtern triffst, wirst du die Anzahl der verf\u00fcgbaren Videos sehen k\u00f6nnen \u2013 zum Beispiel hat die Kategorie \u201eCumshot\u201c 14.896 Porno Videos. HomeMoviesTube hat Tausende von Clips, die dazu bereit sind dich auf einen Trip ins gelobe Land der Pornos mitzunehmen! Hast dud eine Fahrkarte gekauft? Nein, denn es ist gratis!<br \/>\n<\/span>\n<\/div>\n<div class=\"reviewsiteurl\">\n<a href=\"http:\/\/www.Homemoviestube.com\/\" rel=\"nofollow\" base target=\"_self\"><span style=\"font-size:32px;font-style:normal;font-weight:bold;text-decoration:underline;\">Hier klicken, um die webseite zu besuchen <\/span><\/a>\n<\/div>\n<\/div>\n","protected":false},"excerpt":{"rendered":"<p>Zur\u00fcck zur Startseite Seitenbewertung Homemoviestube Homemoviestube.com Das K\u00f6nigreich der Amateur Pornos liegt direkt vor deinen Augen \u2013 HomeMoviesTube.com! Mit einigen tausend Videos, die auf einer Porno Tuben Plattform liegen, wird dir diese Webseite nur die beste selbstgedrehte Pornografie liefern. Selbst wenn das Design der Tube nicht das Sch\u00f6nste ist, hat es eine sehr leicht zu <a href='https:\/\/www.thepornlist.net\/de\/porn-tube-sites\/homemoviestube\/' class='excerpt-more'>[&#8230;]<\/a><\/p>\n","protected":false},"author":1,"featured_media":0,"parent":9407,"menu_order":46930,"comment_status":"closed","ping_status":"closed","template":"0-autofill-tpl-template.php","meta":{"_acf_changed":false,"footnotes":""},"tags":[],"acf":[],"aioseo_notices":[],"_links":{"self":[{"href":"https:\/\/www.thepornlist.net\/de\/wp-json\/wp\/v2\/pages\/10425"}],"collection":[{"href":"https:\/\/www.thepornlist.net\/de\/wp-json\/wp\/v2\/pages"}],"about":[{"href":"https:\/\/www.thepornlist.net\/de\/wp-json\/wp\/v2\/types\/page"}],"author":[{"embeddable":true,"href":"https:\/\/www.thepornlist.net\/de\/wp-json\/wp\/v2\/users\/1"}],"replies":[{"embeddable":true,"href":"https:\/\/www.thepornlist.net\/de\/wp-json\/wp\/v2\/comments?post=10425"}],"version-history":[{"count":0,"href":"https:\/\/www.thepornlist.net\/de\/wp-json\/wp\/v2\/pages\/10425\/revisions"}],"up":[{"embeddable":true,"href":"https:\/\/www.thepornlist.net\/de\/wp-json\/wp\/v2\/pages\/9407"}],"wp:attachment":[{"href":"https:\/\/www.thepornlist.net\/de\/wp-json\/wp\/v2\/media?parent=10425"}],"wp:term":[{"taxonomy":"post_tag","embeddable":true,"href":"https:\/\/www.thepornlist.net\/de\/wp-json\/wp\/v2\/tags?post=10425"}],"curies":[{"name":"wp","href":"https:\/\/api.w.org\/{rel}","templated":true}]}}